{"id":3108,"date":"2024-05-08T16:38:37","date_gmt":"2024-05-08T16:38:37","guid":{"rendered":"https:\/\/www.flybyschool.com\/unsere-geschichte\/"},"modified":"2025-11-24T15:29:40","modified_gmt":"2025-11-24T15:29:40","slug":"unsere-geschichte","status":"publish","type":"page","link":"https:\/\/www.flybyschool.com\/de\/unsere-geschichte\/","title":{"rendered":"Unsere Geschichte"},"content":{"rendered":"<div class=\"wpb-content-wrapper\">[vc_row full_width=&#8220;stretch_row_content&#8220; content_placement=&#8220;bottom&#8220; full_height=&#8220;yes&#8220; columns_placement=&#8220;bottom&#8220; remove_bottom_col_margin=&#8220;true&#8220; typography_style=&#8220;white-shadow&#8220; wpex_post_thumbnail_bg=&#8220;true&#8220; css=&#8220;.vc_custom_1717593042557{background-image: url(https:\/\/www.flybyschool.com\/wp-content\/uploads\/2024\/05\/agentes-banner.jpg?id=809) !important;background-position: center !important;background-repeat: no-repeat !important;background-size: cover !important;}&#8220; wpex_bg_position=&#8220;center center&#8220;][vc_column css_animation=&#8220;fadeInLeft&#8220; wpex_featured_bg_image=&#8220;true&#8220; wpex_fixed_bg=&#8220;fixed&#8220; css=&#8220;.vc_custom_1717593061541{background-image: url(https:\/\/www.flybyschool.com\/wp-content\/uploads\/2024\/04\/blue-shapes.png?id=145) !important;background-position: 0 0 !important;background-repeat: no-repeat !important;}&#8220; wpex_bg_size=&#8220;1012px 700px&#8220; wpex_bg_position=&#8220;left bottom&#8220;]<style>.vcex-heading.vcex_69f3113fc62af{color:#ffffff;font-size:42px;font-weight:700;}@media (max-width:767px){.vcex-heading.vcex_69f3113fc62af{font-size:30px;}}<\/style><h1 class=\"vcex-heading vcex-heading-plain vcex-module wpex-heading wpex-text-2xl wpex-p-40 vc_custom_1717593020602 vcex_69f3113fc62af\"><span class=\"vcex-heading-inner wpex-inline-block\">Unsere Geschichte<br \/>\n\u00fcber FlyBy<\/span><\/h1>[\/vc_column][\/vc_row][vc_row css=&#8220;.vc_custom_1716620804334{margin-top: 60px !important;}&#8220;][vc_column width=&#8220;1\/2&#8243;]<style>.vcex-heading.vcex_69f3113fc6dea{color:#00205b;font-size:22px;font-weight:700;}<\/style><div class=\"vcex-heading vcex-heading-plain vcex-module wpex-heading wpex-text-2xl vc_custom_1716620629761 vcex_69f3113fc6dea\"><span class=\"vcex-heading-inner wpex-inline-block\">Geschichte und Urspr\u00fcnge<\/span><\/div>[vc_column_text]FlyBy wurde 2008 in Bilbao, im Norden Spaniens, gegr\u00fcndet. Urspr\u00fcnglich von zwei Piloten gegr\u00fcndet, die ihre bisherigen Erfahrungen in der Ausbildung von Verkehrspiloten an einem gesch\u00e4ftigen Verkehrsflughafen wie Bilbao \u00fcbernahmen.<\/p>\n<p>Die Akademie erhielt schnell alle Genehmigungen zur Durchf\u00fchrung aller verschiedenen Schulungskurse, einschlie\u00dflich des EASA ATPL Integrated-Kurses.[\/vc_column_text]<div class=\"vcex-spacing wpex-w-100 wpex-clear\"><\/div><style>.vcex-heading.vcex_69f3113fc73d6{color:#00205b;font-size:22px;font-weight:700;}<\/style><div class=\"vcex-heading vcex-heading-plain vcex-module wpex-heading wpex-text-2xl vc_custom_1716621361532 vcex_69f3113fc73d6\"><span class=\"vcex-heading-inner wpex-inline-block\">Innovation und Wachstum<\/span><\/div>[vc_column_text]Im Jahr 2015 \u00fcbernahm ein neues Management die Leitung und setzte eine neue Vision um: einem internationalen Publikum eine erschwingliche Pilotenausbildung anzubieten, in der alles inklusive ist! Seitdem wurden mehr als 1.400 Flugsch\u00fclerinnen und-sch\u00fcler aus 111 verschiedenen Nationalit\u00e4ten ausgebildet.<\/p>\n<p>Die Flotte ist bis Ende 2024 von 3 Flugzeugen auf 45 angewachsen. Zus\u00e4tzlich wurden 3 Simulatoren hinzugef\u00fcgt. Die Schulungen werden derzeit vom Flughafen Burgos aus durchgef\u00fchrt, wo FlyBy mehr als 90 % des Betriebs ausmacht. Zur Unterst\u00fctzung des Wachstums wird in den kommenden Monaten eine dritte Basis er\u00f6ffnet.[\/vc_column_text]<div class=\"vcex-spacing wpex-w-100 wpex-clear\"><\/div><style>.vcex-heading.vcex_69f3113fc7945{color:#00205b;font-size:22px;font-weight:700;}<\/style><div class=\"vcex-heading vcex-heading-plain vcex-module wpex-heading wpex-text-2xl vc_custom_1716620755390 vcex_69f3113fc7945\"><span class=\"vcex-heading-inner wpex-inline-block\">Vision und Mission<\/span><\/div>[vc_column_text]FlyBy ist von 1 % des Marktanteils in Spanien auf 15 % im Jahr 2024 gestiegen.<\/p>\n<p>FlyBy plant weiter zu wachsen und seinen Studenten mehr und bessere Einrichtungen zur Verf\u00fcgung zu stellen.[\/vc_column_text]<div class=\"vcex-spacing wpex-w-100 wpex-clear\"><\/div><style>.vcex-image.vcex_69f3113fc808b .vcex-image-inner{max-width:400px;}.vcex-image.vcex_69f3113fc808b .vcex-image-img{height:180px;}<\/style><figure class=\"vcex-image vcex-module  wpb_animate_when_almost_visible wpb_fadeInLeftBig fadeInLeftBig vcex_69f3113fc808b\"><div class=\"vcex-image-inner wpex-relative wpex-inline-block\"><img width=\"600\" height=\"246\" src=\"https:\/\/www.flybyschool.com\/wp-content\/uploads\/2023\/12\/FlyBy-plane-transparent-600.png\" class=\"vcex-image-img wpex-align-middle wpex-object-scale-down\" alt=\"\" loading=\"lazy\" decoding=\"async\" srcset=\"https:\/\/www.flybyschool.com\/wp-content\/uploads\/2023\/12\/FlyBy-plane-transparent-600.png 600w, https:\/\/www.flybyschool.com\/wp-content\/uploads\/2023\/12\/FlyBy-plane-transparent-600-300x123.png 300w\" sizes=\"auto, (max-width: 600px) 100vw, 600px\" \/><\/div><\/figure>[\/vc_column][vc_column width=&#8220;1\/2&#8243;]<figure class=\"vcex-image vcex-module\"><div class=\"vcex-image-inner wpex-relative wpex-inline-block\"><img width=\"1600\" height=\"1067\" src=\"https:\/\/www.flybyschool.com\/wp-content\/uploads\/2024\/05\/matricularse.jpg\" class=\"vcex-image-img wpex-align-middle\" alt=\"\" loading=\"lazy\" decoding=\"async\" srcset=\"https:\/\/www.flybyschool.com\/wp-content\/uploads\/2024\/05\/matricularse.jpg 1600w, https:\/\/www.flybyschool.com\/wp-content\/uploads\/2024\/05\/matricularse-300x200.jpg 300w, https:\/\/www.flybyschool.com\/wp-content\/uploads\/2024\/05\/matricularse-1024x683.jpg 1024w, https:\/\/www.flybyschool.com\/wp-content\/uploads\/2024\/05\/matricularse-768x512.jpg 768w, https:\/\/www.flybyschool.com\/wp-content\/uploads\/2024\/05\/matricularse-1536x1024.jpg 1536w\" sizes=\"auto, (max-width: 1600px) 100vw, 1600px\" \/><\/div><\/figure><div class=\"vcex-spacing wpex-w-100 wpex-clear\"><\/div><figure class=\"vcex-image vcex-module\"><div class=\"vcex-image-inner wpex-relative wpex-inline-block\"><img width=\"1600\" height=\"864\" src=\"https:\/\/www.flybyschool.com\/wp-content\/uploads\/2024\/05\/la-flota.jpg\" class=\"vcex-image-img wpex-align-middle\" alt=\"\" loading=\"lazy\" decoding=\"async\" srcset=\"https:\/\/www.flybyschool.com\/wp-content\/uploads\/2024\/05\/la-flota.jpg 1600w, https:\/\/www.flybyschool.com\/wp-content\/uploads\/2024\/05\/la-flota-300x162.jpg 300w, https:\/\/www.flybyschool.com\/wp-content\/uploads\/2024\/05\/la-flota-1024x553.jpg 1024w, https:\/\/www.flybyschool.com\/wp-content\/uploads\/2024\/05\/la-flota-768x415.jpg 768w, https:\/\/www.flybyschool.com\/wp-content\/uploads\/2024\/05\/la-flota-1536x829.jpg 1536w\" sizes=\"auto, (max-width: 1600px) 100vw, 1600px\" \/><\/div><\/figure><div class=\"vcex-spacing wpex-w-100 wpex-clear\"><\/div><figure class=\"vcex-image vcex-module\"><div class=\"vcex-image-inner wpex-relative wpex-inline-block\"><img width=\"1200\" height=\"800\" src=\"https:\/\/www.flybyschool.com\/wp-content\/uploads\/2024\/05\/inauguracion_del_grado_en_piloto.jpg\" class=\"vcex-image-img wpex-align-middle\" alt=\"\" loading=\"lazy\" decoding=\"async\" srcset=\"https:\/\/www.flybyschool.com\/wp-content\/uploads\/2024\/05\/inauguracion_del_grado_en_piloto.jpg 1200w, https:\/\/www.flybyschool.com\/wp-content\/uploads\/2024\/05\/inauguracion_del_grado_en_piloto-300x200.jpg 300w, https:\/\/www.flybyschool.com\/wp-content\/uploads\/2024\/05\/inauguracion_del_grado_en_piloto-1024x683.jpg 1024w, https:\/\/www.flybyschool.com\/wp-content\/uploads\/2024\/05\/inauguracion_del_grado_en_piloto-768x512.jpg 768w\" sizes=\"auto, (max-width: 1200px) 100vw, 1200px\" \/><\/div><\/figure>[\/vc_column][\/vc_row][vc_row full_width=&#8220;stretch_row&#8220; content_placement=&#8220;middle&#8220; css=&#8220;.vc_custom_1716635110096{margin-bottom: 200px !important;padding-top: 100px !important;padding-bottom: 60px !important;background-color: #00205b !important;}&#8220;][vc_column]<style>.vcex-heading.vcex_69f3113fc9f0d{color:#ffffff;font-size:30px;font-weight:500;}<\/style><h2 class=\"vcex-heading vcex-heading-plain vcex-module wpex-heading wpex-text-2xl wpex-mb-10 vcex_69f3113fc9f0d\"><span class=\"vcex-heading-inner wpex-inline-block\"><strong>FlyBy<\/strong>-Gr\u00fcnder<\/span><\/h2>[vc_column_text color=&#8220;#ffffff&#8220;]Unsere Geschichte und der Traum, <strong>FlyBy<\/strong> zur weltweit ersten Luftfahrtakademie zu machen.[\/vc_column_text]<style> style=\"height:20px;\"<\/style><div class=\"vcex-spacing wpex-w-100 wpex-clear\" style=\"height:20px;\"><\/div><div class=\"vcex-grid-container vcex-module wpex-grid wpex-gap-20 wpex-grid-cols-1 wpex-lg-grid-cols-3\" style=\"gap:30px;\"><div class=\"vcex-module vcex-icon-box vcex-icon-box-one wpex-flex wpex-items-center wpex-shadow-2xl wpex-p-25 wpex-text-left\" style=\"background-color:#ffffff;border-radius:15px;\"><div class=\"vcex-icon-box-symbol wpex-flex-shrink-0 wpex-mr-20\"><img loading=\"lazy\" class=\"vcex-icon-box-image wpex-align-middle\" style=\"width:100px;border-radius:var(--wpex-rounded-full);\" decoding=\"async\" src=\"https:\/\/www.flybyschool.com\/wp-content\/uploads\/2024\/05\/oier-100x100.jpg\" alt=\"\" srcset=\"https:\/\/www.flybyschool.com\/wp-content\/uploads\/2024\/05\/oier-100x100.jpg 100w, https:\/\/www.flybyschool.com\/wp-content\/uploads\/2024\/05\/oier.jpg 150w\" width=\"100\" height=\"100\"><\/div><div class=\"vcex-icon-box-text wpex-flex-grow\"><h3 class=\"vcex-icon-box-heading wpex-heading\" style=\"font-size:1.2em;margin-bottom:5px;\">Oier Fernandez<\/h3><div class=\"vcex-icon-box-content wpex-last-mb-0 wpex-clr\"><p>Ausbildungsleiter von FlyBy<\/p>\n<\/div><\/div><\/div><\/div>[\/vc_column][\/vc_row]\n<\/div>","protected":false},"excerpt":{"rendered":"<p>[vc_row full_width=&#8220;stretch_row_content&#8220; content_placement=&#8220;bottom&#8220; full_height=&#8220;yes&#8220; columns_placement=&#8220;bottom&#8220; remove_bottom_col_margin=&#8220;true&#8220; typography_style=&#8220;white-shadow&#8220; wpex_post_thumbnail_bg=&#8220;true&#8220; css=&#8220;.vc_custom_1717593042557{background-image: url(https:\/\/www.flybyschool.com\/wp-content\/uploads\/2024\/05\/agentes-banner.jpg?id=809) !important;background-position: center !important;background-repeat: no-repeat !important;background-size: cover !important;}&#8220; wpex_bg_position=&#8220;center center&#8220;][vc_column css_animation=&#8220;fadeInLeft&#8220; wpex_featured_bg_image=&#8220;true&#8220; wpex_fixed_bg=&#8220;fixed&#8220; css=&#8220;.vc_custom_1717593061541{background-image: url(https:\/\/www.flybyschool.com\/wp-content\/uploads\/2024\/04\/blue-shapes.png?id=145) !important;background-position: 0 0 !important;background-repeat: no-repeat !important;}&#8220; wpex_bg_size=&#8220;1012px 700px&#8220; wpex_bg_position=&#8220;left bottom&#8220;][\/vc_column][\/vc_row][vc_row css=&#8220;.vc_custom_1716620804334{margin-top: 60px !important;}&#8220;][vc_column width=&#8220;1\/2&#8243;][vc_column_text]FlyBy wurde 2008 in Bilbao, im Norden Spaniens, gegr\u00fcndet. Urspr\u00fcnglich von zwei Piloten gegr\u00fcndet, die ihre bisherigen Erfahrungen&hellip;<\/p>\n","protected":false},"author":1,"featured_media":0,"parent":0,"menu_order":0,"comment_status":"closed","ping_status":"closed","template":"","meta":{"_joinchat":[],"footnotes":""},"class_list":["post-3108","page","type-page","status-publish","hentry","entry","no-media"],"_links":{"self":[{"href":"https:\/\/www.flybyschool.com\/de\/wp-json\/wp\/v2\/pages\/3108","targetHints":{"allow":["GET"]}}],"collection":[{"href":"https:\/\/www.flybyschool.com\/de\/wp-json\/wp\/v2\/pages"}],"about":[{"href":"https:\/\/www.flybyschool.com\/de\/wp-json\/wp\/v2\/types\/page"}],"author":[{"embeddable":true,"href":"https:\/\/www.flybyschool.com\/de\/wp-json\/wp\/v2\/users\/1"}],"replies":[{"embeddable":true,"href":"https:\/\/www.flybyschool.com\/de\/wp-json\/wp\/v2\/comments?post=3108"}],"version-history":[{"count":3,"href":"https:\/\/www.flybyschool.com\/de\/wp-json\/wp\/v2\/pages\/3108\/revisions"}],"predecessor-version":[{"id":4988,"href":"https:\/\/www.flybyschool.com\/de\/wp-json\/wp\/v2\/pages\/3108\/revisions\/4988"}],"wp:attachment":[{"href":"https:\/\/www.flybyschool.com\/de\/wp-json\/wp\/v2\/media?parent=3108"}],"curies":[{"name":"wp","href":"https:\/\/api.w.org\/{rel}","templated":true}]}}