{"id":3211,"date":"2024-04-16T16:13:41","date_gmt":"2024-04-16T16:13:41","guid":{"rendered":"https:\/\/www.flybyschool.com\/kadettenprogramm\/"},"modified":"2024-11-12T15:47:43","modified_gmt":"2024-11-12T15:47:43","slug":"kadettenprogramm","status":"publish","type":"page","link":"https:\/\/www.flybyschool.com\/de\/kadettenprogramm\/","title":{"rendered":"Kadettenprogramm"},"content":{"rendered":"<div class=\"wpb-content-wrapper\">[vc_row full_width=&#8220;stretch_row_content&#8220; content_placement=&#8220;bottom&#8220; full_height=&#8220;yes&#8220; columns_placement=&#8220;bottom&#8220; remove_bottom_col_margin=&#8220;true&#8220; wpex_post_thumbnail_bg=&#8220;true&#8220; css=&#8220;.vc_custom_1717600015694{background-image: url(https:\/\/www.flybyschool.com\/wp-content\/uploads\/2024\/04\/inscribirse-flyby.jpg?id=536) !important;background-position: center !important;background-repeat: no-repeat !important;background-size: cover !important;}&#8220; wpex_bg_position=&#8220;center center&#8220;][vc_column css_animation=&#8220;fadeInLeft&#8220; wpex_featured_bg_image=&#8220;true&#8220; wpex_fixed_bg=&#8220;fixed&#8220; css=&#8220;.vc_custom_1717600026823{background-image: url(https:\/\/www.flybyschool.com\/wp-content\/uploads\/2024\/04\/blue-shapes.png?id=145) !important;background-position: 0 0 !important;background-repeat: no-repeat !important;}&#8220; wpex_bg_size=&#8220;1012px 700px&#8220; wpex_bg_position=&#8220;left bottom&#8220;]<style>.vcex-heading.vcex_69e345f890794{color:#ffffff;font-size:42px;font-weight:700;}@media (max-width:767px){.vcex-heading.vcex_69e345f890794{font-size:30px;}}<\/style><h1 class=\"vcex-heading vcex-heading-plain vcex-module wpex-heading wpex-text-2xl wpex-p-20 vc_custom_1717600054082 vcex_69e345f890794\"><span class=\"vcex-heading-inner wpex-inline-block\">Kadettenprogramm<br \/>Flyby<\/span><\/h1><div class=\"vc_custom_1717600075192 wpex-clr\"><a href=\"#contacto\" class=\"vcex-button theme-button outline inline wpex-shadow-none local-scroll-link\" style=\"background:#00205b;color:#ffffff;font-size:20px;font-weight:300;border-radius:var(--wpex-rounded-full);\" data-wpex-hover='{&quot;background&quot;:&quot;#ffffff&quot;,&quot;color&quot;:&quot;var(--wpex-accent)&quot;}'><span class=\"vcex-button-inner theme-button-inner\">Kontaktiere uns<\/span><\/a><\/div> [\/vc_column][\/vc_row][vc_row full_width=&#8220;stretch_row&#8220; remove_bottom_col_margin=&#8220;true&#8220; css=&#8220;.vc_custom_1701602984749{padding-top: 10% !important;padding-bottom: 10% !important;}&#8220;][vc_column]<style>.vcex-heading.vcex_69e345f8920dd{color:#00205b;font-size:38px;font-weight:700;}<\/style><h2 class=\"vcex-heading vcex-heading-plain vcex-module wpex-heading wpex-text-2xl wpex-text-center vcex_69e345f8920dd\"><span class=\"vcex-heading-inner wpex-inline-block\">Die einzige Aviation Academy in Europa, die Folgendes bietet:<\/span><\/h2><div class=\"vcex-spacing wpex-w-100 wpex-clear\"><\/div><style>.vcex-heading.vcex_69e345f8927eb{font-weight:300;}<\/style><h3 class=\"vcex-heading vcex-heading-plain vcex-module wpex-heading wpex-text-2xl wpex-text-center vcex_69e345f8927eb\"><span class=\"vcex-heading-inner wpex-inline-block\"><strong>100 % All-Inclusive<\/strong>-Kadettenprogramm<\/span><\/h3>[\/vc_column][\/vc_row][vc_row full_width=&#8220;stretch_row&#8220; content_placement=&#8220;middle&#8220; column_spacing=&#8220;60&#8243; remove_bottom_col_margin=&#8220;true&#8220; css=&#8220;.vc_custom_1701602015050{padding-top: 10% !important;padding-bottom: 10% !important;background-color: #001a5a !important;}&#8220;][vc_column width=&#8220;1\/2&#8243;]<style>.vcex-heading.vcex_69e345f892d27{color:#ffffff;font-size:20px;font-weight:700;}<\/style><h2 class=\"vcex-heading vcex-heading-plain vcex-module wpex-heading wpex-text-2xl vcex_69e345f892d27\"><span class=\"vcex-heading-inner wpex-inline-block\">Das Kadettenprogramm<\/span><\/h2><style> style=\"height:15px;\"<\/style><div class=\"vcex-spacing wpex-w-100 wpex-clear\" style=\"height:15px;\"><\/div><style>.vcex-heading.vcex_69e345f8934bc{color:#ffffff;font-size:35px;font-weight:700;}<\/style><h3 class=\"vcex-heading vcex-heading-plain vcex-module wpex-heading wpex-text-2xl vcex_69e345f8934bc\"><span class=\"vcex-heading-inner wpex-inline-block\">Mit Jobgarantie<\/span><\/h3><div class=\"vcex-spacing wpex-w-100 wpex-clear\"><\/div><style>.vcex-bullets.vcex_69e345f893fa7 .vcex-bullets-icon{color:#12c9e9;}.vcex-bullets.vcex_69e345f893fa7{color:#ffffff;}<\/style><div class=\"vcex-module vcex-bullets custom-icon vcex_69e345f893fa7\">\n<ul>\n<li><div class=\"vcex-bullets-ci-wrap wpex-inline-flex\"><span class=\"vcex-bullets-icon-wrap vcex-icon-wrap wpex-mr-10\"><span class=\"vcex-bullets-icon vcex-icon ticon ticon-check-circle\" aria-hidden=\"true\"><\/span><\/span><div class=\"vcex-content wpex-flex-grow\">Integrierter ATPL-Kurs<\/div><\/div><\/li>\n<li><div class=\"vcex-bullets-ci-wrap wpex-inline-flex\"><span class=\"vcex-bullets-icon-wrap vcex-icon-wrap wpex-mr-10\"><span class=\"vcex-bullets-icon vcex-icon ticon ticon-check-circle\" aria-hidden=\"true\"><\/span><\/span><div class=\"vcex-content wpex-flex-grow\">Fluglehrerkurs<\/div><\/div><\/li>\n<li><div class=\"vcex-bullets-ci-wrap wpex-inline-flex\"><span class=\"vcex-bullets-icon-wrap vcex-icon-wrap wpex-mr-10\"><span class=\"vcex-bullets-icon vcex-icon ticon ticon-check-circle\" aria-hidden=\"true\"><\/span><\/span><div class=\"vcex-content wpex-flex-grow\">Einj\u00e4hriger Job als Fluglehrer<\/div><\/div><\/li>\n<\/ul>\n<\/div><style> style=\"height:45px;\"<\/style><div class=\"vcex-spacing wpex-w-100 wpex-clear\" style=\"height:45px;\"><\/div><style>.vcex-flex-container_69e345f8947c4{gap:15px;}<\/style><div class=\"vcex-flex-container vcex-module wpex-flex wpex-gap-20 wpex-flex-wrap vcex-flex-container_69e345f8947c4\"><style>.vcex-heading.vcex_69e345f894da6{color:var(--wpex-on-accent);font-size:22px;font-weight:300;}<\/style><div class=\"vcex-heading vcex-heading-plain vcex-module wpex-heading wpex-text-2xl vcex_69e345f894da6\"><span class=\"vcex-heading-inner wpex-inline-block\"><strong>Besch\u00e4ftigungsgarantie!<\/p>\n<p><\/strong><u>600 Flugstunden<\/u> <br \/>Duraci\u00f3n: <u>29 Monate<\/u><\/span><\/div><\/div><style> style=\"height:40px;\"<\/style><div class=\"vcex-spacing wpex-w-100 wpex-clear\" style=\"height:40px;\"><\/div>[\/vc_column][vc_column width=&#8220;1\/2&#8243;]<figure class=\"vcex-image vcex-module textcenter\"><div class=\"vcex-image-inner wpex-relative wpex-inline-block\"><img width=\"753\" height=\"450\" src=\"https:\/\/www.flybyschool.com\/wp-content\/uploads\/2023\/12\/flybycadetprogramimage-753x450-1.png\" class=\"vcex-image-img wpex-align-middle wpex-shadow\" alt=\"\" loading=\"lazy\" decoding=\"async\" srcset=\"https:\/\/www.flybyschool.com\/wp-content\/uploads\/2023\/12\/flybycadetprogramimage-753x450-1.png 753w, https:\/\/www.flybyschool.com\/wp-content\/uploads\/2023\/12\/flybycadetprogramimage-753x450-1-300x179.png 300w\" sizes=\"auto, (max-width: 753px) 100vw, 753px\" \/><\/div><\/figure>[\/vc_column][\/vc_row][vc_row full_width=&#8220;stretch_row&#8220; content_placement=&#8220;middle&#8220; css=&#8220;.vc_custom_1626733007345{padding-top: 100px !important;padding-bottom: 60px !important;background-color: #f7f7f7 !important;}&#8220;][vc_column]<div class=\"vcex-grid-container vcex-module wpex-grid wpex-gap-20 wpex-grid-cols-1 wpex-lg-grid-cols-2\" style=\"gap:30px;\"><div class=\"vcex-module vcex-icon-box vcex-icon-box-two wpex-block wpex-shadow-2xl wpex-p-25 wpex-text-center\" style=\"background-color:#ffffff;border-radius:15px;\"><div class=\"vcex-icon-box-symbol wpex-mb-20\"><img loading=\"lazy\" class=\"vcex-icon-box-image wpex-align-middle\" style=\"width:60px;\" decoding=\"async\" src=\"https:\/\/www.flybyschool.com\/wp-content\/uploads\/2024\/05\/favicon-60x60.png\" alt=\"\" srcset=\"https:\/\/www.flybyschool.com\/wp-content\/uploads\/2024\/05\/favicon-60x60.png 60w, https:\/\/www.flybyschool.com\/wp-content\/uploads\/2024\/05\/favicon-150x150.png 150w, https:\/\/www.flybyschool.com\/wp-content\/uploads\/2024\/05\/favicon-80x80.png 80w, https:\/\/www.flybyschool.com\/wp-content\/uploads\/2024\/05\/favicon.png 255w\" width=\"60\" height=\"60\"><\/div><div class=\"vcex-icon-box-text\"><div class=\"vcex-icon-box-heading wpex-heading\" style=\"font-size:24px;margin-bottom:5px;\">Basispaket<\/div><div class=\"vcex-icon-box-content wpex-last-mb-0 wpex-clr\"><p><span style=\"font-size: 24px\"><strong>Nur 91.400 \u20ac!<\/strong><\/span> <br \/>(Unterkunft, Verpflegung und Transport nicht inbegriffen.)<\/p>\n<\/div><\/div><\/div><div class=\"vcex-module vcex-icon-box vcex-icon-box-two wpex-block wpex-shadow-2xl wpex-p-25 wpex-text-center\" style=\"background-color:#ffffff;border-radius:15px;\"><div class=\"vcex-icon-box-symbol wpex-mb-20\"><img loading=\"lazy\" class=\"vcex-icon-box-image wpex-align-middle\" style=\"width:60px;\" decoding=\"async\" src=\"https:\/\/www.flybyschool.com\/wp-content\/uploads\/2024\/05\/favicon-60x60.png\" alt=\"\" srcset=\"https:\/\/www.flybyschool.com\/wp-content\/uploads\/2024\/05\/favicon-60x60.png 60w, https:\/\/www.flybyschool.com\/wp-content\/uploads\/2024\/05\/favicon-150x150.png 150w, https:\/\/www.flybyschool.com\/wp-content\/uploads\/2024\/05\/favicon-80x80.png 80w, https:\/\/www.flybyschool.com\/wp-content\/uploads\/2024\/05\/favicon.png 255w\" width=\"60\" height=\"60\"><\/div><div class=\"vcex-icon-box-text\"><div class=\"vcex-icon-box-heading wpex-heading\" style=\"font-size:24px;margin-bottom:5px;\">All-Inclusive-Preis:<\/div><div class=\"vcex-icon-box-content wpex-last-mb-0 wpex-clr\"><p><span style=\"font-size: 24px\"><strong>Nur 101.600 \u20ac!<\/strong><\/span><\/p>\n<\/div><\/div><\/div><\/div>[\/vc_column][\/vc_row][vc_row css=&#8220;.vc_custom_1716013349049{margin-top: 60px !important;}&#8220;][vc_column]<style>.vcex-heading.vcex_69e345f89a426{color:#00205b;font-size:38px;font-weight:700;}<\/style><div class=\"vcex-heading vcex-heading-plain vcex-module wpex-heading wpex-text-2xl wpex-text-center vcex_69e345f89a426\"><span class=\"vcex-heading-inner wpex-inline-block\">Was beinhaltet das All-Inclusive-Paket?<\/span><\/div><div class=\"vcex-spacing wpex-w-100 wpex-clear\"><\/div><style>.vcex-heading.vcex_69e345f89aa49{color:#00205b;font-size:22px;font-weight:700;}<\/style><div class=\"vcex-heading vcex-heading-plain vcex-module wpex-heading wpex-text-2xl vc_custom_1716013497990 vcex_69e345f89aa49\"><span class=\"vcex-heading-inner wpex-inline-block\">Phase 1: Integrierte ATPL<\/span><\/div><div class=\"vcex-module vcex-bullets vcex-bullets-check\">\n<ul>\n<li>Landegeb\u00fchren<\/li>\n<li>Unterkunft f\u00fcr 14 Monate: Einzelzimmer<\/li>\n<li>3 Mahlzeiten am Tag, 7 Tage die Woche.<\/li>\n<li>238 Stunden Flugtraining<\/li>\n<li>812 Stunden Pr\u00e4senzschulung<\/li>\n<li>Erweitertes APS MCC von 40 Stunden auf einem Airbus A320<\/li>\n<li>Shuttleservice zwischen Wohnheimen und Flughafen<\/li>\n<li>Lernmaterial von der Bristol Ground School oder \u00e4hnlichem<\/li>\n<li>IPad mit Schulungsmaterial<\/li>\n<li>Erste medizinische Flugtauglichkeitsuntersuchung Klasse 1<\/li>\n<li>Die 14 EASA-Grundpr\u00fcfungsgeb\u00fchren f\u00fcr ATPL-Pr\u00fcfungen in Burgos (1 Versuch pro Fach)<\/li>\n<li>EASA Flight Skill Tests (insgesamt 2 Tests)<\/li>\n<li>Kopfh\u00f6rer<\/li>\n<li>Luftfahrtkarten<\/li>\n<li>Zugriff auf die AIP-Karten von AENA<\/li>\n<li>Flughandbuch, CR3-Computer, Logbuch und Man\u00f6verhandbuch<\/li>\n<li>Uniform: 2 Hosen, 3 Hemden, 2 Krawatten, 1 Pulli<\/li>\n<li>F\u00fcr Nicht-EU-B\u00fcrger ist eine Grundkrankenversicherung erforderlich (14 Monate)<\/li>\n<li>Lizenzerteilungsgeb\u00fchren<\/li>\n<li>ICAO-Test zur Beherrschung der englischen Sprache (1 Versuch)<\/li>\n<\/ul>\n<\/div><div class=\"vcex-spacing wpex-w-100 wpex-clear\"><\/div><style>.vcex-heading.vcex_69e345f89b375{color:#00205b;font-size:22px;font-weight:700;}<\/style><div class=\"vcex-heading vcex-heading-plain vcex-module wpex-heading wpex-text-2xl vc_custom_1716013517400 vcex_69e345f89b375\"><span class=\"vcex-heading-inner wpex-inline-block\">Phase 2: Fluglehrerkurs<\/span><\/div><div class=\"vcex-module vcex-bullets vcex-bullets-check\">\n<ul>\n<li>Landegeb\u00fchren<\/li>\n<li>Unterkunft f\u00fcr 3 Monate: Einzelzimmer<\/li>\n<li>3 Mahlzeiten am Tag, 7 Tage die Woche.<\/li>\n<li>30 Stunden Flugtraining<\/li>\n<li>130 Stunden Pr\u00e4senzschulung<\/li>\n<li>Shuttleservice zwischen Wohnheimen und Flughafen<\/li>\n<li>Studienmaterial<\/li>\n<li>1 Erneuerung der medizinischen Flugtauglichkeitsuntersuchung Klasse 1<\/li>\n<li>EASA Flight Skill Test (1,5 Stunden)<\/li>\n<li>F\u00fcr Nicht-EU-B\u00fcrger ist eine Grundkrankenversicherung erforderlich (3 Monate)<\/li>\n<li>Lizenzerteilungsgeb\u00fchren<\/li>\n<\/ul>\n<\/div><div class=\"vcex-spacing wpex-w-100 wpex-clear\"><\/div><style>.vcex-heading.vcex_69e345f89c543{color:#00205b;font-size:22px;font-weight:700;}<\/style><div class=\"vcex-heading vcex-heading-plain vcex-module wpex-heading wpex-text-2xl vc_custom_1716013527412 vcex_69e345f89c543\"><span class=\"vcex-heading-inner wpex-inline-block\">Phase 3: Arbeit als Fluglehrer<\/span><\/div><div class=\"vcex-module vcex-bullets vcex-bullets-check\">\n<ul>\n<li>12-monatiger FI-Vertrag (bis zum Erreichen von mindestens 600 Flugstunden)<\/li>\n<li>Mindestens 330 Flugstunden Unterricht mit FlyBy-Sch\u00fclern<\/li>\n<li>1 Erneuerung der medizinischen Flugtauglichkeitsuntersuchung Klasse 1<\/li>\n<\/ul>\n<\/div>[\/vc_column][\/vc_row][vc_row content_placement=&#8220;middle&#8220; css=&#8220;.vc_custom_1715185074339{margin-top: 60px !important;}&#8220; local_scroll_id=&#8220;contacto&#8220;][vc_column width=&#8220;2\/3&#8243;]<style>.vcex-heading.vcex_69e345f89d5b8{color:#000080;font-size:43px;font-weight:300;}<\/style><div class=\"vcex-heading vcex-heading-plain vcex-module wpex-heading wpex-text-2xl vcex_69e345f89d5b8\"><span class=\"vcex-heading-inner wpex-inline-block\">Kontaktiere uns<\/span><\/div><style> style=\"height:20px;\"<\/style><div class=\"vcex-spacing wpex-w-100 wpex-clear\" style=\"height:20px;\"><\/div>[vc_column_text font_size=&#8220;18px&#8220;]Bei Fragen kannst du dich gerne an uns wenden. Wir werden so schnell wie m\u00f6glich antworten.[\/vc_column_text]<div class=\"vcex-spacing wpex-w-100 wpex-clear\"><\/div>\n<div class=\"wpcf7 no-js\" id=\"wpcf7-f3281-o1\" lang=\"de-DE\" dir=\"ltr\" data-wpcf7-id=\"3281\">\n<div class=\"screen-reader-response\"><p role=\"status\" aria-live=\"polite\" aria-atomic=\"true\"><\/p> <ul><\/ul><\/div>\n<form action=\"\/de\/wp-json\/wp\/v2\/pages\/3211#wpcf7-f3281-o1\" method=\"post\" class=\"wpcf7-form init\" aria-label=\"Kontaktformular\" novalidate=\"novalidate\" data-status=\"init\">\n<fieldset class=\"hidden-fields-container\"><input type=\"hidden\" name=\"_wpcf7\" value=\"3281\" \/><input type=\"hidden\" name=\"_wpcf7_version\" value=\"6.1.5\" \/><input type=\"hidden\" name=\"_wpcf7_locale\" value=\"de_DE\" \/><input type=\"hidden\" name=\"_wpcf7_unit_tag\" value=\"wpcf7-f3281-o1\" \/><input type=\"hidden\" name=\"_wpcf7_container_post\" value=\"0\" \/><input type=\"hidden\" name=\"_wpcf7_posted_data_hash\" value=\"\" \/><input type=\"hidden\" name=\"_wpcf7cf_hidden_group_fields\" value=\"[]\" \/><input type=\"hidden\" name=\"_wpcf7cf_hidden_groups\" value=\"[]\" \/><input type=\"hidden\" name=\"_wpcf7cf_visible_groups\" value=\"[]\" \/><input type=\"hidden\" name=\"_wpcf7cf_repeaters\" value=\"[]\" \/><input type=\"hidden\" name=\"_wpcf7cf_steps\" value=\"{}\" \/><input type=\"hidden\" name=\"_wpcf7cf_options\" value=\"{&quot;form_id&quot;:3281,&quot;conditions&quot;:[],&quot;settings&quot;:{&quot;animation&quot;:&quot;yes&quot;,&quot;animation_intime&quot;:200,&quot;animation_outtime&quot;:200,&quot;conditions_ui&quot;:&quot;normal&quot;,&quot;notice_dismissed&quot;:false}}\" \/>\n<\/fieldset>\n<div class=\"wpex-row clr\">\n\t<div class=\"span_1_of_2 col col-1 clr\">\n\t\t<p><span class=\"wpcf7-form-control-wrap\" data-name=\"your-name\"><input size=\"40\" maxlength=\"400\" class=\"wpcf7-form-control wpcf7-text wpcf7-validates-as-required\" aria-required=\"true\" aria-invalid=\"false\" placeholder=\"Vorname\" value=\"\" type=\"text\" name=\"your-name\" \/><\/span>\n\t\t<\/p>\n\t<\/div>\n\t<div class=\"span_1_of_2 col clr\">\n\t\t<p><span class=\"wpcf7-form-control-wrap\" data-name=\"your-apellidos\"><input size=\"40\" maxlength=\"400\" class=\"wpcf7-form-control wpcf7-text wpcf7-validates-as-required\" aria-required=\"true\" aria-invalid=\"false\" placeholder=\"Nachname\" value=\"\" type=\"text\" name=\"your-apellidos\" \/><\/span>\n\t\t<\/p>\n\t<\/div>\n<\/div>\n<p><label> <span class=\"wpcf7-form-control-wrap\" data-name=\"your-email\"><input size=\"40\" maxlength=\"400\" class=\"wpcf7-form-control wpcf7-email wpcf7-validates-as-required wpcf7-text wpcf7-validates-as-email\" aria-required=\"true\" aria-invalid=\"false\" placeholder=\"Email\" value=\"\" type=\"email\" name=\"your-email\" \/><\/span> <\/label>\n<\/p>\n<div class=\"wpex-row clr\">\n\t<div class=\"span_1_of_2 col col-1 clr\">\n\t\t<p><span class=\"wpcf7-form-control-wrap\" data-name=\"phonetext-799\"><input size=\"40\" class=\"wpcf7-form-control wpcf7-phonetext wpcf7-validates-as-required wpcf7-text wpcf7-validates-as-phonetext\" aria-required=\"true\" aria-invalid=\"false\" value=\"\" type=\"text\" name=\"phonetext-799\" \/><input type=\"hidden\" name=\"phonetext-799-country-code\" class=\"wpcf7-phonetext-country-code\" \/><\/span>\n\t\t<\/p>\n\t<\/div>\n\t<div class=\"span_1_of_2 col clr\">\n\t\t<p><label><span class=\"wpcf7-form-control-wrap\" data-name=\"countrytext-368\"><input size=\"40\" class=\"wpcf7-form-control wpcf7-countrytext wpcf7-validates-as-required wpcf7-text wpcf7-validates-as-countrytext\" aria-required=\"true\" aria-invalid=\"false\" value=\"\" type=\"text\" name=\"countrytext-368\" \/><\/span> <\/label>\n\t\t<\/p>\n\t<\/div>\n<\/div>\n<p><label><span class=\"wpcf7-form-control-wrap\" data-name=\"your-message\"><textarea cols=\"40\" rows=\"10\" maxlength=\"2000\" class=\"wpcf7-form-control wpcf7-textarea wpcf7-validates-as-required\" aria-required=\"true\" aria-invalid=\"false\" placeholder=\"Nachricht\" name=\"your-message\"><\/textarea><\/span> <\/label><br \/>\n<span class=\"wpcf7-form-control-wrap\" data-name=\"acceptance-627\"><span class=\"wpcf7-form-control wpcf7-acceptance\"><span class=\"wpcf7-list-item\"><label><input type=\"checkbox\" name=\"acceptance-627\" value=\"1\" aria-invalid=\"false\" \/><span class=\"wpcf7-list-item-label\"><span style=\"font-weight: bold;\">Ich verstehe und akzeptiere<\/span> die Verarbeitung meiner Daten, wie sie in der <a rel=\"nofollow\" target=\"_self\" href=\"\/de\/privacy-policy\/\">Datenschutzerkl\u00e4rung<\/a> n\u00e4her beschrieben und erl\u00e4utert wird. (Wenn du uns die Genehmigung verweigerst, ist die Verarbeitung deiner Daten f\u00fcr den angegebenen Zweck nicht m\u00f6glich.)<\/span><\/label><\/span><\/span><\/span><br \/>\n<input class=\"wpcf7-form-control wpcf7-submit has-spinner\" type=\"submit\" value=\"Senden\" \/>\n<\/p><div class=\"wpcf7-response-output\" aria-hidden=\"true\"><\/div>\n<\/form>\n<\/div>\n[\/vc_column][vc_column width=&#8220;1\/3&#8243;]<div class=\"vcex-module vcex-icon-box vcex-icon-box-two wpex-block wpex-p-25 wpex-text-center\"><div class=\"vcex-icon-box-symbol wpex-mb-20\"><div class=\"vcex-icon-box-icon wpex-inline-flex wpex-items-center wpex-justify-center wpex-child-inherit-color wpex-text-center wpex-leading-none wpex-text-1\" style=\"font-size:var(--vcex-icon-md);width:100px;height:100px;\"><span class=\"ticon ticon-map-marker\" aria-hidden=\"true\"><\/span><\/div><\/div><div class=\"vcex-icon-box-text\"><div class=\"vcex-icon-box-heading wpex-heading\" style=\"color:#00205b;--wpex-hover-heading-link-color:#00205b;font-size:24px;margin-bottom:5px;\">Adresse<\/div><div class=\"vcex-icon-box-content wpex-last-mb-0 wpex-clr\" style=\"color:#474747;font-size:18px;font-weight:300;\"><p>Carretera de Logro\u00f1o, 107 09007 &#8211; Burgos<\/p>\n<\/div><\/div><\/div><div class=\"vcex-spacing wpex-w-100 wpex-clear\"><\/div><div class=\"vcex-module vcex-icon-box vcex-icon-box-two wpex-block wpex-p-25 wpex-text-center\"><div class=\"vcex-icon-box-symbol wpex-mb-20\"><div class=\"vcex-icon-box-icon wpex-inline-flex wpex-items-center wpex-justify-center wpex-child-inherit-color wpex-text-center wpex-leading-none wpex-text-1\" style=\"font-size:var(--vcex-icon-md);width:100px;height:100px;\"><span class=\"ticon ticon-phone\" aria-hidden=\"true\"><\/span><\/div><\/div><div class=\"vcex-icon-box-text\"><div class=\"vcex-icon-box-heading wpex-heading\" style=\"color:#00205b;--wpex-hover-heading-link-color:#00205b;font-size:24px;margin-bottom:5px;\">Telefon<\/div><div class=\"vcex-icon-box-content wpex-last-mb-0 wpex-clr\" style=\"color:#474747;font-size:18px;font-weight:300;\"><p>+34 947 45 55 91<\/p>\n<\/div><\/div><\/div>[\/vc_column][\/vc_row]\n<\/div>","protected":false},"excerpt":{"rendered":"<p>[vc_row full_width=&#8220;stretch_row_content&#8220; content_placement=&#8220;bottom&#8220; full_height=&#8220;yes&#8220; columns_placement=&#8220;bottom&#8220; remove_bottom_col_margin=&#8220;true&#8220; wpex_post_thumbnail_bg=&#8220;true&#8220; css=&#8220;.vc_custom_1717600015694{background-image: url(https:\/\/www.flybyschool.com\/wp-content\/uploads\/2024\/04\/inscribirse-flyby.jpg?id=536) !important;background-position: center !important;background-repeat: no-repeat !important;background-size: cover !important;}&#8220; wpex_bg_position=&#8220;center center&#8220;][vc_column css_animation=&#8220;fadeInLeft&#8220; wpex_featured_bg_image=&#8220;true&#8220; wpex_fixed_bg=&#8220;fixed&#8220; css=&#8220;.vc_custom_1717600026823{background-image: url(https:\/\/www.flybyschool.com\/wp-content\/uploads\/2024\/04\/blue-shapes.png?id=145) !important;background-position: 0 0 !important;background-repeat: no-repeat !important;}&#8220; wpex_bg_size=&#8220;1012px 700px&#8220; wpex_bg_position=&#8220;left bottom&#8220;][\/vc_column][\/vc_row][vc_row full_width=&#8220;stretch_row&#8220; remove_bottom_col_margin=&#8220;true&#8220; css=&#8220;.vc_custom_1701602984749{padding-top: 10% !important;padding-bottom: 10% !important;}&#8220;][vc_column][\/vc_column][\/vc_row][vc_row full_width=&#8220;stretch_row&#8220; content_placement=&#8220;middle&#8220; column_spacing=&#8220;60&#8243; remove_bottom_col_margin=&#8220;true&#8220; css=&#8220;.vc_custom_1701602015050{padding-top: 10% !important;padding-bottom: 10% !important;background-color: #001a5a !important;}&#8220;][vc_column width=&#8220;1\/2&#8243;][\/vc_column][vc_column width=&#8220;1\/2&#8243;][\/vc_column][\/vc_row][vc_row full_width=&#8220;stretch_row&#8220; content_placement=&#8220;middle&#8220;&hellip;<\/p>\n","protected":false},"author":1,"featured_media":0,"parent":0,"menu_order":0,"comment_status":"closed","ping_status":"closed","template":"","meta":{"_joinchat":[],"footnotes":""},"class_list":["post-3211","page","type-page","status-publish","hentry","entry","no-media"],"_links":{"self":[{"href":"https:\/\/www.flybyschool.com\/de\/wp-json\/wp\/v2\/pages\/3211","targetHints":{"allow":["GET"]}}],"collection":[{"href":"https:\/\/www.flybyschool.com\/de\/wp-json\/wp\/v2\/pages"}],"about":[{"href":"https:\/\/www.flybyschool.com\/de\/wp-json\/wp\/v2\/types\/page"}],"author":[{"embeddable":true,"href":"https:\/\/www.flybyschool.com\/de\/wp-json\/wp\/v2\/users\/1"}],"replies":[{"embeddable":true,"href":"https:\/\/www.flybyschool.com\/de\/wp-json\/wp\/v2\/comments?post=3211"}],"version-history":[{"count":23,"href":"https:\/\/www.flybyschool.com\/de\/wp-json\/wp\/v2\/pages\/3211\/revisions"}],"predecessor-version":[{"id":3533,"href":"https:\/\/www.flybyschool.com\/de\/wp-json\/wp\/v2\/pages\/3211\/revisions\/3533"}],"wp:attachment":[{"href":"https:\/\/www.flybyschool.com\/de\/wp-json\/wp\/v2\/media?parent=3211"}],"curies":[{"name":"wp","href":"https:\/\/api.w.org\/{rel}","templated":true}]}}