{"id":467,"date":"2024-04-09T05:27:12","date_gmt":"2024-04-09T05:27:12","guid":{"rendered":"https:\/\/www.flybyschool.com\/?page_id=467"},"modified":"2024-08-20T08:36:36","modified_gmt":"2024-08-20T08:36:36","slug":"matricularse","status":"publish","type":"page","link":"https:\/\/www.flybyschool.com\/es\/matricularse\/","title":{"rendered":"Matricularse"},"content":{"rendered":"<div class=\"wpb-content-wrapper\">[vc_row full_width=\u00bbstretch_row_content\u00bb content_placement=\u00bbbottom\u00bb full_height=\u00bbyes\u00bb columns_placement=\u00bbbottom\u00bb remove_bottom_col_margin=\u00bbtrue\u00bb typography_style=\u00bbwhite-shadow\u00bb wpex_post_thumbnail_bg=\u00bbtrue\u00bb css=\u00bb.vc_custom_1717600283900{background-image: url(https:\/\/www.flybyschool.com\/wp-content\/uploads\/2024\/04\/inscribirse-flyby.jpg?id=536) !important;background-position: center !important;background-repeat: no-repeat !important;background-size: cover !important;}\u00bb wpex_bg_position=\u00bbcenter center\u00bb][vc_column css_animation=\u00bbfadeInLeft\u00bb wpex_featured_bg_image=\u00bbtrue\u00bb wpex_fixed_bg=\u00bbfixed\u00bb css=\u00bb.vc_custom_1717600293455{background-image: url(https:\/\/www.flybyschool.com\/wp-content\/uploads\/2024\/04\/blue-shapes.png?id=145) !important;background-position: 0 0 !important;background-repeat: no-repeat !important;}\u00bb wpex_bg_size=\u00bb1012px 700px\u00bb wpex_bg_position=\u00bbleft bottom\u00bb]<style>.vcex-heading.vcex_69f0dd6ce129e{color:#ffffff;font-size:42px;font-weight:700;}@media (max-width:767px){.vcex-heading.vcex_69f0dd6ce129e{font-size:30px;}}<\/style><h1 class=\"vcex-heading vcex-heading-plain vcex-module wpex-heading wpex-text-2xl wpex-p-20 vc_custom_1717600314100 vcex_69f0dd6ce129e\"><span class=\"vcex-heading-inner wpex-inline-block\">Matric\u00falate y cumple<br \/>\ncon tu sue\u00f1o de ser piloto<\/span><\/h1><div class=\"vc_custom_1717600334956 wpex-clr\"><a href=\"#inscripcion\" class=\"vcex-button theme-button outline inline wpex-shadow-none local-scroll-link\" style=\"background:#00205b;color:#ffffff;font-size:20px;font-weight:300;border-radius:var(--wpex-rounded-full);\" data-wpex-hover='{&quot;background&quot;:&quot;#ffffff&quot;,&quot;color&quot;:&quot;var(--wpex-accent)&quot;}'><span class=\"vcex-button-inner theme-button-inner\">Matric\u00falate ahora!<\/span><\/a><\/div> [\/vc_column][\/vc_row][vc_row css=\u00bb.vc_custom_1712690043524{padding-top: 60px !important;padding-bottom: 60px !important;}\u00bb][vc_column]<style>.vcex-heading.vcex_69f0dd6ce26da{color:var(--wpex-accent);font-size:42px;font-weight:700;}@media (max-width:767px){.vcex-heading.vcex_69f0dd6ce26da{font-size:30px;}}<\/style><h1 class=\"vcex-heading vcex-heading-plain vcex-module wpex-heading wpex-text-2xl vcex_69f0dd6ce26da\"><span class=\"vcex-heading-inner wpex-inline-block\">Como matricularse<\/span><\/h1><div class=\"vcex-spacing wpex-w-100 wpex-clear\"><\/div>[vc_column_text]Utilizamos una secuencia de inscripci\u00f3n automatizada similar a la utilizada en nuestro programa integrado ATPL, excepto que parte del proceso estar\u00e1 a cargo de la Universidad de Burgos.<\/p>\n<p><strong>Paso 1.<\/strong>\u00a0 Inscr\u00edbete en la escuela de vuelo m\u00e1s grande de Europa con m\u00e1s de 350 estudiantes de 110 pa\u00edses del mundo a trav\u00e9s de nuestro nuevo sistema de incorporaci\u00f3n en este enlace:<\/p>\n<p><a href=\"#inscripcion\" rel=\"noopener\">Matric\u00falate ahora<\/a><\/p>\n<p><strong>Paso 2.<\/strong> En la primera parte, deber\u00e1n completar el formulario con sus datos y luego realizar la primera transferencia de 1000 euros para poder acceder a las pruebas. Les recordamos que el pago de los 1000 euros puede realizarse a trav\u00e9s de PayPal o transferencia bancaria ( toda la informaciones se encontrar\u00e1n en la onboarding system).<\/p>\n<p><strong>Paso 3.<\/strong> Despu\u00e9s de haber realizado el pago, deber\u00e1n cargar el comprobante de pago en su \u00e1rea reservada. FlyBY necesitar\u00e1 24 horas para aprobarlo y, despu\u00e9s de eso, podr\u00e1n acceder a las pruebas de evaluaci\u00f3n.<\/p>\n<p><strong>Paso 4.<\/strong> A este punto podr\u00e1n proceder con las pruebas de evaluaci\u00f3n, que les ocupar\u00e1n aproximadamente 3 horas. Les recordamos que pueden realizar los tests individualmente y tomarse un descanso entre uno y otro. Es importante recordar que cada test tiene un tiempo m\u00e1ximo para ser completado y, una vez comenzado, debe finalizarse.<\/p>\n<p><strong>Paso 5.<\/strong> Una vez completados los tests, deber\u00e1n pasar hasta 24 horas para la evaluaci\u00f3n y, si son aprobados, podr\u00e1n continuar con el proceso de matriculaci\u00f3n. Recuerden que tendr\u00e1n de 2 a 3 meses para completar el pago de los 19,000 euros requeridos para garantizar su fecha de inicio.<\/p>\n<p>Para cualquier duda o pregunta, dir\u00edjanse a nuestro equipo o a uno de nuestros country managers correspondiente a su \u00e1rea.<\/p>\n<p>Bienvenido en FlyBy[\/vc_column_text][\/vc_column][\/vc_row][vc_row full_width=\u00bbstretch_row\u00bb remove_bottom_col_margin=\u00bbtrue\u00bb css=\u00bb.vc_custom_1712689880840{margin-bottom: 60px !important;padding-top: 10% !important;padding-bottom: 10% !important;background-color: #00205b !important;}\u00bb local_scroll_id=\u00bbinscripcion\u00bb][vc_column]<style>.vcex-heading.vcex_69f0dd6ce2cc4{color:#ffffff;font-size:43px;font-weight:600;}<\/style><div class=\"vcex-heading vcex-heading-plain vcex-module wpex-heading wpex-text-2xl wpex-text-center vcex_69f0dd6ce2cc4\"><span class=\"vcex-heading-inner wpex-inline-block\">\u00a1Matric\u00falate ya!<\/span><\/div><div class=\"vcex-module vcex-divider vcex-divider-solid vcex-divider-center wpex-mx-auto wpex-max-w-100 wpex-block wpex-h-0 wpex-border-b wpex-border-solid wpex-border-main\" style=\"width:250px;margin-top:25px;margin-bottom:20px;border-bottom-width:8px;border-color:#ffffff;\"><\/div><div class=\"vcex-spacing wpex-w-100 wpex-clear\"><\/div><style>.vcex-heading.vcex_69f0dd6ce36fe{width:700px;color:#ffffff;font-size:30px;font-weight:700;}@media (max-width:767px){.vcex-heading.vcex_69f0dd6ce36fe{font-size:20px;}}<\/style><h3 class=\"vcex-heading vcex-heading-plain vcex-module wpex-heading wpex-text-2xl wpex-text-center wpex-max-w-100 wpex-mx-auto vcex_69f0dd6ce36fe\"><span class=\"vcex-heading-inner wpex-inline-block\">Selecciona tu m\u00e9todo de pago preferido<br \/>\npara la solicitud<\/span><\/h3><div class=\"vcex-spacing wpex-w-100 wpex-clear\"><\/div>[vc_column_text width=\u00bb850px\u00bb color=\u00bb#ffffff\u00bb font_size=\u00bb18px\u00bb]Aseg\u00farate de estar preparado para cargar una copia de tu pasaporte y pagar el dep\u00f3sito de tu solicitud mediante PayPal o transferencia bancaria.[\/vc_column_text]<style> style=\"height:40px;\"<\/style><div class=\"vcex-spacing wpex-w-100 wpex-clear\" style=\"height:40px;\"><\/div><style>.vcex-flex-container_69f0dd6ce3cff{gap:30px;}<\/style><div class=\"vcex-flex-container vcex-module wpex-flex wpex-gap-20 wpex-flex-wrap wpex-flex-col wpex-items-center wpex-justify-center vcex-flex-container_69f0dd6ce3cff\"><a class=\"vcex-module vcex-icon-box vcex-icon-box-one vcex-icon-box-has-link wpex-inherit-color wpex-no-underline wpex-flex wpex-items-center wpex-text-left  wpb_animate_when_almost_visible wpb_appear appear vc_custom_1717305375761\" href=\"https:\/\/onboarding.flybyschool.com\/register\/step1\/form\" target=\"_blank\" data-wpex-hover=\"{&quot;background&quot;:&quot;#e96c3a&quot;}\" style=\"background-color:#e7612b;border-radius:9999px;\" rel=\"noopener noreferrer\"><div class=\"vcex-icon-box-symbol wpex-flex-shrink-0 wpex-mr-15\"><div class=\"vcex-icon-box-icon wpex-inline-flex wpex-items-center wpex-justify-center wpex-child-inherit-color wpex-text-center wpex-leading-none wpex-text-1\" style=\"color:#ffffff;\"><span class=\"ticon ticon-pencil-square-o\" aria-hidden=\"true\"><\/span><\/div><\/div><div class=\"vcex-icon-box-text wpex-flex-grow\"><h2 class=\"vcex-icon-box-heading wpex-heading\" style=\"color:#ffffff;--wpex-hover-heading-link-color:#ffffff;font-size:14px;margin-bottom:0px;line-height:1;\">Matric\u00falate Ahora<\/h2><div class=\"vcex-icon-box-content wpex-last-mb-0 wpex-clr\" style=\"color:#ffffff;font-size:18px;font-weight:400;\"><p>FlyBy Onboarding Process<\/p>\n<\/div><\/div><\/a><\/div><style> style=\"height:40px;\"<\/style><div class=\"vcex-spacing wpex-w-100 wpex-clear\" style=\"height:40px;\"><\/div>[vc_column_text css=\u00bb.vc_custom_1717303434377{padding-top: 20px !important;padding-right: 20px !important;padding-bottom: 20px !important;padding-left: 20px !important;background-color: #ffffff !important;border-radius: 10px !important;}\u00bb]La matr\u00edcula se completar\u00e1 una vez que se haya recibido el formulario de admisi\u00f3n, todos los documentos y se haya transferido la tarifa de la matr\u00edcula.[\/vc_column_text][\/vc_column][\/vc_row]\n<\/div>","protected":false},"excerpt":{"rendered":"<p>[vc_row full_width=\u00bbstretch_row_content\u00bb content_placement=\u00bbbottom\u00bb full_height=\u00bbyes\u00bb columns_placement=\u00bbbottom\u00bb remove_bottom_col_margin=\u00bbtrue\u00bb typography_style=\u00bbwhite-shadow\u00bb wpex_post_thumbnail_bg=\u00bbtrue\u00bb css=\u00bb.vc_custom_1717600283900{background-image: url(https:\/\/www.flybyschool.com\/wp-content\/uploads\/2024\/04\/inscribirse-flyby.jpg?id=536) !important;background-position: center !important;background-repeat: no-repeat !important;background-size: cover !important;}\u00bb wpex_bg_position=\u00bbcenter center\u00bb][vc_column css_animation=\u00bbfadeInLeft\u00bb wpex_featured_bg_image=\u00bbtrue\u00bb wpex_fixed_bg=\u00bbfixed\u00bb css=\u00bb.vc_custom_1717600293455{background-image: url(https:\/\/www.flybyschool.com\/wp-content\/uploads\/2024\/04\/blue-shapes.png?id=145) !important;background-position: 0 0 !important;background-repeat: no-repeat !important;}\u00bb wpex_bg_size=\u00bb1012px 700px\u00bb wpex_bg_position=\u00bbleft bottom\u00bb][\/vc_column][\/vc_row][vc_row css=\u00bb.vc_custom_1712690043524{padding-top: 60px !important;padding-bottom: 60px !important;}\u00bb][vc_column][vc_column_text]Utilizamos una secuencia de inscripci\u00f3n automatizada similar a la utilizada en nuestro programa integrado ATPL, excepto que&hellip;<\/p>\n","protected":false},"author":1,"featured_media":0,"parent":0,"menu_order":0,"comment_status":"closed","ping_status":"closed","template":"","meta":{"_joinchat":[],"footnotes":""},"class_list":["post-467","page","type-page","status-publish","hentry","entry","no-media"],"_links":{"self":[{"href":"https:\/\/www.flybyschool.com\/es\/wp-json\/wp\/v2\/pages\/467","targetHints":{"allow":["GET"]}}],"collection":[{"href":"https:\/\/www.flybyschool.com\/es\/wp-json\/wp\/v2\/pages"}],"about":[{"href":"https:\/\/www.flybyschool.com\/es\/wp-json\/wp\/v2\/types\/page"}],"author":[{"embeddable":true,"href":"https:\/\/www.flybyschool.com\/es\/wp-json\/wp\/v2\/users\/1"}],"replies":[{"embeddable":true,"href":"https:\/\/www.flybyschool.com\/es\/wp-json\/wp\/v2\/comments?post=467"}],"version-history":[{"count":19,"href":"https:\/\/www.flybyschool.com\/es\/wp-json\/wp\/v2\/pages\/467\/revisions"}],"predecessor-version":[{"id":2576,"href":"https:\/\/www.flybyschool.com\/es\/wp-json\/wp\/v2\/pages\/467\/revisions\/2576"}],"wp:attachment":[{"href":"https:\/\/www.flybyschool.com\/es\/wp-json\/wp\/v2\/media?parent=467"}],"curies":[{"name":"wp","href":"https:\/\/api.w.org\/{rel}","templated":true}]}}