{"id":647,"date":"2024-05-08T16:30:15","date_gmt":"2024-05-08T16:30:15","guid":{"rendered":"https:\/\/www.flybyschool.com\/?page_id=647"},"modified":"2024-06-05T14:11:35","modified_gmt":"2024-06-05T14:11:35","slug":"matricula","status":"publish","type":"page","link":"https:\/\/www.flybyschool.com\/es\/matricula\/","title":{"rendered":"Matr\u00edcula"},"content":{"rendered":"<div class=\"wpb-content-wrapper\">[vc_row full_width=\u00bbstretch_row_content\u00bb content_placement=\u00bbbottom\u00bb full_height=\u00bbyes\u00bb columns_placement=\u00bbbottom\u00bb remove_bottom_col_margin=\u00bbtrue\u00bb typography_style=\u00bbwhite-shadow\u00bb css=\u00bb.vc_custom_1717596546891{background-image: url(https:\/\/www.flybyschool.com\/wp-content\/uploads\/2024\/05\/matricularse.jpg?id=766) !important;background-position: center !important;background-repeat: no-repeat !important;background-size: cover !important;}\u00bb wpex_bg_position=\u00bb25% 75%;\u00bb][vc_column css_animation=\u00bbfadeInLeft\u00bb wpex_featured_bg_image=\u00bbtrue\u00bb wpex_fixed_bg=\u00bbfixed\u00bb css=\u00bb.vc_custom_1717596564183{background-image: url(https:\/\/www.flybyschool.com\/wp-content\/uploads\/2024\/04\/blue-shapes.png?id=145) !important;background-position: 0 0 !important;background-repeat: no-repeat !important;}\u00bb wpex_bg_size=\u00bb1012px 700px\u00bb wpex_bg_position=\u00bbleft bottom\u00bb]<style>.vcex-heading.vcex_69f0ebdf45589{color:#ffffff;font-size:42px;font-weight:700;}@media (max-width:767px){.vcex-heading.vcex_69f0ebdf45589{font-size:30px;}}<\/style><h1 class=\"vcex-heading vcex-heading-plain vcex-module wpex-heading wpex-text-2xl wpex-p-20 vc_custom_1717596662609 vcex_69f0ebdf45589\"><span class=\"vcex-heading-inner wpex-inline-block\">Matr\u00edcula con FlyBy<\/span><\/h1><div class=\"vcex-spacing wpex-w-100 wpex-clear\"><\/div><div class=\"vc_custom_1717596614011 wpex-clr\"><a href=\"https:\/\/www.flybyschool.com\/es\/contacto\/\" class=\"vcex-button theme-button outline inline wpex-shadow-none\" style=\"background:#00205b;color:#ffffff;font-size:20px;font-weight:300;border-radius:var(--wpex-rounded-full);\" data-wpex-hover='{&quot;background&quot;:&quot;#ffffff&quot;,&quot;color&quot;:&quot;var(--wpex-accent)&quot;}'><span class=\"vcex-button-inner theme-button-inner\">Contacta con nosotros<\/span><\/a><\/div> [\/vc_column][\/vc_row][vc_row gap=\u00bb30&#8243; css=\u00bb.vc_custom_1715407518258{margin-top: 60px !important;}\u00bb local_scroll_id=\u00bbcontacto\u00bb][vc_column width=\u00bb1\/2&#8243;]<style>.vcex-heading.vcex_69f0ebdf4c6fe{color:#000080;font-size:43px;font-weight:300;}<\/style><div class=\"vcex-heading vcex-heading-plain vcex-module wpex-heading wpex-text-2xl vcex_69f0ebdf4c6fe\"><span class=\"vcex-heading-inner wpex-inline-block\">C\u00f3mo inscribirse<\/span><\/div><style> style=\"height:20px;\"<\/style><div class=\"vcex-spacing wpex-w-100 wpex-clear\" style=\"height:20px;\"><\/div><figure class=\"vcex-image vcex-module\"><div class=\"vcex-image-inner wpex-relative wpex-inline-block\"><img width=\"700\" height=\"835\" src=\"https:\/\/www.flybyschool.com\/wp-content\/uploads\/2024\/05\/como-inscribirse.jpg\" class=\"vcex-image-img wpex-align-middle\" alt=\"\" loading=\"lazy\" decoding=\"async\" srcset=\"https:\/\/www.flybyschool.com\/wp-content\/uploads\/2024\/05\/como-inscribirse.jpg 700w, https:\/\/www.flybyschool.com\/wp-content\/uploads\/2024\/05\/como-inscribirse-251x300.jpg 251w\" sizes=\"auto, (max-width: 700px) 100vw, 700px\" \/><\/div><\/figure><style> style=\"height:20px;\"<\/style><div class=\"vcex-spacing wpex-w-100 wpex-clear\" style=\"height:20px;\"><\/div>[vc_column_text font_size=\u00bb18px\u00bb]Inscribirse en nuestro curso ATP Integrado es un proceso simple y hemos desarrollado un sistema automatizado en l\u00ednea que lo guiar\u00e1 a trav\u00e9s de cada proceso. Este proceso se puede resumir en las siguientes 3 fases[\/vc_column_text]<div class=\"vcex-spacing wpex-w-100 wpex-clear\"><\/div>[\/vc_column][vc_column width=\u00bb1\/2&#8243;]<style>.vcex-heading.vcex_69f0ebdf4dc89{color:#000080;font-size:43px;font-weight:300;}<\/style><div class=\"vcex-heading vcex-heading-plain vcex-module wpex-heading wpex-text-2xl vcex_69f0ebdf4dc89\"><span class=\"vcex-heading-inner wpex-inline-block\">Pasos a seguir:<\/span><\/div><style> style=\"height:20px;\"<\/style><div class=\"vcex-spacing wpex-w-100 wpex-clear\" style=\"height:20px;\"><\/div><style>.vcex-toggle-group.vcex_69f0ebdf4e1eb .vcex-toggle__heading{font-size:24px;}.vcex-toggle-group.vcex_69f0ebdf4e1eb .vcex-toggle__content{font-size:16px;}<\/style><div class=\"vcex-toggle-group vcex-toggle-group--w-borders vcex-module wpex-mx-auto vcex_69f0ebdf4e1eb\"><style>.vcex-toggle.vcex_69f0ebdf4e572 .vcex-toggle__trigger{color:#00205b;}.vcex-toggle.vcex_69f0ebdf4e572 .vcex-toggle__trigger:hover{color:#002482;}<\/style><div class=\"vcex-toggle vcex-module vcex-toggle--active  wpb_animate_when_almost_visible wpb_fadeInRight fadeInRight vcex_69f0ebdf4e572\" data-animate=\"true\" data-duration=\"300\"><div class=\"vcex-toggle__heading\"><a href=\"#paso-1-pagar-la-tasa-de-solicitud-1000\" class=\"vcex-toggle__trigger wpex-flex wpex-items-center wpex-transition-colors wpex-flex-row-reverse\" aria-expanded=\"true\" aria-controls=\"paso-1-pagar-la-tasa-de-solicitud-1000\"><div class=\"vcex-toggle__icon wpex-ml-10\" aria-hidden=\"true\"><div class=\"vcex-toggle__icon-open wpex-flex wpex-flex-col wpex-items-center\"><svg xmlns=\"http:\/\/www.w3.org\/2000\/svg\" height=\"1.5em\" viewBox=\"0 0 24 24\" width=\"1.5em\" fill=\"currentColor\" class=\"vcex-toggle__icon-open\"><path d=\"M0 0h24v24H0V0z\" fill=\"none\"\/><path d=\"M19 13h-6v6h-2v-6H5v-2h6V5h2v6h6v2z\"\/><\/svg><\/div><div class=\"vcex-toggle__icon-close wpex-flex wpex-flex-col wpex-items-center\"><svg xmlns=\"http:\/\/www.w3.org\/2000\/svg\" height=\"1.5em\" viewBox=\"0 0 24 24\" width=\"1.5em\" fill=\"currentColor\" class=\"vcex-toggle__icon-close\"><path d=\"M0 0h24v24H0V0z\" fill=\"none\"\/><path d=\"M19 13H5v-2h14v2z\"\/><\/svg><\/div><\/div><div class=\"vcex-toggle__title wpex-mr-auto\">Paso 1: Pagar la tasa de solicitud: 1.000\u20ac*<\/div><\/a><\/div><div id=\"paso-1-pagar-la-tasa-de-solicitud-1000\" class=\"vcex-toggle__content wpex-last-mb-0 wpex-my-10 wpex-clr\">Una vez que se haya pagado la tarifa de solicitud, se le programar\u00e1n las evaluaciones en l\u00ednea.<\/p>\n<p><a href=\"https:\/\/www.flybyschool.com\/es\/matricularse\/\" rel=\"noopener\">\u00a1Haga clic aqu\u00ed para iniciar el proceso y pagar la tarifa de solicitud!<\/a><\/div><\/div><style>.vcex-toggle.vcex_69f0ebdf4e8ae .vcex-toggle__trigger{color:#00205b;}.vcex-toggle.vcex_69f0ebdf4e8ae .vcex-toggle__trigger:hover{color:#002482;}<\/style><div class=\"vcex-toggle vcex-module  wpb_animate_when_almost_visible wpb_fadeInRightBig fadeInRightBig vcex_69f0ebdf4e8ae\" data-animate=\"true\" data-duration=\"300\"><div class=\"vcex-toggle__heading\"><a href=\"#paso-2-realice-evaluaciones-en-lnea\" class=\"vcex-toggle__trigger wpex-flex wpex-items-center wpex-transition-colors wpex-flex-row-reverse\" aria-expanded=\"false\" aria-controls=\"paso-2-realice-evaluaciones-en-lnea\"><div class=\"vcex-toggle__icon wpex-ml-10\" aria-hidden=\"true\"><div class=\"vcex-toggle__icon-open wpex-flex wpex-flex-col wpex-items-center\"><svg xmlns=\"http:\/\/www.w3.org\/2000\/svg\" height=\"1.5em\" viewBox=\"0 0 24 24\" width=\"1.5em\" fill=\"currentColor\" class=\"vcex-toggle__icon-open\"><path d=\"M0 0h24v24H0V0z\" fill=\"none\"\/><path d=\"M19 13h-6v6h-2v-6H5v-2h6V5h2v6h6v2z\"\/><\/svg><\/div><div class=\"vcex-toggle__icon-close wpex-flex wpex-flex-col wpex-items-center\"><svg xmlns=\"http:\/\/www.w3.org\/2000\/svg\" height=\"1.5em\" viewBox=\"0 0 24 24\" width=\"1.5em\" fill=\"currentColor\" class=\"vcex-toggle__icon-close\"><path d=\"M0 0h24v24H0V0z\" fill=\"none\"\/><path d=\"M19 13H5v-2h14v2z\"\/><\/svg><\/div><\/div><div class=\"vcex-toggle__title wpex-mr-auto\">Paso 2: Realice evaluaciones en l\u00ednea<\/div><\/a><\/div><div id=\"paso-2-realice-evaluaciones-en-lnea\" class=\"vcex-toggle__content wpex-last-mb-0 wpex-my-10 wpex-clr\"><strong>El primer paso del proceso de admisi\u00f3n requiere que realices 4 pruebas en l\u00ednea.<\/strong>\u00a0Si superas todas las pruebas y decides inscribirte en el curso, el dep\u00f3sito inicial de 1000 \u20ac se descontar\u00e1 del precio del curso.<\/p>\n<h4>Matem\u00e1ticas\/F\u00edsica<\/h4>\n<ul>\n<li>Si\u00a0<strong>no<\/strong>\u00a0apruebas los ex\u00e1menes de Matem\u00e1ticas o F\u00edsica, seguir\u00e1s siendo elegible para inscribirte en el curso ATPL Integrado, pero te proporcionaremos material de capacitaci\u00f3n adicional para que estudies antes de comenzar el curso.<\/li>\n<\/ul>\n<h4>Ingl\u00e9s<\/h4>\n<ul>\n<li>Si\u00a0<strong>no<\/strong>\u00a0aprueba el examen de ingl\u00e9s, se le pedir\u00e1 que mejore su dominio del ingl\u00e9s inscribi\u00e9ndose en un curso intensivo de ingl\u00e9s en su ciudad natal. Tambi\u00e9n te recomendamos que consideres mudarte temporalmente a un pa\u00eds de habla inglesa para acelerar el aprendizaje.<\/li>\n<\/ul>\n<h4>Personalidad<\/h4>\n<ul>\n<li>Si\u00a0<strong>NO<\/strong>\u00a0apruebas los Test de Personalidad, te reembolsaremos 700\u20ac, pero no se ofrecer\u00e1 ninguna formaci\u00f3n.<\/li>\n<\/ul>\n<\/div><\/div><style>.vcex-toggle.vcex_69f0ebdf4ebf5 .vcex-toggle__trigger{color:#00205b;}.vcex-toggle.vcex_69f0ebdf4ebf5 .vcex-toggle__trigger:hover{color:#002482;}<\/style><div class=\"vcex-toggle vcex-module  wpb_animate_when_almost_visible wpb_fadeInRightBig fadeInRightBig vcex_69f0ebdf4ebf5\" data-animate=\"true\" data-duration=\"300\"><div class=\"vcex-toggle__heading\"><a href=\"#paso-3-seleccione-un-paquete\" class=\"vcex-toggle__trigger wpex-flex wpex-items-center wpex-transition-colors wpex-flex-row-reverse\" aria-expanded=\"false\" aria-controls=\"paso-3-seleccione-un-paquete\"><div class=\"vcex-toggle__icon wpex-ml-10\" aria-hidden=\"true\"><div class=\"vcex-toggle__icon-open wpex-flex wpex-flex-col wpex-items-center\"><svg xmlns=\"http:\/\/www.w3.org\/2000\/svg\" height=\"1.5em\" viewBox=\"0 0 24 24\" width=\"1.5em\" fill=\"currentColor\" class=\"vcex-toggle__icon-open\"><path d=\"M0 0h24v24H0V0z\" fill=\"none\"\/><path d=\"M19 13h-6v6h-2v-6H5v-2h6V5h2v6h6v2z\"\/><\/svg><\/div><div class=\"vcex-toggle__icon-close wpex-flex wpex-flex-col wpex-items-center\"><svg xmlns=\"http:\/\/www.w3.org\/2000\/svg\" height=\"1.5em\" viewBox=\"0 0 24 24\" width=\"1.5em\" fill=\"currentColor\" class=\"vcex-toggle__icon-close\"><path d=\"M0 0h24v24H0V0z\" fill=\"none\"\/><path d=\"M19 13H5v-2h14v2z\"\/><\/svg><\/div><\/div><div class=\"vcex-toggle__title wpex-mr-auto\">Paso 3: seleccione un paquete<\/div><\/a><\/div><div id=\"paso-3-seleccione-un-paquete\" class=\"vcex-toggle__content wpex-last-mb-0 wpex-my-10 wpex-clr\">Ofrecemos las siguientes opciones de paquetes de su elecci\u00f3n que incluyen alojamiento, comidas y\/o transporte desde y hacia el aeropuerto:<\/p>\n<h4>ATPL integrado de 14 meses<\/h4>\n<div class=\"dataTables_scrollBody\">\n<table id=\"tablepress-1\" class=\"tablepress tablepress-id-1 dataTable no-footer\">\n<thead>\n<tr class=\"row-1 odd\">\n<th class=\"column-1 sorting_disabled\" colspan=\"1\" rowspan=\"1\">\n<div class=\"dataTables_sizing\">Paquete<\/div>\n<\/th>\n<th class=\"column-2 sorting_disabled\" colspan=\"1\" rowspan=\"1\">\n<div class=\"dataTables_sizing\">Precio del curso**<\/div>\n<\/th>\n<th class=\"column-3 sorting_disabled\" colspan=\"1\" rowspan=\"1\">\n<div class=\"dataTables_sizing\">Mensual X 14<\/div>\n<\/th>\n<th class=\"column-4 sorting_disabled\" colspan=\"1\" rowspan=\"1\">\n<div class=\"dataTables_sizing\">Acomodaci\u00f3n<\/div>\n<\/th>\n<th class=\"column-5 sorting_disabled\" colspan=\"1\" rowspan=\"1\">\n<div class=\"dataTables_sizing\">Comidas<\/div>\n<\/th>\n<th class=\"column-6 sorting_disabled\" colspan=\"1\" rowspan=\"1\">\n<div class=\"dataTables_sizing\">Lanzadera<\/div>\n<\/th>\n<\/tr>\n<\/thead>\n<tbody class=\"row-hover\">\n<tr class=\"row-2 even\">\n<td class=\"column-1\" style=\"text-align: center\">A<\/td>\n<td class=\"column-2\" style=\"text-align: center\">79.500\u20ac**<\/td>\n<td class=\"column-3\" style=\"text-align: center\">4.250\u20ac<\/td>\n<td class=\"column-4\" style=\"text-align: center\">X<\/td>\n<td class=\"column-5\" style=\"text-align: center\">X<\/td>\n<td class=\"column-6\" style=\"text-align: center\">X<\/td>\n<\/tr>\n<tr class=\"row-3 odd\">\n<td class=\"column-1\" style=\"text-align: center\">B<\/td>\n<td class=\"column-2\" style=\"text-align: center\">78.520\u20ac**<\/td>\n<td class=\"column-3\" style=\"text-align: center\">4.180 \u20ac<\/td>\n<td class=\"column-4\" style=\"text-align: center\">X<\/td>\n<td class=\"column-5\" style=\"text-align: center\">X<\/td>\n<td class=\"column-6\" style=\"text-align: center\"><\/td>\n<\/tr>\n<tr class=\"row-4 even\">\n<td class=\"column-1\" style=\"text-align: center\">C<\/td>\n<td class=\"column-2\" style=\"text-align: center\">76.280\u20ac**<\/td>\n<td class=\"column-3\" style=\"text-align: center\">4.020\u20ac<\/td>\n<td class=\"column-4\" style=\"text-align: center\">X<\/td>\n<td class=\"column-5\" style=\"text-align: center\"><\/td>\n<td class=\"column-6\" style=\"text-align: center\">X<\/td>\n<\/tr>\n<tr class=\"row-5 odd\">\n<td class=\"column-1\" style=\"text-align: center\">D<\/td>\n<td class=\"column-2\" style=\"text-align: center\">75.300\u20ac**<\/td>\n<td class=\"column-3\" style=\"text-align: center\">3.950 \u20ac<\/td>\n<td class=\"column-4\" style=\"text-align: center\">X<\/td>\n<td class=\"column-5\" style=\"text-align: center\"><\/td>\n<td class=\"column-6\" style=\"text-align: center\"><\/td>\n<\/tr>\n<tr class=\"row-6 even\">\n<td class=\"column-1\" style=\"text-align: center\">E<\/td>\n<td class=\"column-2\" style=\"text-align: center\">72.080\u20ac**<\/td>\n<td class=\"column-3\" style=\"text-align: center\">3.720 \u20ac<\/td>\n<td class=\"column-4\" style=\"text-align: center\"><\/td>\n<td class=\"column-5\" style=\"text-align: center\"><\/td>\n<td class=\"column-6\" style=\"text-align: center\">X<\/td>\n<\/tr>\n<tr class=\"row-7 odd\">\n<td class=\"column-1\" style=\"text-align: center\">F<\/td>\n<td class=\"column-2\" style=\"text-align: center\">71.100\u20ac**<\/td>\n<td class=\"column-3\" style=\"text-align: center\">3.650\u20ac<\/td>\n<td class=\"column-4\" style=\"text-align: center\"><\/td>\n<td class=\"column-5\" style=\"text-align: center\"><\/td>\n<td class=\"column-5\" style=\"text-align: center\"><\/td>\n<\/tr>\n<\/tbody>\n<\/table>\n<\/div>\n<p><em>**Estos precios incluyen las tarifas de requisitos previos.<\/em><\/div><\/div><style>.vcex-toggle.vcex_69f0ebdf4f281 .vcex-toggle__trigger{color:#00205b;}.vcex-toggle.vcex_69f0ebdf4f281 .vcex-toggle__trigger:hover{color:#002482;}<\/style><div class=\"vcex-toggle vcex-module  wpb_animate_when_almost_visible wpb_fadeInRightBig fadeInRightBig vcex_69f0ebdf4f281\" data-animate=\"true\" data-duration=\"300\"><div class=\"vcex-toggle__heading\"><a href=\"#paso-4-pagar-matrcula-19000\" class=\"vcex-toggle__trigger wpex-flex wpex-items-center wpex-transition-colors wpex-flex-row-reverse\" aria-expanded=\"false\" aria-controls=\"paso-4-pagar-matrcula-19000\"><div class=\"vcex-toggle__icon wpex-ml-10\" aria-hidden=\"true\"><div class=\"vcex-toggle__icon-open wpex-flex wpex-flex-col wpex-items-center\"><svg xmlns=\"http:\/\/www.w3.org\/2000\/svg\" height=\"1.5em\" viewBox=\"0 0 24 24\" width=\"1.5em\" fill=\"currentColor\" class=\"vcex-toggle__icon-open\"><path d=\"M0 0h24v24H0V0z\" fill=\"none\"\/><path d=\"M19 13h-6v6h-2v-6H5v-2h6V5h2v6h6v2z\"\/><\/svg><\/div><div class=\"vcex-toggle__icon-close wpex-flex wpex-flex-col wpex-items-center\"><svg xmlns=\"http:\/\/www.w3.org\/2000\/svg\" height=\"1.5em\" viewBox=\"0 0 24 24\" width=\"1.5em\" fill=\"currentColor\" class=\"vcex-toggle__icon-close\"><path d=\"M0 0h24v24H0V0z\" fill=\"none\"\/><path d=\"M19 13H5v-2h14v2z\"\/><\/svg><\/div><\/div><div class=\"vcex-toggle__title wpex-mr-auto\">Paso 4: Pagar matr\u00edcula: 19.000\u20ac*<\/div><\/a><\/div><div id=\"paso-4-pagar-matrcula-19000\" class=\"vcex-toggle__content wpex-last-mb-0 wpex-my-10 wpex-clr\">Una vez que haya sido admitido anteriormente en el curso, se le invitar\u00e1 a inscribirse. El importe de la matr\u00edcula es de 19.000 \u20ac* y deber\u00e1s transferirlo como <strong>m\u00e1ximo<\/strong> 2 o 3 meses despu\u00e9s de las evaluaciones en linea. Todos los ciudadanos no pertenecientes a la UE deben transferir la tarifa de inscripci\u00f3n para recibir la Carta de Aceptaci\u00f3n requerida para el proceso de solicitud de visa. Tenga en cuenta que el proceso de solicitud de visa puede tardar hasta 2 o 3 meses, aunque en raras ocasiones se completa en tan solo 4 semanas.<\/div><\/div><\/div><style> style=\"height:60px;\"<\/style><div class=\"vcex-spacing wpex-w-100 wpex-clear\" style=\"height:60px;\"><\/div><div class=\"theme-button-wrap theme-button-expanded-wrap\"><a href=\"https:\/\/www.flybyschool.com\/es\/matricularse\/\" class=\"vcex-button theme-button minimal-border black expanded hvr hvr-shadow expanded\" style=\"background:#000080;color:#ffffff;border:0;font-size:20px;border-radius:var(--wpex-rounded-full);\" data-wpex-hover='{&quot;background&quot;:&quot;#13137f&quot;}'><span class=\"vcex-button-inner theme-button-inner\">Matricularse ahora!<\/span><\/a><\/div> [\/vc_column][\/vc_row]\n<\/div>","protected":false},"excerpt":{"rendered":"<p>[vc_row full_width=\u00bbstretch_row_content\u00bb content_placement=\u00bbbottom\u00bb full_height=\u00bbyes\u00bb columns_placement=\u00bbbottom\u00bb remove_bottom_col_margin=\u00bbtrue\u00bb typography_style=\u00bbwhite-shadow\u00bb css=\u00bb.vc_custom_1717596546891{background-image: url(https:\/\/www.flybyschool.com\/wp-content\/uploads\/2024\/05\/matricularse.jpg?id=766) !important;background-position: center !important;background-repeat: no-repeat !important;background-size: cover !important;}\u00bb wpex_bg_position=\u00bb25% 75%;\u00bb][vc_column css_animation=\u00bbfadeInLeft\u00bb wpex_featured_bg_image=\u00bbtrue\u00bb wpex_fixed_bg=\u00bbfixed\u00bb css=\u00bb.vc_custom_1717596564183{background-image: url(https:\/\/www.flybyschool.com\/wp-content\/uploads\/2024\/04\/blue-shapes.png?id=145) !important;background-position: 0 0 !important;background-repeat: no-repeat !important;}\u00bb wpex_bg_size=\u00bb1012px 700px\u00bb wpex_bg_position=\u00bbleft bottom\u00bb][\/vc_column][\/vc_row][vc_row gap=\u00bb30&#8243; css=\u00bb.vc_custom_1715407518258{margin-top: 60px !important;}\u00bb local_scroll_id=\u00bbcontacto\u00bb][vc_column width=\u00bb1\/2&#8243;][vc_column_text font_size=\u00bb18px\u00bb]Inscribirse en nuestro curso ATP Integrado es un proceso simple y hemos desarrollado un sistema automatizado&hellip;<\/p>\n","protected":false},"author":1,"featured_media":0,"parent":0,"menu_order":0,"comment_status":"closed","ping_status":"closed","template":"","meta":{"_joinchat":[],"footnotes":""},"class_list":["post-647","page","type-page","status-publish","hentry","entry","no-media"],"_links":{"self":[{"href":"https:\/\/www.flybyschool.com\/es\/wp-json\/wp\/v2\/pages\/647","targetHints":{"allow":["GET"]}}],"collection":[{"href":"https:\/\/www.flybyschool.com\/es\/wp-json\/wp\/v2\/pages"}],"about":[{"href":"https:\/\/www.flybyschool.com\/es\/wp-json\/wp\/v2\/types\/page"}],"author":[{"embeddable":true,"href":"https:\/\/www.flybyschool.com\/es\/wp-json\/wp\/v2\/users\/1"}],"replies":[{"embeddable":true,"href":"https:\/\/www.flybyschool.com\/es\/wp-json\/wp\/v2\/comments?post=647"}],"version-history":[{"count":12,"href":"https:\/\/www.flybyschool.com\/es\/wp-json\/wp\/v2\/pages\/647\/revisions"}],"predecessor-version":[{"id":2557,"href":"https:\/\/www.flybyschool.com\/es\/wp-json\/wp\/v2\/pages\/647\/revisions\/2557"}],"wp:attachment":[{"href":"https:\/\/www.flybyschool.com\/es\/wp-json\/wp\/v2\/media?parent=647"}],"curies":[{"name":"wp","href":"https:\/\/api.w.org\/{rel}","templated":true}]}}