{"id":2640,"date":"2024-05-08T16:30:15","date_gmt":"2024-05-08T16:30:15","guid":{"rendered":"https:\/\/www.flybyschool.com\/inscrivez-vous\/"},"modified":"2024-07-09T06:01:45","modified_gmt":"2024-07-09T06:01:45","slug":"inscrivez-vous","status":"publish","type":"page","link":"https:\/\/www.flybyschool.com\/fr\/inscrivez-vous\/","title":{"rendered":"Inscrivez-vous"},"content":{"rendered":"<div class=\"wpb-content-wrapper\">[vc_row full_width=\u00a0\u00bbstretch_row_content\u00a0\u00bb content_placement=\u00a0\u00bbbottom\u00a0\u00bb full_height=\u00a0\u00bbyes\u00a0\u00bb columns_placement=\u00a0\u00bbbottom\u00a0\u00bb remove_bottom_col_margin=\u00a0\u00bbtrue\u00a0\u00bb typography_style=\u00a0\u00bbwhite-shadow\u00a0\u00bb css=\u00a0\u00bb.vc_custom_1717596546891{background-image: url(https:\/\/www.flybyschool.com\/wp-content\/uploads\/2024\/05\/matricularse.jpg?id=766) !important;background-position: center !important;background-repeat: no-repeat !important;background-size: cover !important;}\u00a0\u00bb wpex_bg_position=\u00a0\u00bb25% 75%;\u00a0\u00bb][vc_column css_animation=\u00a0\u00bbfadeInLeft\u00a0\u00bb wpex_featured_bg_image=\u00a0\u00bbtrue\u00a0\u00bb wpex_fixed_bg=\u00a0\u00bbfixed\u00a0\u00bb css=\u00a0\u00bb.vc_custom_1717596564183{background-image: url(https:\/\/www.flybyschool.com\/wp-content\/uploads\/2024\/04\/blue-shapes.png?id=145) !important;background-position: 0 0 !important;background-repeat: no-repeat !important;}\u00a0\u00bb wpex_bg_size=\u00a0\u00bb1012px 700px\u00a0\u00bb wpex_bg_position=\u00a0\u00bbleft bottom\u00a0\u00bb]<style>.vcex-heading.vcex_69f0ec1028f9c{color:#ffffff;font-size:42px;font-weight:700;}@media (max-width:767px){.vcex-heading.vcex_69f0ec1028f9c{font-size:30px;}}<\/style><h1 class=\"vcex-heading vcex-heading-plain vcex-module wpex-heading wpex-text-2xl wpex-p-20 vc_custom_1717596662609 vcex_69f0ec1028f9c\"><span class=\"vcex-heading-inner wpex-inline-block\">Inscription chez FlyBy<\/span><\/h1><div class=\"vcex-spacing wpex-w-100 wpex-clear\"><\/div><div class=\"vc_custom_1717596614011 wpex-clr\"><a href=\"https:\/\/www.flybyschool.com\/fr\/contact\/\" class=\"vcex-button theme-button outline inline wpex-shadow-none\" style=\"background:#00205b;color:#ffffff;font-size:20px;font-weight:300;border-radius:var(--wpex-rounded-full);\" data-wpex-hover='{&quot;background&quot;:&quot;#ffffff&quot;,&quot;color&quot;:&quot;var(--wpex-accent)&quot;}'><span class=\"vcex-button-inner theme-button-inner\">Contactez-nous<\/span><\/a><\/div> [\/vc_column][\/vc_row][vc_row gap=\u00a0\u00bb30&Prime; css=\u00a0\u00bb.vc_custom_1715407518258{margin-top: 60px !important;}\u00a0\u00bb local_scroll_id=\u00a0\u00bbcontacto\u00a0\u00bb][vc_column width=\u00a0\u00bb1\/2&Prime;]<style>.vcex-heading.vcex_69f0ec102beab{color:#000080;font-size:43px;font-weight:300;}<\/style><div class=\"vcex-heading vcex-heading-plain vcex-module wpex-heading wpex-text-2xl vcex_69f0ec102beab\"><span class=\"vcex-heading-inner wpex-inline-block\">Comment s&apos;inscrire<\/span><\/div><style> style=\"height:20px;\"<\/style><div class=\"vcex-spacing wpex-w-100 wpex-clear\" style=\"height:20px;\"><\/div><figure class=\"vcex-image vcex-module\"><div class=\"vcex-image-inner wpex-relative wpex-inline-block\"><img width=\"700\" height=\"835\" src=\"https:\/\/www.flybyschool.com\/wp-content\/uploads\/2024\/05\/como-inscribirse.jpg\" class=\"vcex-image-img wpex-align-middle\" alt=\"\" loading=\"lazy\" decoding=\"async\" srcset=\"https:\/\/www.flybyschool.com\/wp-content\/uploads\/2024\/05\/como-inscribirse.jpg 700w, https:\/\/www.flybyschool.com\/wp-content\/uploads\/2024\/05\/como-inscribirse-251x300.jpg 251w\" sizes=\"auto, (max-width: 700px) 100vw, 700px\" \/><\/div><\/figure><style> style=\"height:20px;\"<\/style><div class=\"vcex-spacing wpex-w-100 wpex-clear\" style=\"height:20px;\"><\/div>[vc_column_text font_size=\u00a0\u00bb18px\u00a0\u00bb]S&rsquo;inscrire \u00e0 notre cours int\u00e9gr\u00e9 ATP est un processus simple et nous avons d\u00e9velopp\u00e9 un syst\u00e8me en ligne automatis\u00e9 qui vous guidera \u00e0 chaque \u00e9tape. Ce processus peut \u00eatre r\u00e9sum\u00e9 en 3 phases[\/vc_column_text]<div class=\"vcex-spacing wpex-w-100 wpex-clear\"><\/div>[\/vc_column][vc_column width=\u00a0\u00bb1\/2&Prime;]<style>.vcex-heading.vcex_69f0ec102d00f{color:#000080;font-size:43px;font-weight:300;}<\/style><div class=\"vcex-heading vcex-heading-plain vcex-module wpex-heading wpex-text-2xl vcex_69f0ec102d00f\"><span class=\"vcex-heading-inner wpex-inline-block\">\u00c9tapes \u00e0 suivre :<\/span><\/div><style> style=\"height:20px;\"<\/style><div class=\"vcex-spacing wpex-w-100 wpex-clear\" style=\"height:20px;\"><\/div><style>.vcex-toggle-group.vcex_69f0ec102d4ab .vcex-toggle__heading{font-size:24px;}.vcex-toggle-group.vcex_69f0ec102d4ab .vcex-toggle__content{font-size:16px;}<\/style><div class=\"vcex-toggle-group vcex-toggle-group--w-borders vcex-module wpex-mx-auto vcex_69f0ec102d4ab\"><style>.vcex-toggle.vcex_69f0ec102d7a5 .vcex-toggle__trigger{color:#00205b;}.vcex-toggle.vcex_69f0ec102d7a5 .vcex-toggle__trigger:hover{color:#002482;}<\/style><div class=\"vcex-toggle vcex-module vcex-toggle--active  wpb_animate_when_almost_visible wpb_fadeInRight fadeInRight vcex_69f0ec102d7a5\" data-animate=\"true\" data-duration=\"300\"><div class=\"vcex-toggle__heading\"><a href=\"#tape-1--payer-les-frais-de-candidature--1-000\" class=\"vcex-toggle__trigger wpex-flex wpex-items-center wpex-transition-colors wpex-flex-row-reverse\" aria-expanded=\"true\" aria-controls=\"tape-1--payer-les-frais-de-candidature--1-000\"><div class=\"vcex-toggle__icon wpex-ml-10\" aria-hidden=\"true\"><div class=\"vcex-toggle__icon-open wpex-flex wpex-flex-col wpex-items-center\"><svg xmlns=\"http:\/\/www.w3.org\/2000\/svg\" height=\"1.5em\" viewBox=\"0 0 24 24\" width=\"1.5em\" fill=\"currentColor\" class=\"vcex-toggle__icon-open\"><path d=\"M0 0h24v24H0V0z\" fill=\"none\"\/><path d=\"M19 13h-6v6h-2v-6H5v-2h6V5h2v6h6v2z\"\/><\/svg><\/div><div class=\"vcex-toggle__icon-close wpex-flex wpex-flex-col wpex-items-center\"><svg xmlns=\"http:\/\/www.w3.org\/2000\/svg\" height=\"1.5em\" viewBox=\"0 0 24 24\" width=\"1.5em\" fill=\"currentColor\" class=\"vcex-toggle__icon-close\"><path d=\"M0 0h24v24H0V0z\" fill=\"none\"\/><path d=\"M19 13H5v-2h14v2z\"\/><\/svg><\/div><\/div><div class=\"vcex-toggle__title wpex-mr-auto\">\u00c9tape 1 : Payer les frais de candidature : 1 000\u20ac*<\/div><\/a><\/div><div id=\"tape-1--payer-les-frais-de-candidature--1-000\" class=\"vcex-toggle__content wpex-last-mb-0 wpex-my-10 wpex-clr\">Une fois les frais de candidature pay\u00e9s, des \u00e9valuations en ligne seront programm\u00e9s pour vous.<\/p>\n<p><a href=\"https:\/\/www.flybyschool.com\/es\/matricularse\/\" rel=\"noopener\"><a href=\"https:\/\/www.flybyschool.com\/es\/matricularse\/\">Cliquez ici pour commencer le processus et payer les frais de candidature !<\/a><\/a><\/div><\/div><style>.vcex-toggle.vcex_69f0ec102dac3 .vcex-toggle__trigger{color:#00205b;}.vcex-toggle.vcex_69f0ec102dac3 .vcex-toggle__trigger:hover{color:#002482;}<\/style><div class=\"vcex-toggle vcex-module  wpb_animate_when_almost_visible wpb_fadeInRightBig fadeInRightBig vcex_69f0ec102dac3\" data-animate=\"true\" data-duration=\"300\"><div class=\"vcex-toggle__heading\"><a href=\"#tape-2--complter-les-valuations-en-ligne\" class=\"vcex-toggle__trigger wpex-flex wpex-items-center wpex-transition-colors wpex-flex-row-reverse\" aria-expanded=\"false\" aria-controls=\"tape-2--complter-les-valuations-en-ligne\"><div class=\"vcex-toggle__icon wpex-ml-10\" aria-hidden=\"true\"><div class=\"vcex-toggle__icon-open wpex-flex wpex-flex-col wpex-items-center\"><svg xmlns=\"http:\/\/www.w3.org\/2000\/svg\" height=\"1.5em\" viewBox=\"0 0 24 24\" width=\"1.5em\" fill=\"currentColor\" class=\"vcex-toggle__icon-open\"><path d=\"M0 0h24v24H0V0z\" fill=\"none\"\/><path d=\"M19 13h-6v6h-2v-6H5v-2h6V5h2v6h6v2z\"\/><\/svg><\/div><div class=\"vcex-toggle__icon-close wpex-flex wpex-flex-col wpex-items-center\"><svg xmlns=\"http:\/\/www.w3.org\/2000\/svg\" height=\"1.5em\" viewBox=\"0 0 24 24\" width=\"1.5em\" fill=\"currentColor\" class=\"vcex-toggle__icon-close\"><path d=\"M0 0h24v24H0V0z\" fill=\"none\"\/><path d=\"M19 13H5v-2h14v2z\"\/><\/svg><\/div><\/div><div class=\"vcex-toggle__title wpex-mr-auto\">\u00c9tape 2 : Compl\u00e9ter les \u00e9valuations en ligne<\/div><\/a><\/div><div id=\"tape-2--complter-les-valuations-en-ligne\" class=\"vcex-toggle__content wpex-last-mb-0 wpex-my-10 wpex-clr\"><strong>La premi\u00e8re \u00e9tape du processus d&rsquo;admission n\u00e9cessite de passer 4 tests en ligne.<\/strong> Si vous r\u00e9ussissez tous les tests et d\u00e9cidez de vous inscrire au cours, le d\u00e9p\u00f4t initial de 1 000\u20ac sera d\u00e9duit du prix du cours.<\/p>\n<h4>Math\u00e9matiques\/Physique :<\/h4>\n<ul>\n<li>Si vous <strong>ne<\/strong> r\u00e9ussissez pas les examens de math\u00e9matiques ou de physique, vous serez toujours \u00e9ligible pour vous inscrire au cours int\u00e9gr\u00e9 ATPL, mais nous vous fournirons des mat\u00e9riaux d&rsquo;entra\u00eenement suppl\u00e9mentaires \u00e0 \u00e9tudier avant de commencer le cours.<\/li>\n<\/ul>\n<h4>Anglais :<\/h4>\n<ul>\n<li>Si vous <strong>ne<\/strong> r\u00e9ussissez pas l&rsquo;examen d&rsquo;anglais, nous vous demanderons d&rsquo;am\u00e9liorer votre ma\u00eetrise de l&rsquo;anglais en vous inscrivant \u00e0 un cours intensif d&rsquo;anglais dans votre ville natale. Nous recommandons \u00e9galement de consid\u00e9rer un s\u00e9jour temporaire dans un pays anglophone pour acc\u00e9l\u00e9rer l&rsquo;apprentissage.<\/li>\n<\/ul>\n<h4>Personnalit\u00e9 :<\/h4>\n<ul>\n<li>Si vous ne r\u00e9ussissez <strong>PAS<\/strong> les tests de personnalit\u00e9, nous vous rembourserons 700\u20ac, mais aucune formation ne sera offerte.<\/li>\n<\/ul>\n<\/div><\/div><style>.vcex-toggle.vcex_69f0ec102ddea .vcex-toggle__trigger{color:#00205b;}.vcex-toggle.vcex_69f0ec102ddea .vcex-toggle__trigger:hover{color:#002482;}<\/style><div class=\"vcex-toggle vcex-module  wpb_animate_when_almost_visible wpb_fadeInRightBig fadeInRightBig vcex_69f0ec102ddea\" data-animate=\"true\" data-duration=\"300\"><div class=\"vcex-toggle__heading\"><a href=\"#tape-3--choisir-un-forfait\" class=\"vcex-toggle__trigger wpex-flex wpex-items-center wpex-transition-colors wpex-flex-row-reverse\" aria-expanded=\"false\" aria-controls=\"tape-3--choisir-un-forfait\"><div class=\"vcex-toggle__icon wpex-ml-10\" aria-hidden=\"true\"><div class=\"vcex-toggle__icon-open wpex-flex wpex-flex-col wpex-items-center\"><svg xmlns=\"http:\/\/www.w3.org\/2000\/svg\" height=\"1.5em\" viewBox=\"0 0 24 24\" width=\"1.5em\" fill=\"currentColor\" class=\"vcex-toggle__icon-open\"><path d=\"M0 0h24v24H0V0z\" fill=\"none\"\/><path d=\"M19 13h-6v6h-2v-6H5v-2h6V5h2v6h6v2z\"\/><\/svg><\/div><div class=\"vcex-toggle__icon-close wpex-flex wpex-flex-col wpex-items-center\"><svg xmlns=\"http:\/\/www.w3.org\/2000\/svg\" height=\"1.5em\" viewBox=\"0 0 24 24\" width=\"1.5em\" fill=\"currentColor\" class=\"vcex-toggle__icon-close\"><path d=\"M0 0h24v24H0V0z\" fill=\"none\"\/><path d=\"M19 13H5v-2h14v2z\"\/><\/svg><\/div><\/div><div class=\"vcex-toggle__title wpex-mr-auto\">\u00c9tape 3 : Choisir un forfait<\/div><\/a><\/div><div id=\"tape-3--choisir-un-forfait\" class=\"vcex-toggle__content wpex-last-mb-0 wpex-my-10 wpex-clr\">Nous offrons les options de forfait suivantes de votre choix qui incluent l&rsquo;h\u00e9bergement, les repas et\/ou le transport vers et depuis l&rsquo;a\u00e9roport :<\/p>\n<h4>14 Mois ATPL Int\u00e9gr\u00e9<\/h4>\n<div class=\"dataTables_scrollBody\">\n<table id=\"tablepress-1\" class=\"tablepress tablepress-id-1 dataTable no-footer\">\n<thead>\n<tr class=\"row-1 odd\">\n<th class=\"column-1 sorting_disabled\" colspan=\"1\" rowspan=\"1\">\n<div class=\"dataTables_sizing\">Forfait<\/div>\n<\/th>\n<th class=\"column-2 sorting_disabled\" colspan=\"1\" rowspan=\"1\">\n<div class=\"dataTables_sizing\">Prix de la formation**<\/div>\n<\/th>\n<th class=\"column-3 sorting_disabled\" colspan=\"1\" rowspan=\"1\">\n<div class=\"dataTables_sizing\">Mensuel X 14<\/div>\n<\/th>\n<th class=\"column-4 sorting_disabled\" colspan=\"1\" rowspan=\"1\">\n<div class=\"dataTables_sizing\">H\u00e9bergement<\/div>\n<\/th>\n<th class=\"column-5 sorting_disabled\" colspan=\"1\" rowspan=\"1\">\n<div class=\"dataTables_sizing\">Repas<\/div>\n<\/th>\n<th class=\"column-6 sorting_disabled\" colspan=\"1\" rowspan=\"1\">\n<div class=\"dataTables_sizing\">Transport<\/div>\n<\/th>\n<\/tr>\n<\/thead>\n<tbody class=\"row-hover\">\n<tr class=\"row-2 even\">\n<td class=\"column-1\" style=\"text-align: center\">A<\/td>\n<td class=\"column-2\" style=\"text-align: center\">79 500\u20ac**<\/td>\n<td class=\"column-3\" style=\"text-align: center\">4 250\u20ac<\/td>\n<td class=\"column-4\" style=\"text-align: center\">X<\/td>\n<td class=\"column-5\" style=\"text-align: center\">X<\/td>\n<td class=\"column-6\" style=\"text-align: center\">X<\/td>\n<\/tr>\n<tr class=\"row-3 odd\">\n<td class=\"column-1\" style=\"text-align: center\">B<\/td>\n<td class=\"column-2\" style=\"text-align: center\">78 520\u20ac**<\/td>\n<td class=\"column-3\" style=\"text-align: center\">4 180 \u20ac<\/td>\n<td class=\"column-4\" style=\"text-align: center\">X<\/td>\n<td class=\"column-5\" style=\"text-align: center\">X<\/td>\n<td class=\"column-6\" style=\"text-align: center\"><\/td>\n<\/tr>\n<tr class=\"row-4 even\">\n<td class=\"column-1\" style=\"text-align: center\">C<\/td>\n<td class=\"column-2\" style=\"text-align: center\">76 280\u20ac**<\/td>\n<td class=\"column-3\" style=\"text-align: center\">4 020\u20ac<\/td>\n<td class=\"column-4\" style=\"text-align: center\">X<\/td>\n<td class=\"column-5\" style=\"text-align: center\"><\/td>\n<td class=\"column-6\" style=\"text-align: center\">X<\/td>\n<\/tr>\n<tr class=\"row-5 odd\">\n<td class=\"column-1\" style=\"text-align: center\">D<\/td>\n<td class=\"column-2\" style=\"text-align: center\">75 300\u20ac**<\/td>\n<td class=\"column-3\" style=\"text-align: center\">3 950 \u20ac<\/td>\n<td class=\"column-4\" style=\"text-align: center\">X<\/td>\n<td class=\"column-5\" style=\"text-align: center\"><\/td>\n<td class=\"column-6\" style=\"text-align: center\"><\/td>\n<\/tr>\n<tr class=\"row-6 even\">\n<td class=\"column-1\" style=\"text-align: center\">E<\/td>\n<td class=\"column-2\" style=\"text-align: center\">72 080\u20ac**<\/td>\n<td class=\"column-3\" style=\"text-align: center\">3 720 \u20ac<\/td>\n<td class=\"column-4\" style=\"text-align: center\"><\/td>\n<td class=\"column-5\" style=\"text-align: center\"><\/td>\n<td class=\"column-6\" style=\"text-align: center\">X<\/td>\n<\/tr>\n<tr class=\"row-7 odd\">\n<td class=\"column-1\" style=\"text-align: center\">F<\/td>\n<td class=\"column-2\" style=\"text-align: center\">71 100\u20ac**<\/td>\n<td class=\"column-3\" style=\"text-align: center\">3 650\u20ac<\/td>\n<td class=\"column-4\" style=\"text-align: center\"><\/td>\n<td class=\"column-5\" style=\"text-align: center\"><\/td>\n<td class=\"column-5\" style=\"text-align: center\"><\/td>\n<\/tr>\n<\/tbody>\n<\/table>\n<\/div>\n<p><em>**Ces prix incluent les frais pr\u00e9requis.<\/em><\/div><\/div><style>.vcex-toggle.vcex_69f0ec102e42d .vcex-toggle__trigger{color:#00205b;}.vcex-toggle.vcex_69f0ec102e42d .vcex-toggle__trigger:hover{color:#002482;}<\/style><div class=\"vcex-toggle vcex-module  wpb_animate_when_almost_visible wpb_fadeInRightBig fadeInRightBig vcex_69f0ec102e42d\" data-animate=\"true\" data-duration=\"300\"><div class=\"vcex-toggle__heading\"><a href=\"#tape-4--payer-les-frais-daposinscription--19-000\" class=\"vcex-toggle__trigger wpex-flex wpex-items-center wpex-transition-colors wpex-flex-row-reverse\" aria-expanded=\"false\" aria-controls=\"tape-4--payer-les-frais-daposinscription--19-000\"><div class=\"vcex-toggle__icon wpex-ml-10\" aria-hidden=\"true\"><div class=\"vcex-toggle__icon-open wpex-flex wpex-flex-col wpex-items-center\"><svg xmlns=\"http:\/\/www.w3.org\/2000\/svg\" height=\"1.5em\" viewBox=\"0 0 24 24\" width=\"1.5em\" fill=\"currentColor\" class=\"vcex-toggle__icon-open\"><path d=\"M0 0h24v24H0V0z\" fill=\"none\"\/><path d=\"M19 13h-6v6h-2v-6H5v-2h6V5h2v6h6v2z\"\/><\/svg><\/div><div class=\"vcex-toggle__icon-close wpex-flex wpex-flex-col wpex-items-center\"><svg xmlns=\"http:\/\/www.w3.org\/2000\/svg\" height=\"1.5em\" viewBox=\"0 0 24 24\" width=\"1.5em\" fill=\"currentColor\" class=\"vcex-toggle__icon-close\"><path d=\"M0 0h24v24H0V0z\" fill=\"none\"\/><path d=\"M19 13H5v-2h14v2z\"\/><\/svg><\/div><\/div><div class=\"vcex-toggle__title wpex-mr-auto\">\u00c9tape 4 : Payer les frais d&apos;inscription : 19 000\u20ac*<\/div><\/a><\/div><div id=\"tape-4--payer-les-frais-daposinscription--19-000\" class=\"vcex-toggle__content wpex-last-mb-0 wpex-my-10 wpex-clr\">Une fois que vous avez \u00e9t\u00e9 admis au pr\u00e9alable au cours, vous serez invit\u00e9 \u00e0 vous inscrire. Les frais de scolarit\u00e9 sont de 19 000\u20ac* et vous devez les transf\u00e9rer dans un d\u00e9lai <strong>maximum<\/strong> de 2 ou 3 mois apr\u00e8s les \u00e9valuations en ligne. Tous les citoyens non europ\u00e9ens doivent transf\u00e9rer les frais d&rsquo;inscription pour recevoir la Lettre d&rsquo;Acceptation requise pour le processus de demande de visa. Veuillez noter que le processus de demande de visa peut prendre jusqu&rsquo;\u00e0 2 ou 3 mois bien que dans de rares cas, il ait \u00e9t\u00e9 compl\u00e9t\u00e9 en seulement 4 semaines.<\/div><\/div><\/div><style> style=\"height:60px;\"<\/style><div class=\"vcex-spacing wpex-w-100 wpex-clear\" style=\"height:60px;\"><\/div><div class=\"theme-button-wrap theme-button-expanded-wrap\"><a href=\"https:\/\/www.flybyschool.com\/fr\/sinscrire\/\" class=\"vcex-button theme-button minimal-border black expanded hvr hvr-shadow expanded\" style=\"background:#000080;color:#ffffff;border:0;font-size:20px;border-radius:var(--wpex-rounded-full);\" data-wpex-hover='{&quot;background&quot;:&quot;#13137f&quot;}'><span class=\"vcex-button-inner theme-button-inner\">Inscrivez-vous maintenant !<\/span><\/a><\/div> [\/vc_column][\/vc_row]\n<\/div>","protected":false},"excerpt":{"rendered":"<p>[vc_row full_width=\u00a0\u00bbstretch_row_content\u00a0\u00bb content_placement=\u00a0\u00bbbottom\u00a0\u00bb full_height=\u00a0\u00bbyes\u00a0\u00bb columns_placement=\u00a0\u00bbbottom\u00a0\u00bb remove_bottom_col_margin=\u00a0\u00bbtrue\u00a0\u00bb typography_style=\u00a0\u00bbwhite-shadow\u00a0\u00bb css=\u00a0\u00bb.vc_custom_1717596546891{background-image: url(https:\/\/www.flybyschool.com\/wp-content\/uploads\/2024\/05\/matricularse.jpg?id=766) !important;background-position: center !important;background-repeat: no-repeat !important;background-size: cover !important;}\u00a0\u00bb wpex_bg_position=\u00a0\u00bb25% 75%;\u00a0\u00bb][vc_column css_animation=\u00a0\u00bbfadeInLeft\u00a0\u00bb wpex_featured_bg_image=\u00a0\u00bbtrue\u00a0\u00bb wpex_fixed_bg=\u00a0\u00bbfixed\u00a0\u00bb css=\u00a0\u00bb.vc_custom_1717596564183{background-image: url(https:\/\/www.flybyschool.com\/wp-content\/uploads\/2024\/04\/blue-shapes.png?id=145) !important;background-position: 0 0 !important;background-repeat: no-repeat !important;}\u00a0\u00bb wpex_bg_size=\u00a0\u00bb1012px 700px\u00a0\u00bb wpex_bg_position=\u00a0\u00bbleft bottom\u00a0\u00bb][\/vc_column][\/vc_row][vc_row gap=\u00a0\u00bb30&Prime; css=\u00a0\u00bb.vc_custom_1715407518258{margin-top: 60px !important;}\u00a0\u00bb local_scroll_id=\u00a0\u00bbcontacto\u00a0\u00bb][vc_column width=\u00a0\u00bb1\/2&Prime;][vc_column_text font_size=\u00a0\u00bb18px\u00a0\u00bb]S&rsquo;inscrire \u00e0 notre cours int\u00e9gr\u00e9 ATP est un processus simple et nous avons d\u00e9velopp\u00e9 un syst\u00e8me&hellip;<\/p>\n","protected":false},"author":1,"featured_media":0,"parent":0,"menu_order":0,"comment_status":"closed","ping_status":"closed","template":"","meta":{"_joinchat":[],"footnotes":""},"class_list":["post-2640","page","type-page","status-publish","hentry","entry","no-media"],"_links":{"self":[{"href":"https:\/\/www.flybyschool.com\/fr\/wp-json\/wp\/v2\/pages\/2640","targetHints":{"allow":["GET"]}}],"collection":[{"href":"https:\/\/www.flybyschool.com\/fr\/wp-json\/wp\/v2\/pages"}],"about":[{"href":"https:\/\/www.flybyschool.com\/fr\/wp-json\/wp\/v2\/types\/page"}],"author":[{"embeddable":true,"href":"https:\/\/www.flybyschool.com\/fr\/wp-json\/wp\/v2\/users\/1"}],"replies":[{"embeddable":true,"href":"https:\/\/www.flybyschool.com\/fr\/wp-json\/wp\/v2\/comments?post=2640"}],"version-history":[{"count":2,"href":"https:\/\/www.flybyschool.com\/fr\/wp-json\/wp\/v2\/pages\/2640\/revisions"}],"predecessor-version":[{"id":2782,"href":"https:\/\/www.flybyschool.com\/fr\/wp-json\/wp\/v2\/pages\/2640\/revisions\/2782"}],"wp:attachment":[{"href":"https:\/\/www.flybyschool.com\/fr\/wp-json\/wp\/v2\/media?parent=2640"}],"curies":[{"name":"wp","href":"https:\/\/api.w.org\/{rel}","templated":true}]}}