{"id":2697,"date":"2024-04-16T16:13:41","date_gmt":"2024-04-16T16:13:41","guid":{"rendered":"https:\/\/www.flybyschool.com\/le-programme-cadet\/"},"modified":"2024-11-12T15:47:44","modified_gmt":"2024-11-12T15:47:44","slug":"le-programme-cadet","status":"publish","type":"page","link":"https:\/\/www.flybyschool.com\/fr\/le-programme-cadet\/","title":{"rendered":"Le Programme Cadet"},"content":{"rendered":"<div class=\"wpb-content-wrapper\">[vc_row full_width=\u00a0\u00bbstretch_row_content\u00a0\u00bb content_placement=\u00a0\u00bbbottom\u00a0\u00bb full_height=\u00a0\u00bbyes\u00a0\u00bb columns_placement=\u00a0\u00bbbottom\u00a0\u00bb remove_bottom_col_margin=\u00a0\u00bbtrue\u00a0\u00bb wpex_post_thumbnail_bg=\u00a0\u00bbtrue\u00a0\u00bb css=\u00a0\u00bb.vc_custom_1717600015694{background-image: url(https:\/\/www.flybyschool.com\/wp-content\/uploads\/2024\/04\/inscribirse-flyby.jpg?id=536) !important;background-position: center !important;background-repeat: no-repeat !important;background-size: cover !important;}\u00a0\u00bb wpex_bg_position=\u00a0\u00bbcenter center\u00a0\u00bb][vc_column css_animation=\u00a0\u00bbfadeInLeft\u00a0\u00bb wpex_featured_bg_image=\u00a0\u00bbtrue\u00a0\u00bb wpex_fixed_bg=\u00a0\u00bbfixed\u00a0\u00bb css=\u00a0\u00bb.vc_custom_1717600026823{background-image: url(https:\/\/www.flybyschool.com\/wp-content\/uploads\/2024\/04\/blue-shapes.png?id=145) !important;background-position: 0 0 !important;background-repeat: no-repeat !important;}\u00a0\u00bb wpex_bg_size=\u00a0\u00bb1012px 700px\u00a0\u00bb wpex_bg_position=\u00a0\u00bbleft bottom\u00a0\u00bb]<style>.vcex-heading.vcex_69f855b7b28e1{color:#ffffff;font-size:42px;font-weight:700;}@media (max-width:767px){.vcex-heading.vcex_69f855b7b28e1{font-size:30px;}}<\/style><h1 class=\"vcex-heading vcex-heading-plain vcex-module wpex-heading wpex-text-2xl wpex-p-20 vc_custom_1717600054082 vcex_69f855b7b28e1\"><span class=\"vcex-heading-inner wpex-inline-block\">Le Programme Cadet<br \/>\nFlyby<\/span><\/h1><div class=\"vc_custom_1717600075192 wpex-clr\"><a href=\"#contacto\" class=\"vcex-button theme-button outline inline wpex-shadow-none local-scroll-link\" style=\"background:#00205b;color:#ffffff;font-size:20px;font-weight:300;border-radius:var(--wpex-rounded-full);\" data-wpex-hover='{&quot;background&quot;:&quot;#ffffff&quot;,&quot;color&quot;:&quot;var(--wpex-accent)&quot;}'><span class=\"vcex-button-inner theme-button-inner\">Contactez-nous<\/span><\/a><\/div> [\/vc_column][\/vc_row][vc_row full_width=\u00a0\u00bbstretch_row\u00a0\u00bb remove_bottom_col_margin=\u00a0\u00bbtrue\u00a0\u00bb css=\u00a0\u00bb.vc_custom_1701602984749{padding-top: 10% !important;padding-bottom: 10% !important;}\u00a0\u00bb][vc_column]<style>.vcex-heading.vcex_69f855b7b3fa2{color:#00205b;font-size:38px;font-weight:700;}<\/style><h2 class=\"vcex-heading vcex-heading-plain vcex-module wpex-heading wpex-text-2xl wpex-text-center vcex_69f855b7b3fa2\"><span class=\"vcex-heading-inner wpex-inline-block\">La seule Acad\u00e9mie d&apos;Aviation en Europe qui offre :<\/span><\/h2><div class=\"vcex-spacing wpex-w-100 wpex-clear\"><\/div><style>.vcex-heading.vcex_69f855b7b4602{font-weight:300;}<\/style><h3 class=\"vcex-heading vcex-heading-plain vcex-module wpex-heading wpex-text-2xl wpex-text-center vcex_69f855b7b4602\"><span class=\"vcex-heading-inner wpex-inline-block\">Programme de Cadet <strong>tout compris \u00e0 100%<\/strong><\/span><\/h3>[\/vc_column][\/vc_row][vc_row full_width=\u00a0\u00bbstretch_row\u00a0\u00bb content_placement=\u00a0\u00bbmiddle\u00a0\u00bb column_spacing=\u00a0\u00bb60&Prime; remove_bottom_col_margin=\u00a0\u00bbtrue\u00a0\u00bb css=\u00a0\u00bb.vc_custom_1701602015050{padding-top: 10% !important;padding-bottom: 10% !important;background-color: #001a5a !important;}\u00a0\u00bb][vc_column width=\u00a0\u00bb1\/2&Prime;]<style>.vcex-heading.vcex_69f855b7b4ada{color:#ffffff;font-size:20px;font-weight:700;}<\/style><h2 class=\"vcex-heading vcex-heading-plain vcex-module wpex-heading wpex-text-2xl vcex_69f855b7b4ada\"><span class=\"vcex-heading-inner wpex-inline-block\">Le Programme Cadet<\/span><\/h2><style> style=\"height:15px;\"<\/style><div class=\"vcex-spacing wpex-w-100 wpex-clear\" style=\"height:15px;\"><\/div><style>.vcex-heading.vcex_69f855b7b50f2{color:#ffffff;font-size:35px;font-weight:700;}<\/style><h3 class=\"vcex-heading vcex-heading-plain vcex-module wpex-heading wpex-text-2xl vcex_69f855b7b50f2\"><span class=\"vcex-heading-inner wpex-inline-block\">Avec garantie d&apos;emploi<\/span><\/h3><div class=\"vcex-spacing wpex-w-100 wpex-clear\"><\/div><style>.vcex-bullets.vcex_69f855b7b56c1 .vcex-bullets-icon{color:#12c9e9;}.vcex-bullets.vcex_69f855b7b56c1{color:#ffffff;}<\/style><div class=\"vcex-module vcex-bullets custom-icon vcex_69f855b7b56c1\">\n<ul>\n<li><div class=\"vcex-bullets-ci-wrap wpex-inline-flex\"><span class=\"vcex-bullets-icon-wrap vcex-icon-wrap wpex-mr-10\"><span class=\"vcex-bullets-icon vcex-icon ticon ticon-check-circle\" aria-hidden=\"true\"><\/span><\/span><div class=\"vcex-content wpex-flex-grow\">Cours Int\u00e9gr\u00e9 ATPL<\/div><\/div><\/li>\n<li><div class=\"vcex-bullets-ci-wrap wpex-inline-flex\"><span class=\"vcex-bullets-icon-wrap vcex-icon-wrap wpex-mr-10\"><span class=\"vcex-bullets-icon vcex-icon ticon ticon-check-circle\" aria-hidden=\"true\"><\/span><\/span><div class=\"vcex-content wpex-flex-grow\">Cours d&rsquo;Instructeur de Vol<\/div><\/div><\/li>\n<li><div class=\"vcex-bullets-ci-wrap wpex-inline-flex\"><span class=\"vcex-bullets-icon-wrap vcex-icon-wrap wpex-mr-10\"><span class=\"vcex-bullets-icon vcex-icon ticon ticon-check-circle\" aria-hidden=\"true\"><\/span><\/span><div class=\"vcex-content wpex-flex-grow\">Emploi d&rsquo;instructeur de vol d&rsquo;un an<\/div><\/div><\/li>\n<\/ul>\n<\/div><style> style=\"height:45px;\"<\/style><div class=\"vcex-spacing wpex-w-100 wpex-clear\" style=\"height:45px;\"><\/div><style>.vcex-flex-container_69f855b7b5cca{gap:15px;}<\/style><div class=\"vcex-flex-container vcex-module wpex-flex wpex-gap-20 wpex-flex-wrap vcex-flex-container_69f855b7b5cca\"><style>.vcex-heading.vcex_69f855b7b60d8{color:var(--wpex-on-accent);font-size:22px;font-weight:300;}<\/style><div class=\"vcex-heading vcex-heading-plain vcex-module wpex-heading wpex-text-2xl vcex_69f855b7b60d8\"><span class=\"vcex-heading-inner wpex-inline-block\"><strong>Garantie d&apos;Emploi !<\/strong><br \/>\n<u>600 heures<\/u> de vol<br \/>\nDur\u00e9e : <u>29 mois<\/u><\/span><\/div><\/div><style> style=\"height:40px;\"<\/style><div class=\"vcex-spacing wpex-w-100 wpex-clear\" style=\"height:40px;\"><\/div>[\/vc_column][vc_column width=\u00a0\u00bb1\/2&Prime;]<figure class=\"vcex-image vcex-module textcenter\"><div class=\"vcex-image-inner wpex-relative wpex-inline-block\"><img width=\"753\" height=\"450\" src=\"https:\/\/www.flybyschool.com\/wp-content\/uploads\/2023\/12\/flybycadetprogramimage-753x450-1.png\" class=\"vcex-image-img wpex-align-middle wpex-shadow\" alt=\"\" loading=\"lazy\" decoding=\"async\" srcset=\"https:\/\/www.flybyschool.com\/wp-content\/uploads\/2023\/12\/flybycadetprogramimage-753x450-1.png 753w, https:\/\/www.flybyschool.com\/wp-content\/uploads\/2023\/12\/flybycadetprogramimage-753x450-1-300x179.png 300w\" sizes=\"auto, (max-width: 753px) 100vw, 753px\" \/><\/div><\/figure>[\/vc_column][\/vc_row][vc_row full_width=\u00a0\u00bbstretch_row\u00a0\u00bb content_placement=\u00a0\u00bbmiddle\u00a0\u00bb css=\u00a0\u00bb.vc_custom_1626733007345{padding-top: 100px !important;padding-bottom: 60px !important;background-color: #f7f7f7 !important;}\u00a0\u00bb][vc_column]<div class=\"vcex-grid-container vcex-module wpex-grid wpex-gap-20 wpex-grid-cols-1 wpex-lg-grid-cols-2\" style=\"gap:30px;\"><div class=\"vcex-module vcex-icon-box vcex-icon-box-two wpex-block wpex-shadow-2xl wpex-p-25 wpex-text-center\" style=\"background-color:#ffffff;border-radius:15px;\"><div class=\"vcex-icon-box-symbol wpex-mb-20\"><img loading=\"lazy\" class=\"vcex-icon-box-image wpex-align-middle\" style=\"width:60px;\" decoding=\"async\" src=\"https:\/\/www.flybyschool.com\/wp-content\/uploads\/2024\/05\/favicon-60x60.png\" alt=\"\" srcset=\"https:\/\/www.flybyschool.com\/wp-content\/uploads\/2024\/05\/favicon-60x60.png 60w, https:\/\/www.flybyschool.com\/wp-content\/uploads\/2024\/05\/favicon-150x150.png 150w, https:\/\/www.flybyschool.com\/wp-content\/uploads\/2024\/05\/favicon-80x80.png 80w, https:\/\/www.flybyschool.com\/wp-content\/uploads\/2024\/05\/favicon.png 255w\" width=\"60\" height=\"60\"><\/div><div class=\"vcex-icon-box-text\"><div class=\"vcex-icon-box-heading wpex-heading\" style=\"font-size:24px;margin-bottom:5px;\">Forfait de base<\/div><div class=\"vcex-icon-box-content wpex-last-mb-0 wpex-clr\"><p><span style=\"font-size: 24px\"><strong>Seulement 91 400 \u20ac !<\/strong><\/span><br \/>\nLe forfait de base n&rsquo;inclut ni l&rsquo;h\u00e9bergement, ni les repas, ni le transport.<\/p>\n<\/div><\/div><\/div><div class=\"vcex-module vcex-icon-box vcex-icon-box-two wpex-block wpex-shadow-2xl wpex-p-25 wpex-text-center\" style=\"background-color:#ffffff;border-radius:15px;\"><div class=\"vcex-icon-box-symbol wpex-mb-20\"><img loading=\"lazy\" class=\"vcex-icon-box-image wpex-align-middle\" style=\"width:60px;\" decoding=\"async\" src=\"https:\/\/www.flybyschool.com\/wp-content\/uploads\/2024\/05\/favicon-60x60.png\" alt=\"\" srcset=\"https:\/\/www.flybyschool.com\/wp-content\/uploads\/2024\/05\/favicon-60x60.png 60w, https:\/\/www.flybyschool.com\/wp-content\/uploads\/2024\/05\/favicon-150x150.png 150w, https:\/\/www.flybyschool.com\/wp-content\/uploads\/2024\/05\/favicon-80x80.png 80w, https:\/\/www.flybyschool.com\/wp-content\/uploads\/2024\/05\/favicon.png 255w\" width=\"60\" height=\"60\"><\/div><div class=\"vcex-icon-box-text\"><div class=\"vcex-icon-box-heading wpex-heading\" style=\"font-size:24px;margin-bottom:5px;\">Prix tout compris<\/div><div class=\"vcex-icon-box-content wpex-last-mb-0 wpex-clr\"><p><span style=\"font-size: 24px\"><strong>Seulement 101 600 \u20ac !<\/strong><\/span><\/p>\n<\/div><\/div><\/div><\/div>[\/vc_column][\/vc_row][vc_row css=\u00a0\u00bb.vc_custom_1716013349049{margin-top: 60px !important;}\u00a0\u00bb][vc_column]<style>.vcex-heading.vcex_69f855b7ba322{color:#00205b;font-size:38px;font-weight:700;}<\/style><div class=\"vcex-heading vcex-heading-plain vcex-module wpex-heading wpex-text-2xl wpex-text-center vcex_69f855b7ba322\"><span class=\"vcex-heading-inner wpex-inline-block\">Que comprend le forfait tout compris ?<\/span><\/div><div class=\"vcex-spacing wpex-w-100 wpex-clear\"><\/div><style>.vcex-heading.vcex_69f855b7ba909{color:#00205b;font-size:22px;font-weight:700;}<\/style><div class=\"vcex-heading vcex-heading-plain vcex-module wpex-heading wpex-text-2xl vc_custom_1716013497990 vcex_69f855b7ba909\"><span class=\"vcex-heading-inner wpex-inline-block\">Phase 1 : ATPL Int\u00e9gr\u00e9<\/span><\/div><div class=\"vcex-module vcex-bullets vcex-bullets-check\">\n<ul>\n<li>Frais d&rsquo;atterrissage<\/li>\n<li>H\u00e9bergement pour 14 mois : Chambre priv\u00e9e .<\/li>\n<li>3 repas par jour, 7 jours par semaine .<\/li>\n<li>238 heures de formation en vol<\/li>\n<li>812 heures de formation en classe<\/li>\n<li>APS MCC \u00e9tendu de 40 heures sur un Airbus A320<\/li>\n<li>Service de navette entre les r\u00e9sidences et l&rsquo;a\u00e9roport .<\/li>\n<li>Mat\u00e9riel d&rsquo;\u00e9tude de Bristol Ground School ou similaire<\/li>\n<li>iPad avec mat\u00e9riel de formation<\/li>\n<li>Examen m\u00e9dical initial de Classe 1<\/li>\n<li>Les frais d&rsquo;examen au sol des 14 modules EASA pour les examens ATPL \u00e0 Burgos (1 tentative par sujet)<\/li>\n<li>Tests de comp\u00e9tence en vol EASA (2 tests au total)<\/li>\n<li>Casque<\/li>\n<li>Cartes a\u00e9ronautiques<\/li>\n<li>Acc\u00e8s aux cartes AIP d&rsquo;AENA<\/li>\n<li>Manuel de vol, computer CR3, carnet de vol et manuel des man\u0153uvres<\/li>\n<li>Uniforme : 2 pantalons, 3 chemises, 2 cravates, 1 pull<\/li>\n<li>Assurance m\u00e9dicale de base requise pour les \u00e9trangers (14 mois) .<\/li>\n<li>Frais de d\u00e9livrance de licence<\/li>\n<li>Test de comp\u00e9tence en anglais de l&rsquo;OACI (1 tentative)<\/li>\n<\/ul>\n<\/div><div class=\"vcex-spacing wpex-w-100 wpex-clear\"><\/div><style>.vcex-heading.vcex_69f855b7bb18a{color:#00205b;font-size:22px;font-weight:700;}<\/style><div class=\"vcex-heading vcex-heading-plain vcex-module wpex-heading wpex-text-2xl vc_custom_1716013517400 vcex_69f855b7bb18a\"><span class=\"vcex-heading-inner wpex-inline-block\">Phase 2 : Cours d&apos;Instructeur de Vol<\/span><\/div><div class=\"vcex-module vcex-bullets vcex-bullets-check\">\n<ul>\n<li>Frais d&rsquo;atterrissage<\/li>\n<li>H\u00e9bergement pour 3 mois : Chambre priv\u00e9e<\/li>\n<li>3 repas par jour, 7 jours par semaine .<\/li>\n<li>30 heures de formation en vol<\/li>\n<li>130 heures de formation en classe<\/li>\n<li>Service de navette entre les r\u00e9sidences et l&rsquo;a\u00e9roport .<\/li>\n<li>Mat\u00e9riel d&rsquo;\u00e9tude<\/li>\n<li>1 renouvellement m\u00e9dical de Classe 1<\/li>\n<li>Test de comp\u00e9tence en vol EASA (1,5 heure)<\/li>\n<li>Assurance m\u00e9dicale de base requise pour les \u00e9trangers (3 mois) .<\/li>\n<li>Frais de d\u00e9livrance de licence<\/li>\n<\/ul>\n<\/div><div class=\"vcex-spacing wpex-w-100 wpex-clear\"><\/div><style>.vcex-heading.vcex_69f855b7bba41{color:#00205b;font-size:22px;font-weight:700;}<\/style><div class=\"vcex-heading vcex-heading-plain vcex-module wpex-heading wpex-text-2xl vc_custom_1716013527412 vcex_69f855b7bba41\"><span class=\"vcex-heading-inner wpex-inline-block\">Phase 3 : Travail d&apos;Instructeur de Vol<\/span><\/div><div class=\"vcex-module vcex-bullets vcex-bullets-check\">\n<ul>\n<li>Contrat FI de 12 mois (jusqu&rsquo;\u00e0 atteindre un minimum de 600 heures de vol)<\/li>\n<li>Minimum de 330 heures de vol d&rsquo;instruction avec les \u00e9tudiants de FlyBy<\/li>\n<li>1 renouvellement m\u00e9dical de Classe 1<\/li>\n<\/ul>\n<\/div>[\/vc_column][\/vc_row][vc_row content_placement=\u00a0\u00bbmiddle\u00a0\u00bb css=\u00a0\u00bb.vc_custom_1715185074339{margin-top: 60px !important;}\u00a0\u00bb local_scroll_id=\u00a0\u00bbcontacto\u00a0\u00bb][vc_column width=\u00a0\u00bb2\/3&Prime;]<style>.vcex-heading.vcex_69f855b7bc19c{color:#000080;font-size:43px;font-weight:300;}<\/style><div class=\"vcex-heading vcex-heading-plain vcex-module wpex-heading wpex-text-2xl vcex_69f855b7bc19c\"><span class=\"vcex-heading-inner wpex-inline-block\">Contactez-nous<\/span><\/div><style> style=\"height:20px;\"<\/style><div class=\"vcex-spacing wpex-w-100 wpex-clear\" style=\"height:20px;\"><\/div>[vc_column_text font_size=\u00a0\u00bb18px\u00a0\u00bb]N&rsquo;h\u00e9sitez pas \u00e0 nous contacter si vous avez des questions. Nous r\u00e9pondrons d\u00e8s que possible.[\/vc_column_text]<div class=\"vcex-spacing wpex-w-100 wpex-clear\"><\/div>\n<div class=\"wpcf7 no-js\" id=\"wpcf7-f2849-o1\" lang=\"fr-FR\" dir=\"ltr\" data-wpcf7-id=\"2849\">\n<div class=\"screen-reader-response\"><p role=\"status\" aria-live=\"polite\" aria-atomic=\"true\"><\/p> <ul><\/ul><\/div>\n<form action=\"\/fr\/wp-json\/wp\/v2\/pages\/2697#wpcf7-f2849-o1\" method=\"post\" class=\"wpcf7-form init\" aria-label=\"Formulaire de contact\" novalidate=\"novalidate\" data-status=\"init\">\n<fieldset class=\"hidden-fields-container\"><input type=\"hidden\" name=\"_wpcf7\" value=\"2849\" \/><input type=\"hidden\" name=\"_wpcf7_version\" value=\"6.1.5\" \/><input type=\"hidden\" name=\"_wpcf7_locale\" value=\"fr_FR\" \/><input type=\"hidden\" name=\"_wpcf7_unit_tag\" value=\"wpcf7-f2849-o1\" \/><input type=\"hidden\" name=\"_wpcf7_container_post\" value=\"0\" \/><input type=\"hidden\" name=\"_wpcf7_posted_data_hash\" value=\"\" \/><input type=\"hidden\" name=\"_wpcf7cf_hidden_group_fields\" value=\"[]\" \/><input type=\"hidden\" name=\"_wpcf7cf_hidden_groups\" value=\"[]\" \/><input type=\"hidden\" name=\"_wpcf7cf_visible_groups\" value=\"[]\" \/><input type=\"hidden\" name=\"_wpcf7cf_repeaters\" value=\"[]\" \/><input type=\"hidden\" name=\"_wpcf7cf_steps\" value=\"{}\" \/><input type=\"hidden\" name=\"_wpcf7cf_options\" value=\"{&quot;form_id&quot;:2849,&quot;conditions&quot;:[],&quot;settings&quot;:{&quot;animation&quot;:&quot;yes&quot;,&quot;animation_intime&quot;:200,&quot;animation_outtime&quot;:200,&quot;conditions_ui&quot;:&quot;normal&quot;,&quot;notice_dismissed&quot;:false,&quot;repeater_remove_button&quot;:&quot;bottom&quot;}}\" \/>\n<\/fieldset>\n<div class=\"wpex-row clr\">\n\t<div class=\"span_1_of_2 col col-1 clr\">\n\t\t<p><span class=\"wpcf7-form-control-wrap\" data-name=\"your-name\"><input size=\"40\" maxlength=\"400\" class=\"wpcf7-form-control wpcf7-text wpcf7-validates-as-required\" aria-required=\"true\" aria-invalid=\"false\" placeholder=\"Pr\u00e9nom\" value=\"\" type=\"text\" name=\"your-name\" \/><\/span>\n\t\t<\/p>\n\t<\/div>\n\t<div class=\"span_1_of_2 col clr\">\n\t\t<p><span class=\"wpcf7-form-control-wrap\" data-name=\"your-apellidos\"><input size=\"40\" maxlength=\"400\" class=\"wpcf7-form-control wpcf7-text wpcf7-validates-as-required\" aria-required=\"true\" aria-invalid=\"false\" placeholder=\"Nom de Famille\" value=\"\" type=\"text\" name=\"your-apellidos\" \/><\/span>\n\t\t<\/p>\n\t<\/div>\n<\/div>\n<p><label> <span class=\"wpcf7-form-control-wrap\" data-name=\"your-email\"><input size=\"40\" maxlength=\"400\" class=\"wpcf7-form-control wpcf7-email wpcf7-validates-as-required wpcf7-text wpcf7-validates-as-email\" aria-required=\"true\" aria-invalid=\"false\" placeholder=\"Email\" value=\"\" type=\"email\" name=\"your-email\" \/><\/span> <\/label>\n<\/p>\n<div class=\"wpex-row clr\">\n\t<div class=\"span_1_of_2 col col-1 clr\">\n\t\t<p><span class=\"wpcf7-form-control-wrap\" data-name=\"phonetext-799\"><input size=\"40\" class=\"wpcf7-form-control wpcf7-phonetext wpcf7-validates-as-required wpcf7-text wpcf7-validates-as-phonetext\" aria-required=\"true\" aria-invalid=\"false\" value=\"\" type=\"text\" name=\"phonetext-799\" \/><input type=\"hidden\" name=\"phonetext-799-country-code\" class=\"wpcf7-phonetext-country-code\" \/><\/span>\n\t\t<\/p>\n\t<\/div>\n\t<div class=\"span_1_of_2 col clr\">\n\t\t<p><label><span class=\"wpcf7-form-control-wrap\" data-name=\"countrytext-368\"><input size=\"40\" class=\"wpcf7-form-control wpcf7-countrytext wpcf7-validates-as-required wpcf7-text wpcf7-validates-as-countrytext\" aria-required=\"true\" aria-invalid=\"false\" value=\"\" type=\"text\" name=\"countrytext-368\" \/><\/span> <\/label>\n\t\t<\/p>\n\t<\/div>\n<\/div>\n<p><label><span class=\"wpcf7-form-control-wrap\" data-name=\"your-message\"><textarea cols=\"40\" rows=\"10\" maxlength=\"2000\" class=\"wpcf7-form-control wpcf7-textarea wpcf7-validates-as-required\" aria-required=\"true\" aria-invalid=\"false\" placeholder=\"Message\" name=\"your-message\"><\/textarea><\/span> <\/label><br \/>\n<span class=\"wpcf7-form-control-wrap\" data-name=\"acceptance-627\"><span class=\"wpcf7-form-control wpcf7-acceptance\"><span class=\"wpcf7-list-item\"><label><input type=\"checkbox\" name=\"acceptance-627\" value=\"1\" aria-invalid=\"false\" \/><span class=\"wpcf7-list-item-label\"><span style=\"font-weight: bold;\">Je COMPRENDS ET J'ACCEPTE <\/span> le traitement de mes donn\u00e9es tel que d\u00e9crit et expliqu\u00e9 plus en d\u00e9tail dans la <a rel=\"nofollow\" target=\"_self\" href=\"\/fr\/privacy-policy\/\">Politique de Confidentialit\u00e9<\/a>. (Votre refus de nous autoriser rendra impossible le traitement de vos donn\u00e9es pour l'objectif indiqu\u00e9).<\/span><\/label><\/span><\/span><\/span><br \/>\n<input class=\"wpcf7-form-control wpcf7-submit has-spinner\" type=\"submit\" value=\"Envoyer\" \/>\n<\/p><div class=\"wpcf7-response-output\" aria-hidden=\"true\"><\/div>\n<\/form>\n<\/div>\n[\/vc_column][vc_column width=\u00a0\u00bb1\/3&Prime;]<div class=\"vcex-module vcex-icon-box vcex-icon-box-two wpex-block wpex-p-25 wpex-text-center\"><div class=\"vcex-icon-box-symbol wpex-mb-20\"><div class=\"vcex-icon-box-icon wpex-inline-flex wpex-items-center wpex-justify-center wpex-child-inherit-color wpex-text-center wpex-leading-none wpex-text-1\" style=\"font-size:var(--vcex-icon-md);width:100px;height:100px;\"><span class=\"ticon ticon-map-marker\" aria-hidden=\"true\"><\/span><\/div><\/div><div class=\"vcex-icon-box-text\"><div class=\"vcex-icon-box-heading wpex-heading\" style=\"color:#00205b;--wpex-hover-heading-link-color:#00205b;font-size:24px;margin-bottom:5px;\">Adresse<\/div><div class=\"vcex-icon-box-content wpex-last-mb-0 wpex-clr\" style=\"color:#474747;font-size:18px;font-weight:300;\"><p>Carretera de Logro\u00f1o, 107<br \/>\n09007 &#8211; Burgos<\/p>\n<\/div><\/div><\/div><div class=\"vcex-spacing wpex-w-100 wpex-clear\"><\/div><div class=\"vcex-module vcex-icon-box vcex-icon-box-two wpex-block wpex-p-25 wpex-text-center\"><div class=\"vcex-icon-box-symbol wpex-mb-20\"><div class=\"vcex-icon-box-icon wpex-inline-flex wpex-items-center wpex-justify-center wpex-child-inherit-color wpex-text-center wpex-leading-none wpex-text-1\" style=\"font-size:var(--vcex-icon-md);width:100px;height:100px;\"><span class=\"ticon ticon-phone\" aria-hidden=\"true\"><\/span><\/div><\/div><div class=\"vcex-icon-box-text\"><div class=\"vcex-icon-box-heading wpex-heading\" style=\"color:#00205b;--wpex-hover-heading-link-color:#00205b;font-size:24px;margin-bottom:5px;\">T\u00e9l\u00e9phone<\/div><div class=\"vcex-icon-box-content wpex-last-mb-0 wpex-clr\" style=\"color:#474747;font-size:18px;font-weight:300;\"><p>+34 947 45 55 91<\/p>\n<\/div><\/div><\/div>[\/vc_column][\/vc_row]\n<\/div>","protected":false},"excerpt":{"rendered":"<p>[vc_row full_width=\u00a0\u00bbstretch_row_content\u00a0\u00bb content_placement=\u00a0\u00bbbottom\u00a0\u00bb full_height=\u00a0\u00bbyes\u00a0\u00bb columns_placement=\u00a0\u00bbbottom\u00a0\u00bb remove_bottom_col_margin=\u00a0\u00bbtrue\u00a0\u00bb wpex_post_thumbnail_bg=\u00a0\u00bbtrue\u00a0\u00bb css=\u00a0\u00bb.vc_custom_1717600015694{background-image: url(https:\/\/www.flybyschool.com\/wp-content\/uploads\/2024\/04\/inscribirse-flyby.jpg?id=536) !important;background-position: center !important;background-repeat: no-repeat !important;background-size: cover !important;}\u00a0\u00bb wpex_bg_position=\u00a0\u00bbcenter center\u00a0\u00bb][vc_column css_animation=\u00a0\u00bbfadeInLeft\u00a0\u00bb wpex_featured_bg_image=\u00a0\u00bbtrue\u00a0\u00bb wpex_fixed_bg=\u00a0\u00bbfixed\u00a0\u00bb css=\u00a0\u00bb.vc_custom_1717600026823{background-image: url(https:\/\/www.flybyschool.com\/wp-content\/uploads\/2024\/04\/blue-shapes.png?id=145) !important;background-position: 0 0 !important;background-repeat: no-repeat !important;}\u00a0\u00bb wpex_bg_size=\u00a0\u00bb1012px 700px\u00a0\u00bb wpex_bg_position=\u00a0\u00bbleft bottom\u00a0\u00bb][\/vc_column][\/vc_row][vc_row full_width=\u00a0\u00bbstretch_row\u00a0\u00bb remove_bottom_col_margin=\u00a0\u00bbtrue\u00a0\u00bb css=\u00a0\u00bb.vc_custom_1701602984749{padding-top: 10% !important;padding-bottom: 10% !important;}\u00a0\u00bb][vc_column][\/vc_column][\/vc_row][vc_row full_width=\u00a0\u00bbstretch_row\u00a0\u00bb content_placement=\u00a0\u00bbmiddle\u00a0\u00bb column_spacing=\u00a0\u00bb60&Prime; remove_bottom_col_margin=\u00a0\u00bbtrue\u00a0\u00bb css=\u00a0\u00bb.vc_custom_1701602015050{padding-top: 10% !important;padding-bottom: 10% !important;background-color: #001a5a !important;}\u00a0\u00bb][vc_column width=\u00a0\u00bb1\/2&Prime;][\/vc_column][vc_column width=\u00a0\u00bb1\/2&Prime;][\/vc_column][\/vc_row][vc_row full_width=\u00a0\u00bbstretch_row\u00a0\u00bb content_placement=\u00a0\u00bbmiddle\u00a0\u00bb&hellip;<\/p>\n","protected":false},"author":1,"featured_media":0,"parent":0,"menu_order":0,"comment_status":"closed","ping_status":"closed","template":"","meta":{"_joinchat":[],"footnotes":""},"class_list":["post-2697","page","type-page","status-publish","hentry","entry","no-media"],"_links":{"self":[{"href":"https:\/\/www.flybyschool.com\/fr\/wp-json\/wp\/v2\/pages\/2697","targetHints":{"allow":["GET"]}}],"collection":[{"href":"https:\/\/www.flybyschool.com\/fr\/wp-json\/wp\/v2\/pages"}],"about":[{"href":"https:\/\/www.flybyschool.com\/fr\/wp-json\/wp\/v2\/types\/page"}],"author":[{"embeddable":true,"href":"https:\/\/www.flybyschool.com\/fr\/wp-json\/wp\/v2\/users\/1"}],"replies":[{"embeddable":true,"href":"https:\/\/www.flybyschool.com\/fr\/wp-json\/wp\/v2\/comments?post=2697"}],"version-history":[{"count":14,"href":"https:\/\/www.flybyschool.com\/fr\/wp-json\/wp\/v2\/pages\/2697\/revisions"}],"predecessor-version":[{"id":3534,"href":"https:\/\/www.flybyschool.com\/fr\/wp-json\/wp\/v2\/pages\/2697\/revisions\/3534"}],"wp:attachment":[{"href":"https:\/\/www.flybyschool.com\/fr\/wp-json\/wp\/v2\/media?parent=2697"}],"curies":[{"name":"wp","href":"https:\/\/api.w.org\/{rel}","templated":true}]}}