{"id":2705,"date":"2024-04-09T05:27:12","date_gmt":"2024-04-09T05:27:12","guid":{"rendered":"https:\/\/www.flybyschool.com\/sinscrire\/"},"modified":"2024-08-20T08:36:42","modified_gmt":"2024-08-20T08:36:42","slug":"sinscrire","status":"publish","type":"page","link":"https:\/\/www.flybyschool.com\/fr\/sinscrire\/","title":{"rendered":"S&rsquo;inscrire"},"content":{"rendered":"<div class=\"wpb-content-wrapper\">[vc_row full_width=\u00a0\u00bbstretch_row_content\u00a0\u00bb content_placement=\u00a0\u00bbbottom\u00a0\u00bb full_height=\u00a0\u00bbyes\u00a0\u00bb columns_placement=\u00a0\u00bbbottom\u00a0\u00bb remove_bottom_col_margin=\u00a0\u00bbtrue\u00a0\u00bb typography_style=\u00a0\u00bbwhite-shadow\u00a0\u00bb wpex_post_thumbnail_bg=\u00a0\u00bbtrue\u00a0\u00bb css=\u00a0\u00bb.vc_custom_1717600283900{background-image: url(https:\/\/www.flybyschool.com\/wp-content\/uploads\/2024\/04\/inscribirse-flyby.jpg?id=536) !important;background-position: center !important;background-repeat: no-repeat !important;background-size: cover !important;}\u00a0\u00bb wpex_bg_position=\u00a0\u00bbcenter center\u00a0\u00bb][vc_column css_animation=\u00a0\u00bbfadeInLeft\u00a0\u00bb wpex_featured_bg_image=\u00a0\u00bbtrue\u00a0\u00bb wpex_fixed_bg=\u00a0\u00bbfixed\u00a0\u00bb css=\u00a0\u00bb.vc_custom_1717600293455{background-image: url(https:\/\/www.flybyschool.com\/wp-content\/uploads\/2024\/04\/blue-shapes.png?id=145) !important;background-position: 0 0 !important;background-repeat: no-repeat !important;}\u00a0\u00bb wpex_bg_size=\u00a0\u00bb1012px 700px\u00a0\u00bb wpex_bg_position=\u00a0\u00bbleft bottom\u00a0\u00bb]<style>.vcex-heading.vcex_69f0ddb0ab90b{color:#ffffff;font-size:42px;font-weight:700;}@media (max-width:767px){.vcex-heading.vcex_69f0ddb0ab90b{font-size:30px;}}<\/style><h1 class=\"vcex-heading vcex-heading-plain vcex-module wpex-heading wpex-text-2xl wpex-p-20 vc_custom_1717600314100 vcex_69f0ddb0ab90b\"><span class=\"vcex-heading-inner wpex-inline-block\">Inscris-toi et r\u00e9alise<br \/>\nton r\u00eave de devenir pilote<\/span><\/h1><div class=\"vc_custom_1717600334956 wpex-clr\"><a href=\"#inscripcion\" class=\"vcex-button theme-button outline inline wpex-shadow-none local-scroll-link\" style=\"background:#00205b;color:#ffffff;font-size:20px;font-weight:300;border-radius:var(--wpex-rounded-full);\" data-wpex-hover='{&quot;background&quot;:&quot;#ffffff&quot;,&quot;color&quot;:&quot;var(--wpex-accent)&quot;}'><span class=\"vcex-button-inner theme-button-inner\">Inscrivez-vous maintenant !<\/span><\/a><\/div> [\/vc_column][\/vc_row][vc_row css=\u00a0\u00bb.vc_custom_1712690043524{padding-top: 60px !important;padding-bottom: 60px !important;}\u00a0\u00bb][vc_column]<style>.vcex-heading.vcex_69f0ddb0acdcc{color:var(--wpex-accent);font-size:42px;font-weight:700;}@media (max-width:767px){.vcex-heading.vcex_69f0ddb0acdcc{font-size:30px;}}<\/style><h1 class=\"vcex-heading vcex-heading-plain vcex-module wpex-heading wpex-text-2xl vcex_69f0ddb0acdcc\"><span class=\"vcex-heading-inner wpex-inline-block\">Comment s&apos;inscrire<\/span><\/h1><div class=\"vcex-spacing wpex-w-100 wpex-clear\"><\/div>[vc_column_text]Nous utilisons une s\u00e9quence d&rsquo;inscription automatis\u00e9e similaire \u00e0 celle de notre programme int\u00e9gr\u00e9 ATPL, sauf qu&rsquo;une partie du processus sera g\u00e9r\u00e9e par l&rsquo;Universit\u00e9 de Burgos.<\/p>\n<p><strong>\u00c9tape 1.<\/strong> Inscrivez-vous dans la plus grande \u00e9cole de pilotage d&rsquo;Europe avec plus de 350 \u00e9tudiants de 110 pays \u00e0 travers le monde gr\u00e2ce \u00e0 notre nouveau syst\u00e8me d&rsquo;int\u00e9gration via ce lien :<\/p>\n<p><a href=\"#inscripcion\" rel=\"noopener\"><a href=\"#inscripcion\">Inscrivez-vous maintenant<\/a><\/a><\/p>\n<p><strong>\u00c9tape 2.<\/strong> Dans la premi\u00e8re partie, vous devrez remplir le formulaire avec vos coordonn\u00e9es et effectuer le premier virement de 1000 euros pour pouvoir acc\u00e9der aux tests. Nous vous rappelons que le paiement des 1000 euros peut \u00eatre effectu\u00e9 via PayPal ou virement bancaire (toutes les informations seront disponibles dans le syst\u00e8me d&rsquo;int\u00e9gration).<\/p>\n<p><strong>\u00c9tape 3.<\/strong> Apr\u00e8s avoir effectu\u00e9 le paiement, vous devrez t\u00e9l\u00e9charger le re\u00e7u de paiement dans votre espace r\u00e9serv\u00e9. FlyBy aura besoin de 24 heures pour l&rsquo;approuver, puis vous pourrez acc\u00e9der aux tests d&rsquo;\u00e9valuation.<\/p>\n<p><strong>\u00c9tape 4.<\/strong> \u00c0 ce stade, vous pouvez proc\u00e9der aux tests d&rsquo;\u00e9valuation, qui prendront environ 3 heures \u00e0 compl\u00e9ter. Nous vous rappelons que vous pouvez passer les tests individuellement et faire une pause entre chacun. Il est important de se rappeler que chaque test a un temps de r\u00e9alisation maximum et qu&rsquo;une fois commenc\u00e9, il doit \u00eatre termin\u00e9.<\/p>\n<p><strong>\u00c9tape 5.<\/strong> Une fois les tests termin\u00e9s, l&rsquo;\u00e9valuation peut prendre jusqu&rsquo;\u00e0 24 heures, et si vous r\u00e9ussissez, vous pourrez continuer le processus d&rsquo;inscription. N&rsquo;oubliez pas que vous aurez 2 \u00e0 3 mois pour compl\u00e9ter le paiement des 19 000 euros n\u00e9cessaires pour garantir votre date de d\u00e9but.<\/p>\n<p>Pour toute question ou pr\u00e9occupation, veuillez contacter notre \u00e9quipe ou l&rsquo;un de nos Country Managers correspondant \u00e0 votre r\u00e9gion.<\/p>\n<p>Bienvenue chez FlyBy ![\/vc_column_text][\/vc_column][\/vc_row][vc_row full_width=\u00a0\u00bbstretch_row\u00a0\u00bb remove_bottom_col_margin=\u00a0\u00bbtrue\u00a0\u00bb css=\u00a0\u00bb.vc_custom_1712689880840{margin-bottom: 60px !important;padding-top: 10% !important;padding-bottom: 10% !important;background-color: #00205b !important;}\u00a0\u00bb local_scroll_id=\u00a0\u00bbinscripcion\u00a0\u00bb][vc_column]<style>.vcex-heading.vcex_69f0ddb0ad3d0{color:#ffffff;font-size:43px;font-weight:600;}<\/style><div class=\"vcex-heading vcex-heading-plain vcex-module wpex-heading wpex-text-2xl wpex-text-center vcex_69f0ddb0ad3d0\"><span class=\"vcex-heading-inner wpex-inline-block\">Inscrivez-vous maintenant !<\/span><\/div><div class=\"vcex-module vcex-divider vcex-divider-solid vcex-divider-center wpex-mx-auto wpex-max-w-100 wpex-block wpex-h-0 wpex-border-b wpex-border-solid wpex-border-main\" style=\"width:250px;margin-top:25px;margin-bottom:20px;border-bottom-width:8px;border-color:#ffffff;\"><\/div><div class=\"vcex-spacing wpex-w-100 wpex-clear\"><\/div><style>.vcex-heading.vcex_69f0ddb0ade85{width:700px;color:#ffffff;font-size:30px;font-weight:700;}@media (max-width:767px){.vcex-heading.vcex_69f0ddb0ade85{font-size:20px;}}<\/style><h3 class=\"vcex-heading vcex-heading-plain vcex-module wpex-heading wpex-text-2xl wpex-text-center wpex-max-w-100 wpex-mx-auto vcex_69f0ddb0ade85\"><span class=\"vcex-heading-inner wpex-inline-block\">S\u00e9lectionnez votre m\u00e9thode de paiement pr\u00e9f\u00e9r\u00e9e<br \/>\nPour la candidature<\/span><\/h3><div class=\"vcex-spacing wpex-w-100 wpex-clear\"><\/div>[vc_column_text width=\u00a0\u00bb850px\u00a0\u00bb color=\u00a0\u00bb#ffffff\u00a0\u00bb font_size=\u00a0\u00bb18px\u00a0\u00bb]Assurez-vous d&rsquo;\u00eatre pr\u00eat \u00e0 t\u00e9l\u00e9charger une copie de votre passeport et \u00e0 payer le d\u00e9p\u00f4t de candidature via PayPal ou virement bancaire.[\/vc_column_text]<style> style=\"height:40px;\"<\/style><div class=\"vcex-spacing wpex-w-100 wpex-clear\" style=\"height:40px;\"><\/div><style>.vcex-flex-container_69f0ddb0ae44c{gap:30px;}<\/style><div class=\"vcex-flex-container vcex-module wpex-flex wpex-gap-20 wpex-flex-wrap wpex-flex-col wpex-items-center wpex-justify-center vcex-flex-container_69f0ddb0ae44c\"><a class=\"vcex-module vcex-icon-box vcex-icon-box-one vcex-icon-box-has-link wpex-inherit-color wpex-no-underline wpex-flex wpex-items-center wpex-text-left  wpb_animate_when_almost_visible wpb_appear appear vc_custom_1717305375761\" href=\"https:\/\/onboarding.flybyschool.com\/register\/step1\/form\" target=\"_blank\" data-wpex-hover=\"{&quot;background&quot;:&quot;#e96c3a&quot;}\" style=\"background-color:#e7612b;border-radius:9999px;\" rel=\"noopener noreferrer\"><div class=\"vcex-icon-box-symbol wpex-flex-shrink-0 wpex-mr-15\"><div class=\"vcex-icon-box-icon wpex-inline-flex wpex-items-center wpex-justify-center wpex-child-inherit-color wpex-text-center wpex-leading-none wpex-text-1\" style=\"color:#ffffff;\"><span class=\"ticon ticon-pencil-square-o\" aria-hidden=\"true\"><\/span><\/div><\/div><div class=\"vcex-icon-box-text wpex-flex-grow\"><h2 class=\"vcex-icon-box-heading wpex-heading\" style=\"color:#ffffff;--wpex-hover-heading-link-color:#ffffff;font-size:14px;margin-bottom:0px;line-height:1;\">Inscrivez-vous maintenant<\/h2><div class=\"vcex-icon-box-content wpex-last-mb-0 wpex-clr\" style=\"color:#ffffff;font-size:18px;font-weight:400;\"><p>Processus d&rsquo;int\u00e9gration FlyBy<\/p>\n<\/div><\/div><\/a><\/div><style> style=\"height:40px;\"<\/style><div class=\"vcex-spacing wpex-w-100 wpex-clear\" style=\"height:40px;\"><\/div>[vc_column_text css=\u00a0\u00bb.vc_custom_1717303434377{padding-top: 20px !important;padding-right: 20px !important;padding-bottom: 20px !important;padding-left: 20px !important;background-color: #ffffff !important;border-radius: 10px !important;}\u00a0\u00bb]L&rsquo;inscription sera compl\u00e9t\u00e9e une fois que le formulaire d&rsquo;admission, tous les documents et les frais d&rsquo;inscription auront \u00e9t\u00e9 re\u00e7us.[\/vc_column_text][\/vc_column][\/vc_row]\n<\/div>","protected":false},"excerpt":{"rendered":"<p>[vc_row full_width=\u00a0\u00bbstretch_row_content\u00a0\u00bb content_placement=\u00a0\u00bbbottom\u00a0\u00bb full_height=\u00a0\u00bbyes\u00a0\u00bb columns_placement=\u00a0\u00bbbottom\u00a0\u00bb remove_bottom_col_margin=\u00a0\u00bbtrue\u00a0\u00bb typography_style=\u00a0\u00bbwhite-shadow\u00a0\u00bb wpex_post_thumbnail_bg=\u00a0\u00bbtrue\u00a0\u00bb css=\u00a0\u00bb.vc_custom_1717600283900{background-image: url(https:\/\/www.flybyschool.com\/wp-content\/uploads\/2024\/04\/inscribirse-flyby.jpg?id=536) !important;background-position: center !important;background-repeat: no-repeat !important;background-size: cover !important;}\u00a0\u00bb wpex_bg_position=\u00a0\u00bbcenter center\u00a0\u00bb][vc_column css_animation=\u00a0\u00bbfadeInLeft\u00a0\u00bb wpex_featured_bg_image=\u00a0\u00bbtrue\u00a0\u00bb wpex_fixed_bg=\u00a0\u00bbfixed\u00a0\u00bb css=\u00a0\u00bb.vc_custom_1717600293455{background-image: url(https:\/\/www.flybyschool.com\/wp-content\/uploads\/2024\/04\/blue-shapes.png?id=145) !important;background-position: 0 0 !important;background-repeat: no-repeat !important;}\u00a0\u00bb wpex_bg_size=\u00a0\u00bb1012px 700px\u00a0\u00bb wpex_bg_position=\u00a0\u00bbleft bottom\u00a0\u00bb][\/vc_column][\/vc_row][vc_row css=\u00a0\u00bb.vc_custom_1712690043524{padding-top: 60px !important;padding-bottom: 60px !important;}\u00a0\u00bb][vc_column][vc_column_text]Nous utilisons une s\u00e9quence d&rsquo;inscription automatis\u00e9e similaire \u00e0 celle de notre programme int\u00e9gr\u00e9 ATPL, sauf qu&rsquo;une partie&hellip;<\/p>\n","protected":false},"author":1,"featured_media":0,"parent":0,"menu_order":0,"comment_status":"closed","ping_status":"closed","template":"","meta":{"_joinchat":[],"footnotes":""},"class_list":["post-2705","page","type-page","status-publish","hentry","entry","no-media"],"_links":{"self":[{"href":"https:\/\/www.flybyschool.com\/fr\/wp-json\/wp\/v2\/pages\/2705","targetHints":{"allow":["GET"]}}],"collection":[{"href":"https:\/\/www.flybyschool.com\/fr\/wp-json\/wp\/v2\/pages"}],"about":[{"href":"https:\/\/www.flybyschool.com\/fr\/wp-json\/wp\/v2\/types\/page"}],"author":[{"embeddable":true,"href":"https:\/\/www.flybyschool.com\/fr\/wp-json\/wp\/v2\/users\/1"}],"replies":[{"embeddable":true,"href":"https:\/\/www.flybyschool.com\/fr\/wp-json\/wp\/v2\/comments?post=2705"}],"version-history":[{"count":9,"href":"https:\/\/www.flybyschool.com\/fr\/wp-json\/wp\/v2\/pages\/2705\/revisions"}],"predecessor-version":[{"id":3187,"href":"https:\/\/www.flybyschool.com\/fr\/wp-json\/wp\/v2\/pages\/2705\/revisions\/3187"}],"wp:attachment":[{"href":"https:\/\/www.flybyschool.com\/fr\/wp-json\/wp\/v2\/media?parent=2705"}],"curies":[{"name":"wp","href":"https:\/\/api.w.org\/{rel}","templated":true}]}}