{"id":2744,"date":"2024-05-08T16:38:37","date_gmt":"2024-05-08T16:38:37","guid":{"rendered":"https:\/\/www.flybyschool.com\/notre-histoire\/"},"modified":"2025-11-24T15:30:28","modified_gmt":"2025-11-24T15:30:28","slug":"notre-histoire","status":"publish","type":"page","link":"https:\/\/www.flybyschool.com\/fr\/notre-histoire\/","title":{"rendered":"Notre Histoire"},"content":{"rendered":"<div class=\"wpb-content-wrapper\">[vc_row full_width=\u00a0\u00bbstretch_row_content\u00a0\u00bb content_placement=\u00a0\u00bbbottom\u00a0\u00bb full_height=\u00a0\u00bbyes\u00a0\u00bb columns_placement=\u00a0\u00bbbottom\u00a0\u00bb remove_bottom_col_margin=\u00a0\u00bbtrue\u00a0\u00bb typography_style=\u00a0\u00bbwhite-shadow\u00a0\u00bb wpex_post_thumbnail_bg=\u00a0\u00bbtrue\u00a0\u00bb css=\u00a0\u00bb.vc_custom_1717593042557{background-image: url(https:\/\/www.flybyschool.com\/wp-content\/uploads\/2024\/05\/agentes-banner.jpg?id=809) !important;background-position: center !important;background-repeat: no-repeat !important;background-size: cover !important;}\u00a0\u00bb wpex_bg_position=\u00a0\u00bbcenter center\u00a0\u00bb][vc_column css_animation=\u00a0\u00bbfadeInLeft\u00a0\u00bb wpex_featured_bg_image=\u00a0\u00bbtrue\u00a0\u00bb wpex_fixed_bg=\u00a0\u00bbfixed\u00a0\u00bb css=\u00a0\u00bb.vc_custom_1717593061541{background-image: url(https:\/\/www.flybyschool.com\/wp-content\/uploads\/2024\/04\/blue-shapes.png?id=145) !important;background-position: 0 0 !important;background-repeat: no-repeat !important;}\u00a0\u00bb wpex_bg_size=\u00a0\u00bb1012px 700px\u00a0\u00bb wpex_bg_position=\u00a0\u00bbleft bottom\u00a0\u00bb]<style>.vcex-heading.vcex_69f85aa878e09{color:#ffffff;font-size:42px;font-weight:700;}@media (max-width:767px){.vcex-heading.vcex_69f85aa878e09{font-size:30px;}}<\/style><h1 class=\"vcex-heading vcex-heading-plain vcex-module wpex-heading wpex-text-2xl wpex-p-40 vc_custom_1717593020602 vcex_69f85aa878e09\"><span class=\"vcex-heading-inner wpex-inline-block\">Notre Histoire<br \/>\n\u00e0 propos de FlyBy<\/span><\/h1>[\/vc_column][\/vc_row][vc_row css=\u00a0\u00bb.vc_custom_1716620804334{margin-top: 60px !important;}\u00a0\u00bb][vc_column width=\u00a0\u00bb1\/2&Prime;]<style>.vcex-heading.vcex_69f85aa879932{color:#00205b;font-size:22px;font-weight:700;}<\/style><div class=\"vcex-heading vcex-heading-plain vcex-module wpex-heading wpex-text-2xl vc_custom_1716620629761 vcex_69f85aa879932\"><span class=\"vcex-heading-inner wpex-inline-block\">Histoire et Origines<\/span><\/div>[vc_column_text]FlyBy a \u00e9t\u00e9 fond\u00e9e en 2008 \u00e0 Bilbao, dans le nord de l&rsquo;Espagne. Initialement fond\u00e9e par deux pilotes reprenant l&rsquo;exp\u00e9rience pr\u00e9c\u00e9dente de formation de pilotes commerciaux dans un a\u00e9roport commercial anim\u00e9 comme Bilbao.<\/p>\n<p>L&rsquo;acad\u00e9mie a rapidement obtenu toutes les approbations pour dispenser tous les diff\u00e9rents cours de formation, y compris le cours int\u00e9gr\u00e9 EASA ATPL.[\/vc_column_text]<div class=\"vcex-spacing wpex-w-100 wpex-clear\"><\/div><style>.vcex-heading.vcex_69f85aa879fa1{color:#00205b;font-size:22px;font-weight:700;}<\/style><div class=\"vcex-heading vcex-heading-plain vcex-module wpex-heading wpex-text-2xl vc_custom_1716621361532 vcex_69f85aa879fa1\"><span class=\"vcex-heading-inner wpex-inline-block\">Innovation et Croissance<\/span><\/div>[vc_column_text]En 2015, une nouvelle direction a pris le relais et a mis en \u0153uvre une nouvelle vision : fournir une formation de pilote abordable, tout compris, \u00e0 un public international ! Depuis lors, plus de 1 400 \u00e9tudiants de 111 nationalit\u00e9s diff\u00e9rentes ont \u00e9t\u00e9 form\u00e9s.<\/p>\n<p>La flotte est pass\u00e9e de 3 avions \u00e0 45 d&rsquo;ici la fin de 2024. De plus, 3 simulateurs ont \u00e9t\u00e9 ajout\u00e9s. La formation est maintenant dispens\u00e9e depuis l&rsquo;a\u00e9roport de Burgos, o\u00f9 FlyBy repr\u00e9sente plus de 90 % des op\u00e9rations. Une troisi\u00e8me base sera lanc\u00e9e dans les mois \u00e0 venir pour soutenir la croissance.[\/vc_column_text]<div class=\"vcex-spacing wpex-w-100 wpex-clear\"><\/div><style>.vcex-heading.vcex_69f85aa87a58a{color:#00205b;font-size:22px;font-weight:700;}<\/style><div class=\"vcex-heading vcex-heading-plain vcex-module wpex-heading wpex-text-2xl vc_custom_1716620755390 vcex_69f85aa87a58a\"><span class=\"vcex-heading-inner wpex-inline-block\">Vision et Mission<\/span><\/div>[vc_column_text]FlyBy est pass\u00e9e de repr\u00e9senter 1 % de part de march\u00e9 en Espagne \u00e0 15 % en 2024.<\/p>\n<p>FlyBy pr\u00e9voit de continuer \u00e0 cro\u00eetre et \u00e0 offrir \u00e0 ses \u00e9tudiants des installations toujours plus nombreuses et de meilleure qualit\u00e9.[\/vc_column_text]<div class=\"vcex-spacing wpex-w-100 wpex-clear\"><\/div><style>.vcex-image.vcex_69f85aa87ad8d .vcex-image-inner{max-width:400px;}.vcex-image.vcex_69f85aa87ad8d .vcex-image-img{height:180px;}<\/style><figure class=\"vcex-image vcex-module  wpb_animate_when_almost_visible wpb_fadeInLeftBig fadeInLeftBig vcex_69f85aa87ad8d\"><div class=\"vcex-image-inner wpex-relative wpex-inline-block\"><img width=\"600\" height=\"246\" src=\"https:\/\/www.flybyschool.com\/wp-content\/uploads\/2023\/12\/FlyBy-plane-transparent-600.png\" class=\"vcex-image-img wpex-align-middle wpex-object-scale-down\" alt=\"\" loading=\"lazy\" decoding=\"async\" srcset=\"https:\/\/www.flybyschool.com\/wp-content\/uploads\/2023\/12\/FlyBy-plane-transparent-600.png 600w, https:\/\/www.flybyschool.com\/wp-content\/uploads\/2023\/12\/FlyBy-plane-transparent-600-300x123.png 300w\" sizes=\"auto, (max-width: 600px) 100vw, 600px\" \/><\/div><\/figure>[\/vc_column][vc_column width=\u00a0\u00bb1\/2&Prime;]<figure class=\"vcex-image vcex-module\"><div class=\"vcex-image-inner wpex-relative wpex-inline-block\"><img width=\"1600\" height=\"1067\" src=\"https:\/\/www.flybyschool.com\/wp-content\/uploads\/2024\/05\/matricularse.jpg\" class=\"vcex-image-img wpex-align-middle\" alt=\"\" loading=\"lazy\" decoding=\"async\" srcset=\"https:\/\/www.flybyschool.com\/wp-content\/uploads\/2024\/05\/matricularse.jpg 1600w, https:\/\/www.flybyschool.com\/wp-content\/uploads\/2024\/05\/matricularse-300x200.jpg 300w, https:\/\/www.flybyschool.com\/wp-content\/uploads\/2024\/05\/matricularse-1024x683.jpg 1024w, https:\/\/www.flybyschool.com\/wp-content\/uploads\/2024\/05\/matricularse-768x512.jpg 768w, https:\/\/www.flybyschool.com\/wp-content\/uploads\/2024\/05\/matricularse-1536x1024.jpg 1536w\" sizes=\"auto, (max-width: 1600px) 100vw, 1600px\" \/><\/div><\/figure><div class=\"vcex-spacing wpex-w-100 wpex-clear\"><\/div><figure class=\"vcex-image vcex-module\"><div class=\"vcex-image-inner wpex-relative wpex-inline-block\"><img width=\"1600\" height=\"864\" src=\"https:\/\/www.flybyschool.com\/wp-content\/uploads\/2024\/05\/la-flota.jpg\" class=\"vcex-image-img wpex-align-middle\" alt=\"\" loading=\"lazy\" decoding=\"async\" srcset=\"https:\/\/www.flybyschool.com\/wp-content\/uploads\/2024\/05\/la-flota.jpg 1600w, https:\/\/www.flybyschool.com\/wp-content\/uploads\/2024\/05\/la-flota-300x162.jpg 300w, https:\/\/www.flybyschool.com\/wp-content\/uploads\/2024\/05\/la-flota-1024x553.jpg 1024w, https:\/\/www.flybyschool.com\/wp-content\/uploads\/2024\/05\/la-flota-768x415.jpg 768w, https:\/\/www.flybyschool.com\/wp-content\/uploads\/2024\/05\/la-flota-1536x829.jpg 1536w\" sizes=\"auto, (max-width: 1600px) 100vw, 1600px\" \/><\/div><\/figure><div class=\"vcex-spacing wpex-w-100 wpex-clear\"><\/div><figure class=\"vcex-image vcex-module\"><div class=\"vcex-image-inner wpex-relative wpex-inline-block\"><img width=\"1200\" height=\"800\" src=\"https:\/\/www.flybyschool.com\/wp-content\/uploads\/2024\/05\/inauguracion_del_grado_en_piloto.jpg\" class=\"vcex-image-img wpex-align-middle\" alt=\"\" loading=\"lazy\" decoding=\"async\" srcset=\"https:\/\/www.flybyschool.com\/wp-content\/uploads\/2024\/05\/inauguracion_del_grado_en_piloto.jpg 1200w, https:\/\/www.flybyschool.com\/wp-content\/uploads\/2024\/05\/inauguracion_del_grado_en_piloto-300x200.jpg 300w, https:\/\/www.flybyschool.com\/wp-content\/uploads\/2024\/05\/inauguracion_del_grado_en_piloto-1024x683.jpg 1024w, https:\/\/www.flybyschool.com\/wp-content\/uploads\/2024\/05\/inauguracion_del_grado_en_piloto-768x512.jpg 768w\" sizes=\"auto, (max-width: 1200px) 100vw, 1200px\" \/><\/div><\/figure>[\/vc_column][\/vc_row][vc_row full_width=\u00a0\u00bbstretch_row\u00a0\u00bb content_placement=\u00a0\u00bbmiddle\u00a0\u00bb css=\u00a0\u00bb.vc_custom_1716635110096{margin-bottom: 200px !important;padding-top: 100px !important;padding-bottom: 60px !important;background-color: #00205b !important;}\u00a0\u00bb][vc_column]<style>.vcex-heading.vcex_69f85aa87ce6b{color:#ffffff;font-size:30px;font-weight:500;}<\/style><h2 class=\"vcex-heading vcex-heading-plain vcex-module wpex-heading wpex-text-2xl wpex-mb-10 vcex_69f85aa87ce6b\"><span class=\"vcex-heading-inner wpex-inline-block\">Fondateurs de <strong>FlyBy<\/strong><\/span><\/h2>[vc_column_text color=\u00a0\u00bb#ffffff\u00a0\u00bb]Notre histoire et le r\u00eave de faire de <strong>FlyBy<\/strong> la premi\u00e8re acad\u00e9mie d&rsquo;aviation au monde.[\/vc_column_text]<style> style=\"height:20px;\"<\/style><div class=\"vcex-spacing wpex-w-100 wpex-clear\" style=\"height:20px;\"><\/div><div class=\"vcex-grid-container vcex-module wpex-grid wpex-gap-20 wpex-grid-cols-1 wpex-lg-grid-cols-3\" style=\"gap:30px;\"><div class=\"vcex-module vcex-icon-box vcex-icon-box-one wpex-flex wpex-items-center wpex-shadow-2xl wpex-p-25 wpex-text-left\" style=\"background-color:#ffffff;border-radius:15px;\"><div class=\"vcex-icon-box-symbol wpex-flex-shrink-0 wpex-mr-20\"><img loading=\"lazy\" class=\"vcex-icon-box-image wpex-align-middle\" style=\"width:100px;border-radius:var(--wpex-rounded-full);\" decoding=\"async\" src=\"https:\/\/www.flybyschool.com\/wp-content\/uploads\/2024\/05\/oier-100x100.jpg\" alt=\"\" srcset=\"https:\/\/www.flybyschool.com\/wp-content\/uploads\/2024\/05\/oier-100x100.jpg 100w, https:\/\/www.flybyschool.com\/wp-content\/uploads\/2024\/05\/oier.jpg 150w\" width=\"100\" height=\"100\"><\/div><div class=\"vcex-icon-box-text wpex-flex-grow\"><h3 class=\"vcex-icon-box-heading wpex-heading\" style=\"font-size:1.2em;margin-bottom:5px;\">Oier Fernandez<\/h3><div class=\"vcex-icon-box-content wpex-last-mb-0 wpex-clr\"><p>Directeur de la Formation chez FlyBy<\/p>\n<\/div><\/div><\/div><\/div>[\/vc_column][\/vc_row]\n<\/div>","protected":false},"excerpt":{"rendered":"<p>[vc_row full_width=\u00a0\u00bbstretch_row_content\u00a0\u00bb content_placement=\u00a0\u00bbbottom\u00a0\u00bb full_height=\u00a0\u00bbyes\u00a0\u00bb columns_placement=\u00a0\u00bbbottom\u00a0\u00bb remove_bottom_col_margin=\u00a0\u00bbtrue\u00a0\u00bb typography_style=\u00a0\u00bbwhite-shadow\u00a0\u00bb wpex_post_thumbnail_bg=\u00a0\u00bbtrue\u00a0\u00bb css=\u00a0\u00bb.vc_custom_1717593042557{background-image: url(https:\/\/www.flybyschool.com\/wp-content\/uploads\/2024\/05\/agentes-banner.jpg?id=809) !important;background-position: center !important;background-repeat: no-repeat !important;background-size: cover !important;}\u00a0\u00bb wpex_bg_position=\u00a0\u00bbcenter center\u00a0\u00bb][vc_column css_animation=\u00a0\u00bbfadeInLeft\u00a0\u00bb wpex_featured_bg_image=\u00a0\u00bbtrue\u00a0\u00bb wpex_fixed_bg=\u00a0\u00bbfixed\u00a0\u00bb css=\u00a0\u00bb.vc_custom_1717593061541{background-image: url(https:\/\/www.flybyschool.com\/wp-content\/uploads\/2024\/04\/blue-shapes.png?id=145) !important;background-position: 0 0 !important;background-repeat: no-repeat !important;}\u00a0\u00bb wpex_bg_size=\u00a0\u00bb1012px 700px\u00a0\u00bb wpex_bg_position=\u00a0\u00bbleft bottom\u00a0\u00bb][\/vc_column][\/vc_row][vc_row css=\u00a0\u00bb.vc_custom_1716620804334{margin-top: 60px !important;}\u00a0\u00bb][vc_column width=\u00a0\u00bb1\/2&Prime;][vc_column_text]FlyBy a \u00e9t\u00e9 fond\u00e9e en 2008 \u00e0 Bilbao, dans le nord de l&rsquo;Espagne. Initialement fond\u00e9e par deux pilotes&hellip;<\/p>\n","protected":false},"author":1,"featured_media":0,"parent":0,"menu_order":0,"comment_status":"closed","ping_status":"closed","template":"","meta":{"_joinchat":[],"footnotes":""},"class_list":["post-2744","page","type-page","status-publish","hentry","entry","no-media"],"_links":{"self":[{"href":"https:\/\/www.flybyschool.com\/fr\/wp-json\/wp\/v2\/pages\/2744","targetHints":{"allow":["GET"]}}],"collection":[{"href":"https:\/\/www.flybyschool.com\/fr\/wp-json\/wp\/v2\/pages"}],"about":[{"href":"https:\/\/www.flybyschool.com\/fr\/wp-json\/wp\/v2\/types\/page"}],"author":[{"embeddable":true,"href":"https:\/\/www.flybyschool.com\/fr\/wp-json\/wp\/v2\/users\/1"}],"replies":[{"embeddable":true,"href":"https:\/\/www.flybyschool.com\/fr\/wp-json\/wp\/v2\/comments?post=2744"}],"version-history":[{"count":3,"href":"https:\/\/www.flybyschool.com\/fr\/wp-json\/wp\/v2\/pages\/2744\/revisions"}],"predecessor-version":[{"id":4989,"href":"https:\/\/www.flybyschool.com\/fr\/wp-json\/wp\/v2\/pages\/2744\/revisions\/4989"}],"wp:attachment":[{"href":"https:\/\/www.flybyschool.com\/fr\/wp-json\/wp\/v2\/media?parent=2744"}],"curies":[{"name":"wp","href":"https:\/\/api.w.org\/{rel}","templated":true}]}}