{"id":2875,"date":"2024-05-08T16:00:06","date_gmt":"2024-05-08T16:00:06","guid":{"rendered":"https:\/\/www.flybyschool.com\/contatto\/"},"modified":"2024-07-27T18:17:48","modified_gmt":"2024-07-27T18:17:48","slug":"contatto","status":"publish","type":"page","link":"https:\/\/www.flybyschool.com\/it\/contatto\/","title":{"rendered":"Contatto"},"content":{"rendered":"<div class=\"wpb-content-wrapper\">[vc_row full_width=&#8221;stretch_row_content&#8221; content_placement=&#8221;bottom&#8221; full_height=&#8221;yes&#8221; columns_placement=&#8221;bottom&#8221; remove_bottom_col_margin=&#8221;true&#8221; typography_style=&#8221;white-shadow&#8221; wpex_post_thumbnail_bg=&#8221;true&#8221; css=&#8221;.vc_custom_1717597360057{background-image: url(https:\/\/www.flybyschool.com\/wp-content\/uploads\/2024\/05\/Contacto-Flyby.jpg?id=638) !important;background-position: center !important;background-repeat: no-repeat !important;background-size: cover !important;}&#8221; wpex_bg_position=&#8221;25% 75%&#8221;][vc_column css_animation=&#8221;fadeInLeft&#8221; wpex_fixed_bg=&#8221;fixed&#8221; css=&#8221;.vc_custom_1717597382654{background-image: url(https:\/\/www.flybyschool.com\/wp-content\/uploads\/2024\/04\/blue-shapes.png?id=145) !important;background-position: 0 0 !important;background-repeat: no-repeat !important;}&#8221; wpex_bg_size=&#8221;1012px 700px&#8221; wpex_bg_position=&#8221;left bottom&#8221;]<style>.vcex-heading.vcex_69f0cc847f051{color:#ffffff;font-size:42px;font-weight:700;}@media (max-width:767px){.vcex-heading.vcex_69f0cc847f051{font-size:30px;}}<\/style><h1 class=\"vcex-heading vcex-heading-plain vcex-module wpex-heading wpex-text-2xl wpex-p-20 vc_custom_1717597415414 vcex_69f0cc847f051\"><span class=\"vcex-heading-inner wpex-inline-block\">Contatta FlyBy<\/span><\/h1>[\/vc_column][\/vc_row][vc_row content_placement=&#8221;middle&#8221; css=&#8221;.vc_custom_1715185074339{margin-top: 60px !important;}&#8221; local_scroll_id=&#8221;contacto&#8221;][vc_column width=&#8221;2\/3&#8243;]<style>.vcex-heading.vcex_69f0cc847fa7a{color:#000080;font-size:43px;font-weight:300;}<\/style><div class=\"vcex-heading vcex-heading-plain vcex-module wpex-heading wpex-text-2xl vcex_69f0cc847fa7a\"><span class=\"vcex-heading-inner wpex-inline-block\">Contattaci<\/span><\/div><style> style=\"height:20px;\"<\/style><div class=\"vcex-spacing wpex-w-100 wpex-clear\" style=\"height:20px;\"><\/div>[vc_column_text font_size=&#8221;18px&#8221;]Non esitate a contattarci in caso di domande. Risponderemo il prima possibile.[\/vc_column_text]<div class=\"vcex-spacing wpex-w-100 wpex-clear\"><\/div>\n<div class=\"wpcf7 no-js\" id=\"wpcf7-f3013-o1\" lang=\"it-IT\" dir=\"ltr\" data-wpcf7-id=\"3013\">\n<div class=\"screen-reader-response\"><p role=\"status\" aria-live=\"polite\" aria-atomic=\"true\"><\/p> <ul><\/ul><\/div>\n<form action=\"\/it\/wp-json\/wp\/v2\/pages\/2875#wpcf7-f3013-o1\" method=\"post\" class=\"wpcf7-form init\" aria-label=\"Modulo di contatto\" novalidate=\"novalidate\" data-status=\"init\">\n<fieldset class=\"hidden-fields-container\"><input type=\"hidden\" name=\"_wpcf7\" value=\"3013\" \/><input type=\"hidden\" name=\"_wpcf7_version\" value=\"6.1.5\" \/><input type=\"hidden\" name=\"_wpcf7_locale\" value=\"it_IT\" \/><input type=\"hidden\" name=\"_wpcf7_unit_tag\" value=\"wpcf7-f3013-o1\" \/><input type=\"hidden\" name=\"_wpcf7_container_post\" value=\"0\" \/><input type=\"hidden\" name=\"_wpcf7_posted_data_hash\" value=\"\" \/><input type=\"hidden\" name=\"_wpcf7cf_hidden_group_fields\" value=\"[]\" \/><input type=\"hidden\" name=\"_wpcf7cf_hidden_groups\" value=\"[]\" \/><input type=\"hidden\" name=\"_wpcf7cf_visible_groups\" value=\"[]\" \/><input type=\"hidden\" name=\"_wpcf7cf_repeaters\" value=\"[]\" \/><input type=\"hidden\" name=\"_wpcf7cf_steps\" value=\"{}\" \/><input type=\"hidden\" name=\"_wpcf7cf_options\" value=\"{&quot;form_id&quot;:3013,&quot;conditions&quot;:[],&quot;settings&quot;:{&quot;animation&quot;:&quot;yes&quot;,&quot;animation_intime&quot;:200,&quot;animation_outtime&quot;:200,&quot;conditions_ui&quot;:&quot;normal&quot;,&quot;notice_dismissed&quot;:false}}\" \/>\n<\/fieldset>\n<div class=\"wpex-row clr\">\n\t<div class=\"span_1_of_2 col col-1 clr\">\n\t\t<p><span class=\"wpcf7-form-control-wrap\" data-name=\"your-name\"><input size=\"40\" maxlength=\"400\" class=\"wpcf7-form-control wpcf7-text wpcf7-validates-as-required\" aria-required=\"true\" aria-invalid=\"false\" placeholder=\"Nome\" value=\"\" type=\"text\" name=\"your-name\" \/><\/span>\n\t\t<\/p>\n\t<\/div>\n\t<div class=\"span_1_of_2 col clr\">\n\t\t<p><span class=\"wpcf7-form-control-wrap\" data-name=\"your-apellidos\"><input size=\"40\" maxlength=\"400\" class=\"wpcf7-form-control wpcf7-text wpcf7-validates-as-required\" aria-required=\"true\" aria-invalid=\"false\" placeholder=\"Cognome\" value=\"\" type=\"text\" name=\"your-apellidos\" \/><\/span>\n\t\t<\/p>\n\t<\/div>\n<\/div>\n<p><label> <span class=\"wpcf7-form-control-wrap\" data-name=\"your-email\"><input size=\"40\" maxlength=\"400\" class=\"wpcf7-form-control wpcf7-email wpcf7-validates-as-required wpcf7-text wpcf7-validates-as-email\" aria-required=\"true\" aria-invalid=\"false\" placeholder=\"E-mail\" value=\"\" type=\"email\" name=\"your-email\" \/><\/span> <\/label>\n<\/p>\n<div class=\"wpex-row clr\">\n\t<div class=\"span_1_of_2 col col-1 clr\">\n\t\t<p><span class=\"wpcf7-form-control-wrap\" data-name=\"phonetext-799\"><input size=\"40\" class=\"wpcf7-form-control wpcf7-phonetext wpcf7-validates-as-required wpcf7-text wpcf7-validates-as-phonetext\" aria-required=\"true\" aria-invalid=\"false\" value=\"\" type=\"text\" name=\"phonetext-799\" \/><input type=\"hidden\" name=\"phonetext-799-country-code\" class=\"wpcf7-phonetext-country-code\" \/><\/span>\n\t\t<\/p>\n\t<\/div>\n\t<div class=\"span_1_of_2 col clr\">\n\t\t<p><label><span class=\"wpcf7-form-control-wrap\" data-name=\"countrytext-368\"><input size=\"40\" class=\"wpcf7-form-control wpcf7-countrytext wpcf7-validates-as-required wpcf7-text wpcf7-validates-as-countrytext\" aria-required=\"true\" aria-invalid=\"false\" value=\"\" type=\"text\" name=\"countrytext-368\" \/><\/span> <\/label>\n\t\t<\/p>\n\t<\/div>\n<\/div>\n<p><label><span class=\"wpcf7-form-control-wrap\" data-name=\"your-message\"><textarea cols=\"40\" rows=\"10\" maxlength=\"2000\" class=\"wpcf7-form-control wpcf7-textarea wpcf7-validates-as-required\" aria-required=\"true\" aria-invalid=\"false\" placeholder=\"Messaggio\" name=\"your-message\"><\/textarea><\/span> <\/label><br \/>\n<span class=\"wpcf7-form-control-wrap\" data-name=\"acceptance-627\"><span class=\"wpcf7-form-control wpcf7-acceptance\"><span class=\"wpcf7-list-item\"><label><input type=\"checkbox\" name=\"acceptance-627\" value=\"1\" aria-invalid=\"false\" \/><span class=\"wpcf7-list-item-label\"><span style=\"font-weight: bold;\">COMPRENDO E ACCETTO <\/span> il trattamento dei miei dati come descritto e spiegato pi\u00f9 dettagliatamente nella <a rel=\"nofollow\" target=\"_self\" href=\"\/it\/privacy-policy\/\">Privacy Policy<\/a>. (Il tuo rifiuto a concederci l'autorizzazione comporter\u00e0 l'impossibilit\u00e0 di trattare i tuoi dati per la finalit\u00e0 indicata).<\/span><\/label><\/span><\/span><\/span><br \/>\n<input class=\"wpcf7-form-control wpcf7-submit has-spinner\" type=\"submit\" value=\"Inviare\" \/>\n<\/p><div class=\"wpcf7-response-output\" aria-hidden=\"true\"><\/div>\n<\/form>\n<\/div>\n[\/vc_column][vc_column width=&#8221;1\/3&#8243;]<div class=\"vcex-module vcex-icon-box vcex-icon-box-two wpex-block wpex-p-25 wpex-text-center\"><div class=\"vcex-icon-box-symbol wpex-mb-20\"><div class=\"vcex-icon-box-icon wpex-inline-flex wpex-items-center wpex-justify-center wpex-child-inherit-color wpex-text-center wpex-leading-none wpex-text-1\" style=\"font-size:var(--vcex-icon-md);width:100px;height:100px;\"><span class=\"ticon ticon-map-marker\" aria-hidden=\"true\"><\/span><\/div><\/div><div class=\"vcex-icon-box-text\"><h3 class=\"vcex-icon-box-heading wpex-heading\" style=\"color:#00205b;--wpex-hover-heading-link-color:#00205b;font-size:24px;margin-bottom:5px;\">Indirizzo<\/h3><div class=\"vcex-icon-box-content wpex-last-mb-0 wpex-clr\" style=\"color:#474747;font-size:18px;font-weight:300;\"><p>Carretera di Logro\u00f1o, 107<br \/>\n09007 &#8211; Burgos<\/p>\n<\/div><\/div><\/div><div class=\"vcex-spacing wpex-w-100 wpex-clear\"><\/div><div class=\"vcex-module vcex-icon-box vcex-icon-box-two wpex-block wpex-p-25 wpex-text-center\"><div class=\"vcex-icon-box-symbol wpex-mb-20\"><div class=\"vcex-icon-box-icon wpex-inline-flex wpex-items-center wpex-justify-center wpex-child-inherit-color wpex-text-center wpex-leading-none wpex-text-1\" style=\"font-size:var(--vcex-icon-md);width:100px;height:100px;\"><span class=\"ticon ticon-phone\" aria-hidden=\"true\"><\/span><\/div><\/div><div class=\"vcex-icon-box-text\"><h3 class=\"vcex-icon-box-heading wpex-heading\" style=\"color:#00205b;--wpex-hover-heading-link-color:#00205b;font-size:24px;margin-bottom:5px;\">Telefono<\/h3><div class=\"vcex-icon-box-content wpex-last-mb-0 wpex-clr\" style=\"color:#474747;font-size:18px;font-weight:300;\"><p>+34 947 45 55 91<\/p>\n<\/div><\/div><\/div>[\/vc_column][\/vc_row]\n<\/div>","protected":false},"excerpt":{"rendered":"<p>[vc_row full_width=&#8221;stretch_row_content&#8221; content_placement=&#8221;bottom&#8221; full_height=&#8221;yes&#8221; columns_placement=&#8221;bottom&#8221; remove_bottom_col_margin=&#8221;true&#8221; typography_style=&#8221;white-shadow&#8221; wpex_post_thumbnail_bg=&#8221;true&#8221; css=&#8221;.vc_custom_1717597360057{background-image: url(https:\/\/www.flybyschool.com\/wp-content\/uploads\/2024\/05\/Contacto-Flyby.jpg?id=638) !important;background-position: center !important;background-repeat: no-repeat !important;background-size: cover !important;}&#8221; wpex_bg_position=&#8221;25% 75%&#8221;][vc_column css_animation=&#8221;fadeInLeft&#8221; wpex_fixed_bg=&#8221;fixed&#8221; css=&#8221;.vc_custom_1717597382654{background-image: url(https:\/\/www.flybyschool.com\/wp-content\/uploads\/2024\/04\/blue-shapes.png?id=145) !important;background-position: 0 0 !important;background-repeat: no-repeat !important;}&#8221; wpex_bg_size=&#8221;1012px 700px&#8221; wpex_bg_position=&#8221;left bottom&#8221;][\/vc_column][\/vc_row][vc_row content_placement=&#8221;middle&#8221; css=&#8221;.vc_custom_1715185074339{margin-top: 60px !important;}&#8221; local_scroll_id=&#8221;contacto&#8221;][vc_column width=&#8221;2\/3&#8243;][vc_column_text font_size=&#8221;18px&#8221;]Non esitate a contattarci in caso di domande. Risponderemo il prima possibile.[\/vc_column_text][\/vc_column][vc_column width=&#8221;1\/3&#8243;][\/vc_column][\/vc_row]<\/p>\n","protected":false},"author":1,"featured_media":0,"parent":0,"menu_order":0,"comment_status":"closed","ping_status":"closed","template":"","meta":{"_joinchat":[],"footnotes":""},"class_list":["post-2875","page","type-page","status-publish","hentry","entry","no-media"],"_links":{"self":[{"href":"https:\/\/www.flybyschool.com\/it\/wp-json\/wp\/v2\/pages\/2875","targetHints":{"allow":["GET"]}}],"collection":[{"href":"https:\/\/www.flybyschool.com\/it\/wp-json\/wp\/v2\/pages"}],"about":[{"href":"https:\/\/www.flybyschool.com\/it\/wp-json\/wp\/v2\/types\/page"}],"author":[{"embeddable":true,"href":"https:\/\/www.flybyschool.com\/it\/wp-json\/wp\/v2\/users\/1"}],"replies":[{"embeddable":true,"href":"https:\/\/www.flybyschool.com\/it\/wp-json\/wp\/v2\/comments?post=2875"}],"version-history":[{"count":5,"href":"https:\/\/www.flybyschool.com\/it\/wp-json\/wp\/v2\/pages\/2875\/revisions"}],"predecessor-version":[{"id":3067,"href":"https:\/\/www.flybyschool.com\/it\/wp-json\/wp\/v2\/pages\/2875\/revisions\/3067"}],"wp:attachment":[{"href":"https:\/\/www.flybyschool.com\/it\/wp-json\/wp\/v2\/media?parent=2875"}],"curies":[{"name":"wp","href":"https:\/\/api.w.org\/{rel}","templated":true}]}}