{"id":2878,"date":"2024-05-08T16:31:30","date_gmt":"2024-05-08T16:31:30","guid":{"rendered":"https:\/\/www.flybyschool.com\/carriere\/"},"modified":"2026-01-22T17:10:14","modified_gmt":"2026-01-22T17:10:14","slug":"carriere","status":"publish","type":"page","link":"https:\/\/www.flybyschool.com\/it\/carriere\/","title":{"rendered":"Carriere"},"content":{"rendered":"<div class=\"wpb-content-wrapper\">[vc_row full_width=&#8221;stretch_row_content&#8221; content_placement=&#8221;bottom&#8221; full_height=&#8221;yes&#8221; columns_placement=&#8221;bottom&#8221; remove_bottom_col_margin=&#8221;true&#8221; typography_style=&#8221;white-shadow&#8221; css=&#8221;.vc_custom_1717598076011{background-image: url(https:\/\/www.flybyschool.com\/wp-content\/uploads\/2024\/05\/agentes-banner.jpg?id=809) !important;background-position: center !important;background-repeat: no-repeat !important;background-size: cover !important;}&#8221; wpex_bg_position=&#8221;45% 45%&#8221;][vc_column css_animation=&#8221;fadeInLeft&#8221; wpex_featured_bg_image=&#8221;true&#8221; wpex_fixed_bg=&#8221;fixed&#8221; css=&#8221;.vc_custom_1717597843494{background-image: url(https:\/\/www.flybyschool.com\/wp-content\/uploads\/2024\/04\/blue-shapes.png?id=145) !important;background-position: 0 0 !important;background-repeat: no-repeat !important;}&#8221; wpex_bg_size=&#8221;1012px 700px&#8221; wpex_bg_position=&#8221;left bottom&#8221;]<style>.vcex-heading.vcex_69f0da27d1c06{color:#ffffff;font-size:42px;font-weight:700;}@media (max-width:767px){.vcex-heading.vcex_69f0da27d1c06{font-size:30px;}}<\/style><h1 class=\"vcex-heading vcex-heading-plain vcex-module wpex-heading wpex-text-2xl wpex-p-20 vc_custom_1717597888770 vcex_69f0da27d1c06\"><span class=\"vcex-heading-inner wpex-inline-block\">Carriere<br \/>\nLavora con noi<\/span><\/h1>[\/vc_column][\/vc_row][vc_row css=&#8221;.vc_custom_1715501262093{margin-top: 60px !important;}&#8221;][vc_column]<style>.vcex-heading.vcex_69f0da27d25d6{color:var(--wpex-accent);font-size:38px;font-weight:300;}@media (max-width:767px){.vcex-heading.vcex_69f0da27d25d6{font-size:30px;}}<\/style><h2 class=\"vcex-heading vcex-heading-plain vcex-module wpex-heading wpex-text-2xl wpex-p-10 wpex-text-center vcex_69f0da27d25d6\"><span class=\"vcex-heading-inner wpex-inline-block\"><span class=\"vcex-heading-icon vcex-heading-icon-left vcex-icon-wrap wpex-mr-15\"><span class=\"ticon ticon-paperclip\" aria-hidden=\"true\"><\/span><\/span>Vuoi far parte di <strong>Flyby<\/strong>?<\/span><\/h2>[vc_column_text text_align=&#8221;center&#8221; font_size=&#8221;md&#8221; font_weight=&#8221;300&#8243;]Siamo sempre alla ricerca di talenti.<br \/>\nSe ti interessa lavorare con noi, inviaci il tuo CV e i tuoi dati tramite il modulo e ti contatteremo.[\/vc_column_text]<div class=\"vcex-spacing wpex-w-100 wpex-clear\"><\/div>\n<div class=\"wpcf7 no-js\" id=\"wpcf7-f5058-o1\" lang=\"it-IT\" dir=\"ltr\" data-wpcf7-id=\"5058\">\n<div class=\"screen-reader-response\"><p role=\"status\" aria-live=\"polite\" aria-atomic=\"true\"><\/p> <ul><\/ul><\/div>\n<form action=\"\/it\/wp-json\/wp\/v2\/pages\/2878#wpcf7-f5058-o1\" method=\"post\" class=\"wpcf7-form init\" aria-label=\"Modulo di contatto\" enctype=\"multipart\/form-data\" novalidate=\"novalidate\" data-status=\"init\">\n<fieldset class=\"hidden-fields-container\"><input type=\"hidden\" name=\"_wpcf7\" value=\"5058\" \/><input type=\"hidden\" name=\"_wpcf7_version\" value=\"6.1.5\" \/><input type=\"hidden\" name=\"_wpcf7_locale\" value=\"it_IT\" \/><input type=\"hidden\" name=\"_wpcf7_unit_tag\" value=\"wpcf7-f5058-o1\" \/><input type=\"hidden\" name=\"_wpcf7_container_post\" value=\"0\" \/><input type=\"hidden\" name=\"_wpcf7_posted_data_hash\" value=\"\" \/><input type=\"hidden\" name=\"_wpcf7cf_hidden_group_fields\" value=\"[]\" \/><input type=\"hidden\" name=\"_wpcf7cf_hidden_groups\" value=\"[]\" \/><input type=\"hidden\" name=\"_wpcf7cf_visible_groups\" value=\"[]\" \/><input type=\"hidden\" name=\"_wpcf7cf_repeaters\" value=\"[]\" \/><input type=\"hidden\" name=\"_wpcf7cf_steps\" value=\"{}\" \/><input type=\"hidden\" name=\"_wpcf7cf_options\" value=\"{&quot;form_id&quot;:5058,&quot;conditions&quot;:[],&quot;settings&quot;:{&quot;animation&quot;:&quot;yes&quot;,&quot;animation_intime&quot;:200,&quot;animation_outtime&quot;:200,&quot;conditions_ui&quot;:&quot;normal&quot;,&quot;notice_dismissed&quot;:false}}\" \/>\n<\/fieldset>\n<div class=\"wpex-row clr\">\n\t<div class=\"span_1_of_2 col col-1 clr\">\n\t\t<p><span class=\"wpcf7-form-control-wrap\" data-name=\"your-name\"><input size=\"40\" maxlength=\"400\" class=\"wpcf7-form-control wpcf7-text wpcf7-validates-as-required\" aria-required=\"true\" aria-invalid=\"false\" placeholder=\"Nome\" value=\"\" type=\"text\" name=\"your-name\" \/><\/span>\n\t\t<\/p>\n\t<\/div>\n\t<div class=\"span_1_of_2 col clr\">\n\t\t<p><span class=\"wpcf7-form-control-wrap\" data-name=\"your-apellidos\"><input size=\"40\" maxlength=\"400\" class=\"wpcf7-form-control wpcf7-text wpcf7-validates-as-required\" aria-required=\"true\" aria-invalid=\"false\" placeholder=\"Cognome\" value=\"\" type=\"text\" name=\"your-apellidos\" \/><\/span>\n\t\t<\/p>\n\t<\/div>\n<\/div>\n<div class=\"wpex-row clr\">\n\t<div class=\"span_1_of_2 col col-1 clr\">\n\t\t<p><span class=\"wpcf7-form-control-wrap\" data-name=\"your-email\"><input size=\"40\" maxlength=\"400\" class=\"wpcf7-form-control wpcf7-email wpcf7-validates-as-required wpcf7-text wpcf7-validates-as-email\" aria-required=\"true\" aria-invalid=\"false\" placeholder=\"E-mail\" value=\"\" type=\"email\" name=\"your-email\" \/><\/span>\n\t\t<\/p>\n\t<\/div>\n\t<div class=\"span_1_of_2 col clr tel\">\n\t\t<p><span class=\"wpcf7-form-control-wrap\" data-name=\"phonetext-799\"><input size=\"40\" class=\"wpcf7-form-control wpcf7-phonetext wpcf7-validates-as-required wpcf7-text wpcf7-validates-as-phonetext tel\" aria-required=\"true\" aria-invalid=\"false\" value=\"\" type=\"text\" name=\"phonetext-799\" \/><input type=\"hidden\" name=\"phonetext-799-country-code\" class=\"wpcf7-phonetext-country-code\" \/><\/span>\n\t\t<\/p>\n\t<\/div>\n<\/div>\n<p class=\"curriculum\"> CARICA IL TUO CV (PDF)<br \/>\n<span class=\"wpcf7-form-control-wrap\" data-name=\"file-824\"><input size=\"40\" class=\"wpcf7-form-control wpcf7-file wpcf7-validates-as-required\" accept=\".pdf\" aria-required=\"true\" aria-invalid=\"false\" type=\"file\" name=\"file-824\" \/><\/span>\n<\/p>\n<p><span class=\"wpcf7-form-control-wrap\" data-name=\"acceptance-627\"><span class=\"wpcf7-form-control wpcf7-acceptance\"><span class=\"wpcf7-list-item\"><label><input type=\"checkbox\" name=\"acceptance-627\" value=\"1\" aria-invalid=\"false\" \/><span class=\"wpcf7-list-item-label\"><span style=\"font-weight: bold;\">COMPRENDO E ACCETTO <\/span> il trattamento dei miei dati come descritto e spiegato pi\u00f9 dettagliatamente nella <a rel=\"nofollow\" target=\"_self\" href=\"\/it\/privacy-policy\/\">Privacy Policy<\/a>. (Il tuo rifiuto a concederci l'autorizzazione comporter\u00e0 l'impossibilit\u00e0 di trattare i tuoi dati per la finalit\u00e0 indicata).<\/span><\/label><\/span><\/span><\/span><br \/>\n<input class=\"wpcf7-form-control wpcf7-submit has-spinner\" type=\"submit\" value=\"Inviare\" \/>\n<\/p><div class=\"wpcf7-response-output\" aria-hidden=\"true\"><\/div>\n<\/form>\n<\/div>\n[\/vc_column][\/vc_row]\n<\/div>","protected":false},"excerpt":{"rendered":"<p>[vc_row full_width=&#8221;stretch_row_content&#8221; content_placement=&#8221;bottom&#8221; full_height=&#8221;yes&#8221; columns_placement=&#8221;bottom&#8221; remove_bottom_col_margin=&#8221;true&#8221; typography_style=&#8221;white-shadow&#8221; css=&#8221;.vc_custom_1717598076011{background-image: url(https:\/\/www.flybyschool.com\/wp-content\/uploads\/2024\/05\/agentes-banner.jpg?id=809) !important;background-position: center !important;background-repeat: no-repeat !important;background-size: cover !important;}&#8221; wpex_bg_position=&#8221;45% 45%&#8221;][vc_column css_animation=&#8221;fadeInLeft&#8221; wpex_featured_bg_image=&#8221;true&#8221; wpex_fixed_bg=&#8221;fixed&#8221; css=&#8221;.vc_custom_1717597843494{background-image: url(https:\/\/www.flybyschool.com\/wp-content\/uploads\/2024\/04\/blue-shapes.png?id=145) !important;background-position: 0 0 !important;background-repeat: no-repeat !important;}&#8221; wpex_bg_size=&#8221;1012px 700px&#8221; wpex_bg_position=&#8221;left bottom&#8221;][\/vc_column][\/vc_row][vc_row css=&#8221;.vc_custom_1715501262093{margin-top: 60px !important;}&#8221;][vc_column][vc_column_text text_align=&#8221;center&#8221; font_size=&#8221;md&#8221; font_weight=&#8221;300&#8243;]Siamo sempre alla ricerca di talenti. Se ti interessa lavorare con noi, inviaci il tuo CV e&hellip;<\/p>\n","protected":false},"author":1,"featured_media":0,"parent":0,"menu_order":0,"comment_status":"closed","ping_status":"closed","template":"","meta":{"_joinchat":[],"footnotes":""},"class_list":["post-2878","page","type-page","status-publish","hentry","entry","no-media"],"_links":{"self":[{"href":"https:\/\/www.flybyschool.com\/it\/wp-json\/wp\/v2\/pages\/2878","targetHints":{"allow":["GET"]}}],"collection":[{"href":"https:\/\/www.flybyschool.com\/it\/wp-json\/wp\/v2\/pages"}],"about":[{"href":"https:\/\/www.flybyschool.com\/it\/wp-json\/wp\/v2\/types\/page"}],"author":[{"embeddable":true,"href":"https:\/\/www.flybyschool.com\/it\/wp-json\/wp\/v2\/users\/1"}],"replies":[{"embeddable":true,"href":"https:\/\/www.flybyschool.com\/it\/wp-json\/wp\/v2\/comments?post=2878"}],"version-history":[{"count":5,"href":"https:\/\/www.flybyschool.com\/it\/wp-json\/wp\/v2\/pages\/2878\/revisions"}],"predecessor-version":[{"id":5061,"href":"https:\/\/www.flybyschool.com\/it\/wp-json\/wp\/v2\/pages\/2878\/revisions\/5061"}],"wp:attachment":[{"href":"https:\/\/www.flybyschool.com\/it\/wp-json\/wp\/v2\/media?parent=2878"}],"curies":[{"name":"wp","href":"https:\/\/api.w.org\/{rel}","templated":true}]}}