{"id":2965,"date":"2024-04-16T16:13:41","date_gmt":"2024-04-16T16:13:41","guid":{"rendered":"https:\/\/www.flybyschool.com\/programma-cadetti\/"},"modified":"2024-11-12T15:47:44","modified_gmt":"2024-11-12T15:47:44","slug":"programma-cadetti","status":"publish","type":"page","link":"https:\/\/www.flybyschool.com\/it\/programma-cadetti\/","title":{"rendered":"Programma cadetti"},"content":{"rendered":"<div class=\"wpb-content-wrapper\">[vc_row full_width=&#8221;stretch_row_content&#8221; content_placement=&#8221;bottom&#8221; full_height=&#8221;yes&#8221; columns_placement=&#8221;bottom&#8221; remove_bottom_col_margin=&#8221;true&#8221; wpex_post_thumbnail_bg=&#8221;true&#8221; css=&#8221;.vc_custom_1717600015694{background-image: url(https:\/\/www.flybyschool.com\/wp-content\/uploads\/2024\/04\/inscribirse-flyby.jpg?id=536) !important;background-position: center !important;background-repeat: no-repeat !important;background-size: cover !important;}&#8221; wpex_bg_position=&#8221;center center&#8221;][vc_column css_animation=&#8221;fadeInLeft&#8221; wpex_featured_bg_image=&#8221;true&#8221; wpex_fixed_bg=&#8221;fixed&#8221; css=&#8221;.vc_custom_1717600026823{background-image: url(https:\/\/www.flybyschool.com\/wp-content\/uploads\/2024\/04\/blue-shapes.png?id=145) !important;background-position: 0 0 !important;background-repeat: no-repeat !important;}&#8221; wpex_bg_size=&#8221;1012px 700px&#8221; wpex_bg_position=&#8221;left bottom&#8221;]<style>.vcex-heading.vcex_69f18208d5ebe{color:#ffffff;font-size:42px;font-weight:700;}@media (max-width:767px){.vcex-heading.vcex_69f18208d5ebe{font-size:30px;}}<\/style><h1 class=\"vcex-heading vcex-heading-plain vcex-module wpex-heading wpex-text-2xl wpex-p-20 vc_custom_1717600054082 vcex_69f18208d5ebe\"><span class=\"vcex-heading-inner wpex-inline-block\">Programma cadetti<br \/>\nFlyby<\/span><\/h1><div class=\"vc_custom_1717600075192 wpex-clr\"><a href=\"#contacto\" class=\"vcex-button theme-button outline inline wpex-shadow-none local-scroll-link\" style=\"background:#00205b;color:#ffffff;font-size:20px;font-weight:300;border-radius:var(--wpex-rounded-full);\" data-wpex-hover='{&quot;background&quot;:&quot;#ffffff&quot;,&quot;color&quot;:&quot;var(--wpex-accent)&quot;}'><span class=\"vcex-button-inner theme-button-inner\">Contattaci<\/span><\/a><\/div> [\/vc_column][\/vc_row][vc_row full_width=&#8221;stretch_row&#8221; remove_bottom_col_margin=&#8221;true&#8221; css=&#8221;.vc_custom_1701602984749{padding-top: 10% !important;padding-bottom: 10% !important;}&#8221;][vc_column]<style>.vcex-heading.vcex_69f18208d704b{color:#00205b;font-size:38px;font-weight:700;}<\/style><h2 class=\"vcex-heading vcex-heading-plain vcex-module wpex-heading wpex-text-2xl wpex-text-center vcex_69f18208d704b\"><span class=\"vcex-heading-inner wpex-inline-block\">L&apos;unica Aviation Academy in Europa che offre:<\/span><\/h2><div class=\"vcex-spacing wpex-w-100 wpex-clear\"><\/div><style>.vcex-heading.vcex_69f18208d758f{font-weight:300;}<\/style><h3 class=\"vcex-heading vcex-heading-plain vcex-module wpex-heading wpex-text-2xl wpex-text-center vcex_69f18208d758f\"><span class=\"vcex-heading-inner wpex-inline-block\">Programma cadetti <strong>tutto compreso al 100%.<\/strong><\/span><\/h3>[\/vc_column][\/vc_row][vc_row full_width=&#8221;stretch_row&#8221; content_placement=&#8221;middle&#8221; column_spacing=&#8221;60&#8243; remove_bottom_col_margin=&#8221;true&#8221; css=&#8221;.vc_custom_1701602015050{padding-top: 10% !important;padding-bottom: 10% !important;background-color: #001a5a !important;}&#8221;][vc_column width=&#8221;1\/2&#8243;]<style>.vcex-heading.vcex_69f18208d797a{color:#ffffff;font-size:20px;font-weight:700;}<\/style><h2 class=\"vcex-heading vcex-heading-plain vcex-module wpex-heading wpex-text-2xl vcex_69f18208d797a\"><span class=\"vcex-heading-inner wpex-inline-block\">Il programma dei cadetti<\/span><\/h2><style> style=\"height:15px;\"<\/style><div class=\"vcex-spacing wpex-w-100 wpex-clear\" style=\"height:15px;\"><\/div><style>.vcex-heading.vcex_69f18208d7e63{color:#ffffff;font-size:35px;font-weight:700;}<\/style><h3 class=\"vcex-heading vcex-heading-plain vcex-module wpex-heading wpex-text-2xl vcex_69f18208d7e63\"><span class=\"vcex-heading-inner wpex-inline-block\">Con garanzia di lavoro<\/span><\/h3><div class=\"vcex-spacing wpex-w-100 wpex-clear\"><\/div><style>.vcex-bullets.vcex_69f18208d830f .vcex-bullets-icon{color:#12c9e9;}.vcex-bullets.vcex_69f18208d830f{color:#ffffff;}<\/style><div class=\"vcex-module vcex-bullets custom-icon vcex_69f18208d830f\">\n<ul>\n<li><div class=\"vcex-bullets-ci-wrap wpex-inline-flex\"><span class=\"vcex-bullets-icon-wrap vcex-icon-wrap wpex-mr-10\"><span class=\"vcex-bullets-icon vcex-icon ticon ticon-check-circle\" aria-hidden=\"true\"><\/span><\/span><div class=\"vcex-content wpex-flex-grow\">Corso ATPL Integrato<\/div><\/div><\/li>\n<li><div class=\"vcex-bullets-ci-wrap wpex-inline-flex\"><span class=\"vcex-bullets-icon-wrap vcex-icon-wrap wpex-mr-10\"><span class=\"vcex-bullets-icon vcex-icon ticon ticon-check-circle\" aria-hidden=\"true\"><\/span><\/span><div class=\"vcex-content wpex-flex-grow\">Corso Istruttore di Volo<\/div><\/div><\/li>\n<li><div class=\"vcex-bullets-ci-wrap wpex-inline-flex\"><span class=\"vcex-bullets-icon-wrap vcex-icon-wrap wpex-mr-10\"><span class=\"vcex-bullets-icon vcex-icon ticon ticon-check-circle\" aria-hidden=\"true\"><\/span><\/span><div class=\"vcex-content wpex-flex-grow\">Lavoro di istruttore di volo di un anno<\/div><\/div><\/li>\n<\/ul>\n<\/div><style> style=\"height:45px;\"<\/style><div class=\"vcex-spacing wpex-w-100 wpex-clear\" style=\"height:45px;\"><\/div><style>.vcex-flex-container_69f18208d876a{gap:15px;}<\/style><div class=\"vcex-flex-container vcex-module wpex-flex wpex-gap-20 wpex-flex-wrap vcex-flex-container_69f18208d876a\"><style>.vcex-heading.vcex_69f18208d8a3d{color:var(--wpex-on-accent);font-size:22px;font-weight:300;}<\/style><div class=\"vcex-heading vcex-heading-plain vcex-module wpex-heading wpex-text-2xl vcex_69f18208d8a3d\"><span class=\"vcex-heading-inner wpex-inline-block\"><strong>Garanzia di occupazione!<\/strong><br \/>\n<u>600 ore<\/u> di volo<br \/>\nDurata: <u>29 mesi<\/u><\/span><\/div><\/div><style> style=\"height:40px;\"<\/style><div class=\"vcex-spacing wpex-w-100 wpex-clear\" style=\"height:40px;\"><\/div>[\/vc_column][vc_column width=&#8221;1\/2&#8243;]<figure class=\"vcex-image vcex-module textcenter\"><div class=\"vcex-image-inner wpex-relative wpex-inline-block\"><img width=\"753\" height=\"450\" src=\"https:\/\/www.flybyschool.com\/wp-content\/uploads\/2023\/12\/flybycadetprogramimage-753x450-1.png\" class=\"vcex-image-img wpex-align-middle wpex-shadow\" alt=\"\" loading=\"lazy\" decoding=\"async\" srcset=\"https:\/\/www.flybyschool.com\/wp-content\/uploads\/2023\/12\/flybycadetprogramimage-753x450-1.png 753w, https:\/\/www.flybyschool.com\/wp-content\/uploads\/2023\/12\/flybycadetprogramimage-753x450-1-300x179.png 300w\" sizes=\"auto, (max-width: 753px) 100vw, 753px\" \/><\/div><\/figure>[\/vc_column][\/vc_row][vc_row full_width=&#8221;stretch_row&#8221; content_placement=&#8221;middle&#8221; css=&#8221;.vc_custom_1626733007345{padding-top: 100px !important;padding-bottom: 60px !important;background-color: #f7f7f7 !important;}&#8221;][vc_column]<div class=\"vcex-grid-container vcex-module wpex-grid wpex-gap-20 wpex-grid-cols-1 wpex-lg-grid-cols-2\" style=\"gap:30px;\"><div class=\"vcex-module vcex-icon-box vcex-icon-box-two wpex-block wpex-shadow-2xl wpex-p-25 wpex-text-center\" style=\"background-color:#ffffff;border-radius:15px;\"><div class=\"vcex-icon-box-symbol wpex-mb-20\"><img loading=\"lazy\" class=\"vcex-icon-box-image wpex-align-middle\" style=\"width:60px;\" decoding=\"async\" src=\"https:\/\/www.flybyschool.com\/wp-content\/uploads\/2024\/05\/favicon-60x60.png\" alt=\"\" srcset=\"https:\/\/www.flybyschool.com\/wp-content\/uploads\/2024\/05\/favicon-60x60.png 60w, https:\/\/www.flybyschool.com\/wp-content\/uploads\/2024\/05\/favicon-150x150.png 150w, https:\/\/www.flybyschool.com\/wp-content\/uploads\/2024\/05\/favicon-80x80.png 80w, https:\/\/www.flybyschool.com\/wp-content\/uploads\/2024\/05\/favicon.png 255w\" width=\"60\" height=\"60\"><\/div><div class=\"vcex-icon-box-text\"><div class=\"vcex-icon-box-heading wpex-heading\" style=\"font-size:24px;margin-bottom:5px;\">Pacchetto Base<\/div><div class=\"vcex-icon-box-content wpex-last-mb-0 wpex-clr\"><p><span style=\"font-size: 24px\"><strong>Solo 91.400\u20ac!<\/strong><\/span><br \/>\n(Esclusi vitto, alloggio e trasporto.)<\/p>\n<\/div><\/div><\/div><div class=\"vcex-module vcex-icon-box vcex-icon-box-two wpex-block wpex-shadow-2xl wpex-p-25 wpex-text-center\" style=\"background-color:#ffffff;border-radius:15px;\"><div class=\"vcex-icon-box-symbol wpex-mb-20\"><img loading=\"lazy\" class=\"vcex-icon-box-image wpex-align-middle\" style=\"width:60px;\" decoding=\"async\" src=\"https:\/\/www.flybyschool.com\/wp-content\/uploads\/2024\/05\/favicon-60x60.png\" alt=\"\" srcset=\"https:\/\/www.flybyschool.com\/wp-content\/uploads\/2024\/05\/favicon-60x60.png 60w, https:\/\/www.flybyschool.com\/wp-content\/uploads\/2024\/05\/favicon-150x150.png 150w, https:\/\/www.flybyschool.com\/wp-content\/uploads\/2024\/05\/favicon-80x80.png 80w, https:\/\/www.flybyschool.com\/wp-content\/uploads\/2024\/05\/favicon.png 255w\" width=\"60\" height=\"60\"><\/div><div class=\"vcex-icon-box-text\"><div class=\"vcex-icon-box-heading wpex-heading\" style=\"font-size:24px;margin-bottom:5px;\">Prezzo tutto compreso<\/div><div class=\"vcex-icon-box-content wpex-last-mb-0 wpex-clr\"><p><span style=\"font-size: 24px\"><strong>Solo 101.600\u20ac!<\/strong><\/span><\/p>\n<\/div><\/div><\/div><\/div>[\/vc_column][\/vc_row][vc_row css=&#8221;.vc_custom_1716013349049{margin-top: 60px !important;}&#8221;][vc_column]<style>.vcex-heading.vcex_69f18208db467{color:#00205b;font-size:38px;font-weight:700;}<\/style><div class=\"vcex-heading vcex-heading-plain vcex-module wpex-heading wpex-text-2xl wpex-text-center vcex_69f18208db467\"><span class=\"vcex-heading-inner wpex-inline-block\">Cosa comprende il pacchetto all-inclusive?<\/span><\/div><div class=\"vcex-spacing wpex-w-100 wpex-clear\"><\/div><style>.vcex-heading.vcex_69f18208db98e{color:#00205b;font-size:22px;font-weight:700;}<\/style><div class=\"vcex-heading vcex-heading-plain vcex-module wpex-heading wpex-text-2xl vc_custom_1716013497990 vcex_69f18208db98e\"><span class=\"vcex-heading-inner wpex-inline-block\">Fase 1: ATPL integrato<\/span><\/div><div class=\"vcex-module vcex-bullets vcex-bullets-check\">\n<ul>\n<li>Tasse di atterraggio<\/li>\n<li>Alloggio per 14 mesi: stanza privata.<\/li>\n<li>3 pasti al giorno, 7 giorni a settimana.<\/li>\n<li>238 ore di addestramento al volo<\/li>\n<li>812 ore di Formazione in Aula<\/li>\n<li>APS MCC esteso di 40 ore su un Airbus A320<\/li>\n<li>Servizio navetta tra residence e aeroporto.<\/li>\n<li>Materiale di studio della Bristol Ground School o simile.<\/li>\n<li>iPad con materiale didattico<\/li>\n<li>Visita medica iniziale di classe 1<\/li>\n<li>Le 14 tasse d&#8217;esame EASA Ground per gli esami ATPL a Burgos (1 tentativo per materia)<\/li>\n<li>Test di abilit\u00e0 di volo EASA (2 test in totale)<\/li>\n<li>Cuffie<\/li>\n<li>Carte aeronautiche<\/li>\n<li>Accesso alle carte AIP di AENA<\/li>\n<li>Manuale di volo, computer CR3, giornale di bordo e manuale di manovra<\/li>\n<li>Uniforme: 2 pantaloni, 3 camicie, 2 cravatte, 1 maglia<\/li>\n<li>Assicurazione medica di base obbligatoria per gli stranieri (14 mesi)<\/li>\n<li>Commissioni per il rilascio della licenza<\/li>\n<li>Test di conoscenza della lingua inglese ICAO (1 tentativo)<\/li>\n<\/ul>\n<\/div><div class=\"vcex-spacing wpex-w-100 wpex-clear\"><\/div><style>.vcex-heading.vcex_69f18208dc0ad{color:#00205b;font-size:22px;font-weight:700;}<\/style><div class=\"vcex-heading vcex-heading-plain vcex-module wpex-heading wpex-text-2xl vc_custom_1716013517400 vcex_69f18208dc0ad\"><span class=\"vcex-heading-inner wpex-inline-block\">Fase 2: Corso Istruttore di Volo<\/span><\/div><div class=\"vcex-module vcex-bullets vcex-bullets-check\">\n<ul>\n<li>Tasse di atterraggio<\/li>\n<li>Alloggio per 3 mesi: stanza privata<\/li>\n<li>3 pasti al giorno, 7 giorni a settimana.<\/li>\n<li>30 ore di addestramento al volo<\/li>\n<li>130 ore di Formazione in Aula<\/li>\n<li>Servizio navetta tra residence e aeroporto.<\/li>\n<li>Materiale di studio<\/li>\n<li>1 Rinnovo medico di classe 1<\/li>\n<li>Test di abilit\u00e0 di volo EASA (1,5 ore)<\/li>\n<li>Assicurazione medica di base obbligatoria per gli stranieri (3 mesi)<\/li>\n<li>Commissioni per il rilascio della licenza<\/li>\n<\/ul>\n<\/div><div class=\"vcex-spacing wpex-w-100 wpex-clear\"><\/div><style>.vcex-heading.vcex_69f18208dc78c{color:#00205b;font-size:22px;font-weight:700;}<\/style><div class=\"vcex-heading vcex-heading-plain vcex-module wpex-heading wpex-text-2xl vc_custom_1716013527412 vcex_69f18208dc78c\"><span class=\"vcex-heading-inner wpex-inline-block\">Fase 3: lavoro dell&apos;istruttore di volo<\/span><\/div><div class=\"vcex-module vcex-bullets vcex-bullets-check\">\n<ul>\n<li>Contratto FI di 12 mesi (fino al raggiungimento di un minimo di 600 ore di volo)<\/li>\n<li>Minimo 330 ore di volo di istruzione con gli studenti FlyBy<\/li>\n<li>1 Rinnovo medico di classe 1<\/li>\n<\/ul>\n<\/div>[\/vc_column][\/vc_row][vc_row content_placement=&#8221;middle&#8221; css=&#8221;.vc_custom_1715185074339{margin-top: 60px !important;}&#8221; local_scroll_id=&#8221;contacto&#8221;][vc_column width=&#8221;2\/3&#8243;]<style>.vcex-heading.vcex_69f18208dcda1{color:#000080;font-size:43px;font-weight:300;}<\/style><div class=\"vcex-heading vcex-heading-plain vcex-module wpex-heading wpex-text-2xl vcex_69f18208dcda1\"><span class=\"vcex-heading-inner wpex-inline-block\">Contattaci<\/span><\/div><style> style=\"height:20px;\"<\/style><div class=\"vcex-spacing wpex-w-100 wpex-clear\" style=\"height:20px;\"><\/div>[vc_column_text font_size=&#8221;18px&#8221;]Non esitate a contattarci in caso di domande. Risponderemo il prima possibile.[\/vc_column_text]<div class=\"vcex-spacing wpex-w-100 wpex-clear\"><\/div>\n<div class=\"wpcf7 no-js\" id=\"wpcf7-f3017-o1\" lang=\"it-IT\" dir=\"ltr\" data-wpcf7-id=\"3017\">\n<div class=\"screen-reader-response\"><p role=\"status\" aria-live=\"polite\" aria-atomic=\"true\"><\/p> <ul><\/ul><\/div>\n<form action=\"\/it\/wp-json\/wp\/v2\/pages\/2965#wpcf7-f3017-o1\" method=\"post\" class=\"wpcf7-form init\" aria-label=\"Modulo di contatto\" novalidate=\"novalidate\" data-status=\"init\">\n<fieldset class=\"hidden-fields-container\"><input type=\"hidden\" name=\"_wpcf7\" value=\"3017\" \/><input type=\"hidden\" name=\"_wpcf7_version\" value=\"6.1.5\" \/><input type=\"hidden\" name=\"_wpcf7_locale\" value=\"it_IT\" \/><input type=\"hidden\" name=\"_wpcf7_unit_tag\" value=\"wpcf7-f3017-o1\" \/><input type=\"hidden\" name=\"_wpcf7_container_post\" value=\"0\" \/><input type=\"hidden\" name=\"_wpcf7_posted_data_hash\" value=\"\" \/><input type=\"hidden\" name=\"_wpcf7cf_hidden_group_fields\" value=\"[]\" \/><input type=\"hidden\" name=\"_wpcf7cf_hidden_groups\" value=\"[]\" \/><input type=\"hidden\" name=\"_wpcf7cf_visible_groups\" value=\"[]\" \/><input type=\"hidden\" name=\"_wpcf7cf_repeaters\" value=\"[]\" \/><input type=\"hidden\" name=\"_wpcf7cf_steps\" value=\"{}\" \/><input type=\"hidden\" name=\"_wpcf7cf_options\" value=\"{&quot;form_id&quot;:3017,&quot;conditions&quot;:[],&quot;settings&quot;:{&quot;animation&quot;:&quot;yes&quot;,&quot;animation_intime&quot;:200,&quot;animation_outtime&quot;:200,&quot;conditions_ui&quot;:&quot;normal&quot;,&quot;notice_dismissed&quot;:false}}\" \/>\n<\/fieldset>\n<div class=\"wpex-row clr\">\n\t<div class=\"span_1_of_2 col col-1 clr\">\n\t\t<p><span class=\"wpcf7-form-control-wrap\" data-name=\"your-name\"><input size=\"40\" maxlength=\"400\" class=\"wpcf7-form-control wpcf7-text wpcf7-validates-as-required\" aria-required=\"true\" aria-invalid=\"false\" placeholder=\"Nome\" value=\"\" type=\"text\" name=\"your-name\" \/><\/span>\n\t\t<\/p>\n\t<\/div>\n\t<div class=\"span_1_of_2 col clr\">\n\t\t<p><span class=\"wpcf7-form-control-wrap\" data-name=\"your-apellidos\"><input size=\"40\" maxlength=\"400\" class=\"wpcf7-form-control wpcf7-text wpcf7-validates-as-required\" aria-required=\"true\" aria-invalid=\"false\" placeholder=\"Cognome\" value=\"\" type=\"text\" name=\"your-apellidos\" \/><\/span>\n\t\t<\/p>\n\t<\/div>\n<\/div>\n<p><label> <span class=\"wpcf7-form-control-wrap\" data-name=\"your-email\"><input size=\"40\" maxlength=\"400\" class=\"wpcf7-form-control wpcf7-email wpcf7-validates-as-required wpcf7-text wpcf7-validates-as-email\" aria-required=\"true\" aria-invalid=\"false\" placeholder=\"E-mail\" value=\"\" type=\"email\" name=\"your-email\" \/><\/span> <\/label>\n<\/p>\n<div class=\"wpex-row clr\">\n\t<div class=\"span_1_of_2 col col-1 clr\">\n\t\t<p><span class=\"wpcf7-form-control-wrap\" data-name=\"phonetext-799\"><input size=\"40\" class=\"wpcf7-form-control wpcf7-phonetext wpcf7-validates-as-required wpcf7-text wpcf7-validates-as-phonetext\" aria-required=\"true\" aria-invalid=\"false\" value=\"\" type=\"text\" name=\"phonetext-799\" \/><input type=\"hidden\" name=\"phonetext-799-country-code\" class=\"wpcf7-phonetext-country-code\" \/><\/span>\n\t\t<\/p>\n\t<\/div>\n\t<div class=\"span_1_of_2 col clr\">\n\t\t<p><label><span class=\"wpcf7-form-control-wrap\" data-name=\"countrytext-368\"><input size=\"40\" class=\"wpcf7-form-control wpcf7-countrytext wpcf7-validates-as-required wpcf7-text wpcf7-validates-as-countrytext\" aria-required=\"true\" aria-invalid=\"false\" value=\"\" type=\"text\" name=\"countrytext-368\" \/><\/span> <\/label>\n\t\t<\/p>\n\t<\/div>\n<\/div>\n<p><label><span class=\"wpcf7-form-control-wrap\" data-name=\"your-message\"><textarea cols=\"40\" rows=\"10\" maxlength=\"2000\" class=\"wpcf7-form-control wpcf7-textarea wpcf7-validates-as-required\" aria-required=\"true\" aria-invalid=\"false\" placeholder=\"Messaggio\" name=\"your-message\"><\/textarea><\/span> <\/label><br \/>\n<span class=\"wpcf7-form-control-wrap\" data-name=\"acceptance-627\"><span class=\"wpcf7-form-control wpcf7-acceptance\"><span class=\"wpcf7-list-item\"><label><input type=\"checkbox\" name=\"acceptance-627\" value=\"1\" aria-invalid=\"false\" \/><span class=\"wpcf7-list-item-label\"><span style=\"font-weight: bold;\">COMPRENDO E ACCETTO <\/span> il trattamento dei miei dati come descritto e spiegato pi\u00f9 dettagliatamente nella <a rel=\"nofollow\" target=\"_self\" href=\"\/it\/privacy-policy\/\">Privacy Policy<\/a>. (Il tuo rifiuto a concederci l'autorizzazione comporter\u00e0 l'impossibilit\u00e0 di trattare i tuoi dati per la finalit\u00e0 indicata).<\/span><\/label><\/span><\/span><\/span><br \/>\n<input class=\"wpcf7-form-control wpcf7-submit has-spinner\" type=\"submit\" value=\"Inviare\" \/>\n<\/p><div class=\"wpcf7-response-output\" aria-hidden=\"true\"><\/div>\n<\/form>\n<\/div>\n[\/vc_column][vc_column width=&#8221;1\/3&#8243;]<div class=\"vcex-module vcex-icon-box vcex-icon-box-two wpex-block wpex-p-25 wpex-text-center\"><div class=\"vcex-icon-box-symbol wpex-mb-20\"><div class=\"vcex-icon-box-icon wpex-inline-flex wpex-items-center wpex-justify-center wpex-child-inherit-color wpex-text-center wpex-leading-none wpex-text-1\" style=\"font-size:var(--vcex-icon-md);width:100px;height:100px;\"><span class=\"ticon ticon-map-marker\" aria-hidden=\"true\"><\/span><\/div><\/div><div class=\"vcex-icon-box-text\"><div class=\"vcex-icon-box-heading wpex-heading\" style=\"color:#00205b;--wpex-hover-heading-link-color:#00205b;font-size:24px;margin-bottom:5px;\">Indirizzo<\/div><div class=\"vcex-icon-box-content wpex-last-mb-0 wpex-clr\" style=\"color:#474747;font-size:18px;font-weight:300;\"><p>Carretera di Logro\u00f1o, 107<br \/>\n09007 &#8211; Burgos<\/p>\n<\/div><\/div><\/div><div class=\"vcex-spacing wpex-w-100 wpex-clear\"><\/div><div class=\"vcex-module vcex-icon-box vcex-icon-box-two wpex-block wpex-p-25 wpex-text-center\"><div class=\"vcex-icon-box-symbol wpex-mb-20\"><div class=\"vcex-icon-box-icon wpex-inline-flex wpex-items-center wpex-justify-center wpex-child-inherit-color wpex-text-center wpex-leading-none wpex-text-1\" style=\"font-size:var(--vcex-icon-md);width:100px;height:100px;\"><span class=\"ticon ticon-phone\" aria-hidden=\"true\"><\/span><\/div><\/div><div class=\"vcex-icon-box-text\"><div class=\"vcex-icon-box-heading wpex-heading\" style=\"color:#00205b;--wpex-hover-heading-link-color:#00205b;font-size:24px;margin-bottom:5px;\">Telefono<\/div><div class=\"vcex-icon-box-content wpex-last-mb-0 wpex-clr\" style=\"color:#474747;font-size:18px;font-weight:300;\"><p>+34 947 45 55 91<\/p>\n<\/div><\/div><\/div>[\/vc_column][\/vc_row]\n<\/div>","protected":false},"excerpt":{"rendered":"<p>[vc_row full_width=&#8221;stretch_row_content&#8221; content_placement=&#8221;bottom&#8221; full_height=&#8221;yes&#8221; columns_placement=&#8221;bottom&#8221; remove_bottom_col_margin=&#8221;true&#8221; wpex_post_thumbnail_bg=&#8221;true&#8221; css=&#8221;.vc_custom_1717600015694{background-image: url(https:\/\/www.flybyschool.com\/wp-content\/uploads\/2024\/04\/inscribirse-flyby.jpg?id=536) !important;background-position: center !important;background-repeat: no-repeat !important;background-size: cover !important;}&#8221; wpex_bg_position=&#8221;center center&#8221;][vc_column css_animation=&#8221;fadeInLeft&#8221; wpex_featured_bg_image=&#8221;true&#8221; wpex_fixed_bg=&#8221;fixed&#8221; css=&#8221;.vc_custom_1717600026823{background-image: url(https:\/\/www.flybyschool.com\/wp-content\/uploads\/2024\/04\/blue-shapes.png?id=145) !important;background-position: 0 0 !important;background-repeat: no-repeat !important;}&#8221; wpex_bg_size=&#8221;1012px 700px&#8221; wpex_bg_position=&#8221;left bottom&#8221;][\/vc_column][\/vc_row][vc_row full_width=&#8221;stretch_row&#8221; remove_bottom_col_margin=&#8221;true&#8221; css=&#8221;.vc_custom_1701602984749{padding-top: 10% !important;padding-bottom: 10% !important;}&#8221;][vc_column][\/vc_column][\/vc_row][vc_row full_width=&#8221;stretch_row&#8221; content_placement=&#8221;middle&#8221; column_spacing=&#8221;60&#8243; remove_bottom_col_margin=&#8221;true&#8221; css=&#8221;.vc_custom_1701602015050{padding-top: 10% !important;padding-bottom: 10% !important;background-color: #001a5a !important;}&#8221;][vc_column width=&#8221;1\/2&#8243;][\/vc_column][vc_column width=&#8221;1\/2&#8243;][\/vc_column][\/vc_row][vc_row full_width=&#8221;stretch_row&#8221; content_placement=&#8221;middle&#8221;&hellip;<\/p>\n","protected":false},"author":1,"featured_media":0,"parent":0,"menu_order":0,"comment_status":"closed","ping_status":"closed","template":"","meta":{"_joinchat":[],"footnotes":""},"class_list":["post-2965","page","type-page","status-publish","hentry","entry","no-media"],"_links":{"self":[{"href":"https:\/\/www.flybyschool.com\/it\/wp-json\/wp\/v2\/pages\/2965","targetHints":{"allow":["GET"]}}],"collection":[{"href":"https:\/\/www.flybyschool.com\/it\/wp-json\/wp\/v2\/pages"}],"about":[{"href":"https:\/\/www.flybyschool.com\/it\/wp-json\/wp\/v2\/types\/page"}],"author":[{"embeddable":true,"href":"https:\/\/www.flybyschool.com\/it\/wp-json\/wp\/v2\/users\/1"}],"replies":[{"embeddable":true,"href":"https:\/\/www.flybyschool.com\/it\/wp-json\/wp\/v2\/comments?post=2965"}],"version-history":[{"count":17,"href":"https:\/\/www.flybyschool.com\/it\/wp-json\/wp\/v2\/pages\/2965\/revisions"}],"predecessor-version":[{"id":3535,"href":"https:\/\/www.flybyschool.com\/it\/wp-json\/wp\/v2\/pages\/2965\/revisions\/3535"}],"wp:attachment":[{"href":"https:\/\/www.flybyschool.com\/it\/wp-json\/wp\/v2\/media?parent=2965"}],"curies":[{"name":"wp","href":"https:\/\/api.w.org\/{rel}","templated":true}]}}